{"id":6701,"date":"2023-12-13T09:44:12","date_gmt":"2023-12-13T08:44:12","guid":{"rendered":"https:\/\/rotex-metallbauteile.ch\/propos-de-nous\/"},"modified":"2023-12-19T13:27:33","modified_gmt":"2023-12-19T12:27:33","slug":"propos-de-nous","status":"publish","type":"page","link":"https:\/\/rotex-metallbauteile.ch\/fr\/propos-de-nous\/","title":{"rendered":"\u00c0 propos de nous"},"content":{"rendered":"\t\t<div data-elementor-type=\"wp-page\" data-elementor-id=\"6701\" class=\"elementor elementor-6701 elementor-6688\" data-elementor-post-type=\"page\">\n\t\t\t\t\t\t<section class=\"has_ae_slider elementor-section elementor-top-section elementor-element elementor-element-6b2b5f4 elementor-section-full_width elementor-section-height-default elementor-section-height-default ae-bg-gallery-type-default\" data-id=\"6b2b5f4\" data-element_type=\"section\" data-e-type=\"section\">\n\t\t\t\t\t\t<div class=\"elementor-container elementor-column-gap-default\">\n\t\t\t\t\t<div class=\"has_ae_slider elementor-column elementor-col-100 elementor-top-column elementor-element elementor-element-51d5cb6 ae-bg-gallery-type-default\" data-id=\"51d5cb6\" data-element_type=\"column\" data-e-type=\"column\">\n\t\t\t<div class=\"elementor-widget-wrap elementor-element-populated\">\n\t\t\t\t\t\t<div class=\"elementor-element elementor-element-0009ae7 elementor-widget elementor-widget-image\" data-id=\"0009ae7\" data-element_type=\"widget\" data-e-type=\"widget\" data-widget_type=\"image.default\">\n\t\t\t\t<div class=\"elementor-widget-container\">\n\t\t\t\t\t\t\t\t\t\t\t\t\t\t\t<img fetchpriority=\"high\" decoding=\"async\" width=\"2506\" height=\"1128\" src=\"https:\/\/rotex-metallbauteile.ch\/wp-content\/uploads\/Rotex-Metallbauteile-Team-s.jpg\" class=\"attachment-full size-full wp-image-5681\" alt=\"Team Rotex Metallbauteile GmbH\" srcset=\"https:\/\/rotex-metallbauteile.ch\/wp-content\/uploads\/Rotex-Metallbauteile-Team-s.jpg 2506w, https:\/\/rotex-metallbauteile.ch\/wp-content\/uploads\/Rotex-Metallbauteile-Team-s-300x135.jpg 300w, https:\/\/rotex-metallbauteile.ch\/wp-content\/uploads\/Rotex-Metallbauteile-Team-s-1024x461.jpg 1024w, https:\/\/rotex-metallbauteile.ch\/wp-content\/uploads\/Rotex-Metallbauteile-Team-s-768x346.jpg 768w, https:\/\/rotex-metallbauteile.ch\/wp-content\/uploads\/Rotex-Metallbauteile-Team-s-1536x691.jpg 1536w, https:\/\/rotex-metallbauteile.ch\/wp-content\/uploads\/Rotex-Metallbauteile-Team-s-2048x922.jpg 2048w\" sizes=\"(max-width: 2506px) 100vw, 2506px\" \/>\t\t\t\t\t\t\t\t\t\t\t\t\t\t\t<\/div>\n\t\t\t\t<\/div>\n\t\t\t\t\t<\/div>\n\t\t<\/div>\n\t\t\t\t\t<\/div>\n\t\t<\/section>\n\t\t\t\t<section class=\"has_ae_slider elementor-section elementor-top-section elementor-element elementor-element-e48eb0b elementor-section-full_width elementor-section-height-default elementor-section-height-default ae-bg-gallery-type-default\" data-id=\"e48eb0b\" data-element_type=\"section\" data-e-type=\"section\">\n\t\t\t\t\t\t<div class=\"elementor-container elementor-column-gap-default\">\n\t\t\t\t\t<div class=\"has_ae_slider elementor-column elementor-col-100 elementor-top-column elementor-element elementor-element-ac6f3cd ae-bg-gallery-type-default\" data-id=\"ac6f3cd\" data-element_type=\"column\" data-e-type=\"column\">\n\t\t\t<div class=\"elementor-widget-wrap elementor-element-populated\">\n\t\t\t\t\t\t<div class=\"elementor-element elementor-element-aba4cfc elementor-widget elementor-widget-heading\" data-id=\"aba4cfc\" data-element_type=\"widget\" data-e-type=\"widget\" data-widget_type=\"heading.default\">\n\t\t\t\t<div class=\"elementor-widget-container\">\n\t\t\t\t\t<h1 class=\"elementor-heading-title elementor-size-large\">\u00c0 propos de nous<\/h1>\t\t\t\t<\/div>\n\t\t\t\t<\/div>\n\t\t\t\t\t<\/div>\n\t\t<\/div>\n\t\t\t\t\t<\/div>\n\t\t<\/section>\n\t\t\t\t<section class=\"has_ae_slider elementor-section elementor-top-section elementor-element elementor-element-0c90fe8 elementor-section-full_width elementor-section-height-default elementor-section-height-default ae-bg-gallery-type-default\" data-id=\"0c90fe8\" data-element_type=\"section\" data-e-type=\"section\">\n\t\t\t\t\t\t<div class=\"elementor-container elementor-column-gap-default\">\n\t\t\t\t\t<div class=\"has_ae_slider elementor-column elementor-col-66 elementor-top-column elementor-element elementor-element-4699feb ae-bg-gallery-type-default\" data-id=\"4699feb\" data-element_type=\"column\" data-e-type=\"column\">\n\t\t\t<div class=\"elementor-widget-wrap elementor-element-populated\">\n\t\t\t\t\t\t<div class=\"elementor-element elementor-element-8abbb98 elementor-widget elementor-widget-text-editor\" data-id=\"8abbb98\" data-element_type=\"widget\" data-e-type=\"widget\" data-widget_type=\"text-editor.default\">\n\t\t\t\t<div class=\"elementor-widget-container\">\n\t\t\t\t\t\t\t\t\t<div>\n<p>Depuis sa cr\u00e9ation <strong>en 1989,<\/strong> Rotex se caract\u00e9rise par une structure organisationnelle l\u00e9g\u00e8re et des temps de r\u00e9action rapides. L&#8217;accent mis sur des fournisseurs soigneusement s\u00e9lectionn\u00e9s garantit des <strong>normes de qualit\u00e9<\/strong> \u00e9lev\u00e9es pour tous les produits.<\/p>\n<p>Il convient de souligner en particulier <strong> la gamme express de grilles d&#8217;a\u00e9ration, <\/strong>qui offre aux clients des avantages en termes d&#8217;efficacit\u00e9. La production \u00e0 Zuzwil ainsi qu&#8217;une logistique optimis\u00e9e permettent <strong>des d\u00e9lais de livraison<\/strong> <strong>de 10 jours<\/strong> ouvrables au maximum.<\/p>\n<p>Rotex se tient \u00e0 la disposition des personnes int\u00e9ress\u00e9es pour leur fournir de la documentation suppl\u00e9mentaire, des \u00e9chantillons ou <strong>des visites personnelles.<\/strong> L&#8217;\u00e9quipe engag\u00e9e se tient volontiers \u00e0 votre disposition pour vous soutenir dans vos d\u00e9marches.<\/p>\n<\/div>\n\t\t\t\t\t\t\t\t<\/div>\n\t\t\t\t<\/div>\n\t\t\t\t\t<\/div>\n\t\t<\/div>\n\t\t\t\t<div class=\"has_ae_slider elementor-column elementor-col-33 elementor-top-column elementor-element elementor-element-6e0463b ae-bg-gallery-type-default\" data-id=\"6e0463b\" data-element_type=\"column\" data-e-type=\"column\">\n\t\t\t<div class=\"elementor-widget-wrap elementor-element-populated\">\n\t\t\t\t\t\t\t<\/div>\n\t\t<\/div>\n\t\t\t\t\t<\/div>\n\t\t<\/section>\n\t\t\t\t<\/div>\n\t\t","protected":false},"excerpt":{"rendered":"<p>\u00c0 propos de nous Depuis sa cr\u00e9ation en 1989, Rotex se caract\u00e9rise par une structure organisationnelle l\u00e9g\u00e8re et des temps de r\u00e9action rapides. L&#8217;accent mis sur des fournisseurs soigneusement s\u00e9lectionn\u00e9s garantit des normes de qualit\u00e9 \u00e9lev\u00e9es pour tous les produits. Il convient de souligner en particulier la gamme express de grilles d&#8217;a\u00e9ration, qui offre aux &#8230; <a title=\"\u00c0 propos de nous\" class=\"read-more\" href=\"https:\/\/rotex-metallbauteile.ch\/fr\/propos-de-nous\/\" aria-label=\"Read more about \u00c0 propos de nous\">Read more<\/a><\/p>\n","protected":false},"author":3,"featured_media":0,"parent":0,"menu_order":0,"comment_status":"closed","ping_status":"closed","template":"","meta":{"_acf_changed":false,"inline_featured_image":false,"footnotes":""},"class_list":["post-6701","page","type-page","status-publish"],"acf":[],"yoast_head":"<!-- This site is optimized with the Yoast SEO plugin v27.5 - https:\/\/yoast.com\/product\/yoast-seo-wordpress\/ -->\n<title>\u00c0 propos de nous - Rotex Metallbauteile GmbH<\/title>\n<meta name=\"robots\" content=\"index, follow, max-snippet:-1, max-image-preview:large, max-video-preview:-1\" \/>\n<link rel=\"canonical\" href=\"https:\/\/rotex-metallbauteile.ch\/fr\/propos-de-nous\/\" \/>\n<meta property=\"og:locale\" content=\"fr_FR\" \/>\n<meta property=\"og:type\" content=\"article\" \/>\n<meta property=\"og:title\" content=\"\u00c0 propos de nous - Rotex Metallbauteile GmbH\" \/>\n<meta property=\"og:description\" content=\"\u00c0 propos de nous Depuis sa cr\u00e9ation en 1989, Rotex se caract\u00e9rise par une structure organisationnelle l\u00e9g\u00e8re et des temps de r\u00e9action rapides. L&#8217;accent mis sur des fournisseurs soigneusement s\u00e9lectionn\u00e9s garantit des normes de qualit\u00e9 \u00e9lev\u00e9es pour tous les produits. Il convient de souligner en particulier la gamme express de grilles d&#8217;a\u00e9ration, qui offre aux ... Read more\" \/>\n<meta property=\"og:url\" content=\"https:\/\/rotex-metallbauteile.ch\/fr\/propos-de-nous\/\" \/>\n<meta property=\"og:site_name\" content=\"Rotex Metallbauteile GmbH\" \/>\n<meta property=\"article:modified_time\" content=\"2023-12-19T12:27:33+00:00\" \/>\n<meta property=\"og:image\" content=\"https:\/\/rotex-metallbauteile.ch\/wp-content\/uploads\/Rotex-Metallbauteile-Team-s.jpg\" \/>\n<meta name=\"twitter:card\" content=\"summary_large_image\" \/>\n<meta name=\"twitter:label1\" content=\"Est. reading time\" \/>\n\t<meta name=\"twitter:data1\" content=\"1 minute\" \/>\n<script type=\"application\/ld+json\" class=\"yoast-schema-graph\">{\"@context\":\"https:\\\/\\\/schema.org\",\"@graph\":[{\"@type\":\"WebPage\",\"@id\":\"https:\\\/\\\/rotex-metallbauteile.ch\\\/fr\\\/propos-de-nous\\\/\",\"url\":\"https:\\\/\\\/rotex-metallbauteile.ch\\\/fr\\\/propos-de-nous\\\/\",\"name\":\"\u00c0 propos de nous - Rotex Metallbauteile GmbH\",\"isPartOf\":{\"@id\":\"https:\\\/\\\/rotex-metallbauteile.ch\\\/fr\\\/#website\"},\"primaryImageOfPage\":{\"@id\":\"https:\\\/\\\/rotex-metallbauteile.ch\\\/fr\\\/propos-de-nous\\\/#primaryimage\"},\"image\":{\"@id\":\"https:\\\/\\\/rotex-metallbauteile.ch\\\/fr\\\/propos-de-nous\\\/#primaryimage\"},\"thumbnailUrl\":\"https:\\\/\\\/rotex-metallbauteile.ch\\\/wp-content\\\/uploads\\\/Rotex-Metallbauteile-Team-s.jpg\",\"datePublished\":\"2023-12-13T08:44:12+00:00\",\"dateModified\":\"2023-12-19T12:27:33+00:00\",\"breadcrumb\":{\"@id\":\"https:\\\/\\\/rotex-metallbauteile.ch\\\/fr\\\/propos-de-nous\\\/#breadcrumb\"},\"inLanguage\":\"fr-FR\",\"potentialAction\":[{\"@type\":\"ReadAction\",\"target\":[\"https:\\\/\\\/rotex-metallbauteile.ch\\\/fr\\\/propos-de-nous\\\/\"]}]},{\"@type\":\"ImageObject\",\"inLanguage\":\"fr-FR\",\"@id\":\"https:\\\/\\\/rotex-metallbauteile.ch\\\/fr\\\/propos-de-nous\\\/#primaryimage\",\"url\":\"https:\\\/\\\/rotex-metallbauteile.ch\\\/wp-content\\\/uploads\\\/Rotex-Metallbauteile-Team-s.jpg\",\"contentUrl\":\"https:\\\/\\\/rotex-metallbauteile.ch\\\/wp-content\\\/uploads\\\/Rotex-Metallbauteile-Team-s.jpg\"},{\"@type\":\"BreadcrumbList\",\"@id\":\"https:\\\/\\\/rotex-metallbauteile.ch\\\/fr\\\/propos-de-nous\\\/#breadcrumb\",\"itemListElement\":[{\"@type\":\"ListItem\",\"position\":1,\"name\":\"Startseite\",\"item\":\"https:\\\/\\\/rotex-metallbauteile.ch\\\/fr\\\/\"},{\"@type\":\"ListItem\",\"position\":2,\"name\":\"\u00c0 propos de nous\"}]},{\"@type\":\"WebSite\",\"@id\":\"https:\\\/\\\/rotex-metallbauteile.ch\\\/fr\\\/#website\",\"url\":\"https:\\\/\\\/rotex-metallbauteile.ch\\\/fr\\\/\",\"name\":\"Rotex Metallbauteile GmbH\",\"description\":\"\",\"publisher\":{\"@id\":\"https:\\\/\\\/rotex-metallbauteile.ch\\\/fr\\\/#organization\"},\"potentialAction\":[{\"@type\":\"SearchAction\",\"target\":{\"@type\":\"EntryPoint\",\"urlTemplate\":\"https:\\\/\\\/rotex-metallbauteile.ch\\\/fr\\\/?s={search_term_string}\"},\"query-input\":{\"@type\":\"PropertyValueSpecification\",\"valueRequired\":true,\"valueName\":\"search_term_string\"}}],\"inLanguage\":\"fr-FR\"},{\"@type\":\"Organization\",\"@id\":\"https:\\\/\\\/rotex-metallbauteile.ch\\\/fr\\\/#organization\",\"name\":\"Rotex Metallbauteile GmbH\",\"url\":\"https:\\\/\\\/rotex-metallbauteile.ch\\\/fr\\\/\",\"logo\":{\"@type\":\"ImageObject\",\"inLanguage\":\"fr-FR\",\"@id\":\"https:\\\/\\\/rotex-metallbauteile.ch\\\/fr\\\/#\\\/schema\\\/logo\\\/image\\\/\",\"url\":\"https:\\\/\\\/rotex-metallbauteile.ch\\\/wp-content\\\/uploads\\\/logo_ohne_redbar.png\",\"contentUrl\":\"https:\\\/\\\/rotex-metallbauteile.ch\\\/wp-content\\\/uploads\\\/logo_ohne_redbar.png\",\"width\":409,\"height\":126,\"caption\":\"Rotex Metallbauteile GmbH\"},\"image\":{\"@id\":\"https:\\\/\\\/rotex-metallbauteile.ch\\\/fr\\\/#\\\/schema\\\/logo\\\/image\\\/\"},\"sameAs\":[\"https:\\\/\\\/www.linkedin.com\\\/company\\\/rotex-metallbauteile\\\/\"]}]}<\/script>\n<!-- \/ Yoast SEO plugin. -->","yoast_head_json":{"title":"\u00c0 propos de nous - Rotex Metallbauteile GmbH","robots":{"index":"index","follow":"follow","max-snippet":"max-snippet:-1","max-image-preview":"max-image-preview:large","max-video-preview":"max-video-preview:-1"},"canonical":"https:\/\/rotex-metallbauteile.ch\/fr\/propos-de-nous\/","og_locale":"fr_FR","og_type":"article","og_title":"\u00c0 propos de nous - Rotex Metallbauteile GmbH","og_description":"\u00c0 propos de nous Depuis sa cr\u00e9ation en 1989, Rotex se caract\u00e9rise par une structure organisationnelle l\u00e9g\u00e8re et des temps de r\u00e9action rapides. L&#8217;accent mis sur des fournisseurs soigneusement s\u00e9lectionn\u00e9s garantit des normes de qualit\u00e9 \u00e9lev\u00e9es pour tous les produits. Il convient de souligner en particulier la gamme express de grilles d&#8217;a\u00e9ration, qui offre aux ... Read more","og_url":"https:\/\/rotex-metallbauteile.ch\/fr\/propos-de-nous\/","og_site_name":"Rotex Metallbauteile GmbH","article_modified_time":"2023-12-19T12:27:33+00:00","og_image":[{"url":"https:\/\/rotex-metallbauteile.ch\/wp-content\/uploads\/Rotex-Metallbauteile-Team-s.jpg","type":"","width":"","height":""}],"twitter_card":"summary_large_image","twitter_misc":{"Est. reading time":"1 minute"},"schema":{"@context":"https:\/\/schema.org","@graph":[{"@type":"WebPage","@id":"https:\/\/rotex-metallbauteile.ch\/fr\/propos-de-nous\/","url":"https:\/\/rotex-metallbauteile.ch\/fr\/propos-de-nous\/","name":"\u00c0 propos de nous - Rotex Metallbauteile GmbH","isPartOf":{"@id":"https:\/\/rotex-metallbauteile.ch\/fr\/#website"},"primaryImageOfPage":{"@id":"https:\/\/rotex-metallbauteile.ch\/fr\/propos-de-nous\/#primaryimage"},"image":{"@id":"https:\/\/rotex-metallbauteile.ch\/fr\/propos-de-nous\/#primaryimage"},"thumbnailUrl":"https:\/\/rotex-metallbauteile.ch\/wp-content\/uploads\/Rotex-Metallbauteile-Team-s.jpg","datePublished":"2023-12-13T08:44:12+00:00","dateModified":"2023-12-19T12:27:33+00:00","breadcrumb":{"@id":"https:\/\/rotex-metallbauteile.ch\/fr\/propos-de-nous\/#breadcrumb"},"inLanguage":"fr-FR","potentialAction":[{"@type":"ReadAction","target":["https:\/\/rotex-metallbauteile.ch\/fr\/propos-de-nous\/"]}]},{"@type":"ImageObject","inLanguage":"fr-FR","@id":"https:\/\/rotex-metallbauteile.ch\/fr\/propos-de-nous\/#primaryimage","url":"https:\/\/rotex-metallbauteile.ch\/wp-content\/uploads\/Rotex-Metallbauteile-Team-s.jpg","contentUrl":"https:\/\/rotex-metallbauteile.ch\/wp-content\/uploads\/Rotex-Metallbauteile-Team-s.jpg"},{"@type":"BreadcrumbList","@id":"https:\/\/rotex-metallbauteile.ch\/fr\/propos-de-nous\/#breadcrumb","itemListElement":[{"@type":"ListItem","position":1,"name":"Startseite","item":"https:\/\/rotex-metallbauteile.ch\/fr\/"},{"@type":"ListItem","position":2,"name":"\u00c0 propos de nous"}]},{"@type":"WebSite","@id":"https:\/\/rotex-metallbauteile.ch\/fr\/#website","url":"https:\/\/rotex-metallbauteile.ch\/fr\/","name":"Rotex Metallbauteile GmbH","description":"","publisher":{"@id":"https:\/\/rotex-metallbauteile.ch\/fr\/#organization"},"potentialAction":[{"@type":"SearchAction","target":{"@type":"EntryPoint","urlTemplate":"https:\/\/rotex-metallbauteile.ch\/fr\/?s={search_term_string}"},"query-input":{"@type":"PropertyValueSpecification","valueRequired":true,"valueName":"search_term_string"}}],"inLanguage":"fr-FR"},{"@type":"Organization","@id":"https:\/\/rotex-metallbauteile.ch\/fr\/#organization","name":"Rotex Metallbauteile GmbH","url":"https:\/\/rotex-metallbauteile.ch\/fr\/","logo":{"@type":"ImageObject","inLanguage":"fr-FR","@id":"https:\/\/rotex-metallbauteile.ch\/fr\/#\/schema\/logo\/image\/","url":"https:\/\/rotex-metallbauteile.ch\/wp-content\/uploads\/logo_ohne_redbar.png","contentUrl":"https:\/\/rotex-metallbauteile.ch\/wp-content\/uploads\/logo_ohne_redbar.png","width":409,"height":126,"caption":"Rotex Metallbauteile GmbH"},"image":{"@id":"https:\/\/rotex-metallbauteile.ch\/fr\/#\/schema\/logo\/image\/"},"sameAs":["https:\/\/www.linkedin.com\/company\/rotex-metallbauteile\/"]}]}},"_links":{"self":[{"href":"https:\/\/rotex-metallbauteile.ch\/fr\/wp-json\/wp\/v2\/pages\/6701","targetHints":{"allow":["GET"]}}],"collection":[{"href":"https:\/\/rotex-metallbauteile.ch\/fr\/wp-json\/wp\/v2\/pages"}],"about":[{"href":"https:\/\/rotex-metallbauteile.ch\/fr\/wp-json\/wp\/v2\/types\/page"}],"author":[{"embeddable":true,"href":"https:\/\/rotex-metallbauteile.ch\/fr\/wp-json\/wp\/v2\/users\/3"}],"replies":[{"embeddable":true,"href":"https:\/\/rotex-metallbauteile.ch\/fr\/wp-json\/wp\/v2\/comments?post=6701"}],"version-history":[{"count":0,"href":"https:\/\/rotex-metallbauteile.ch\/fr\/wp-json\/wp\/v2\/pages\/6701\/revisions"}],"wp:attachment":[{"href":"https:\/\/rotex-metallbauteile.ch\/fr\/wp-json\/wp\/v2\/media?parent=6701"}],"curies":[{"name":"wp","href":"https:\/\/api.w.org\/{rel}","templated":true}]}}