{"id":4361,"date":"2022-05-11T08:51:17","date_gmt":"2022-05-11T06:51:17","guid":{"rendered":"https:\/\/rotex-metallbauteile.ch\/prv-garde-corps-du-lotissement-pappelweg\/"},"modified":"2026-02-24T09:26:40","modified_gmt":"2026-02-24T08:26:40","slug":"prv-garde-corps-du-lotissement-pappelweg","status":"publish","type":"page","link":"https:\/\/rotex-metallbauteile.ch\/fr\/prv-garde-corps-du-lotissement-pappelweg\/","title":{"rendered":"PRV Garde-corps du lotissement Pappelweg"},"content":{"rendered":"\t\t<div data-elementor-type=\"wp-page\" data-elementor-id=\"4361\" class=\"elementor elementor-4361 elementor-2842\" data-elementor-post-type=\"page\">\n\t\t\t\t\t\t<section class=\"has_ae_slider elementor-section elementor-top-section elementor-element elementor-element-c584999 elementor-section-full_width elementor-reverse-mobile elementor-section-height-default elementor-section-height-default ae-bg-gallery-type-default\" data-id=\"c584999\" data-element_type=\"section\" data-e-type=\"section\">\n\t\t\t\t\t\t<div class=\"elementor-container elementor-column-gap-default\">\n\t\t\t\t\t<div class=\"has_ae_slider elementor-column elementor-col-66 elementor-top-column elementor-element elementor-element-ff284a9 ae-bg-gallery-type-default\" data-id=\"ff284a9\" data-element_type=\"column\" data-e-type=\"column\">\n\t\t\t<div class=\"elementor-widget-wrap elementor-element-populated\">\n\t\t\t\t\t\t<div class=\"elementor-element elementor-element-9bc1033 elementor-widget elementor-widget-heading\" data-id=\"9bc1033\" data-element_type=\"widget\" data-e-type=\"widget\" data-widget_type=\"heading.default\">\n\t\t\t\t<div class=\"elementor-widget-container\">\n\t\t\t\t\t<h1 class=\"elementor-heading-title elementor-size-large\">PRV Garde-corps du lotissement Pappelweg<\/h1>\t\t\t\t<\/div>\n\t\t\t\t<\/div>\n\t\t\t\t\t<\/div>\n\t\t<\/div>\n\t\t\t\t<div class=\"has_ae_slider elementor-column elementor-col-33 elementor-top-column elementor-element elementor-element-716115e ae-bg-gallery-type-default\" data-id=\"716115e\" data-element_type=\"column\" data-e-type=\"column\">\n\t\t\t<div class=\"elementor-widget-wrap elementor-element-populated\">\n\t\t\t\t<div class=\"has_ae_slider elementor-element elementor-element-61f9812 e-grid e-con-boxed ae-bg-gallery-type-default e-con e-parent\" data-id=\"61f9812\" data-element_type=\"container\" data-e-type=\"container\">\n\t\t\t\t\t<div class=\"e-con-inner\">\n\t\t\t\t<div class=\"elementor-element elementor-element-b5eed86 elementor-align-justify elementor-widget elementor-widget-button\" data-id=\"b5eed86\" data-element_type=\"widget\" data-e-type=\"widget\" data-widget_type=\"button.default\">\n\t\t\t\t<div class=\"elementor-widget-container\">\n\t\t\t\t\t\t\t\t\t<div class=\"elementor-button-wrapper\">\n\t\t\t\t\t<a class=\"elementor-button elementor-button-link elementor-size-sm\" href=\"https:\/\/rotex-metallbauteile.ch\/fr\/galerie-dinspiration\/\">\n\t\t\t\t\t\t<span class=\"elementor-button-content-wrapper\">\n\t\t\t\t\t\t\t\t\t<span class=\"elementor-button-text\">Aper\u00e7u<\/span>\n\t\t\t\t\t<\/span>\n\t\t\t\t\t<\/a>\n\t\t\t\t<\/div>\n\t\t\t\t\t\t\t\t<\/div>\n\t\t\t\t<\/div>\n\t\t\t\t<div class=\"elementor-element elementor-element-3be8f7d elementor-align-justify elementor-widget elementor-widget-button\" data-id=\"3be8f7d\" data-element_type=\"widget\" data-e-type=\"widget\" data-widget_type=\"button.default\">\n\t\t\t\t<div class=\"elementor-widget-container\">\n\t\t\t\t\t\t\t\t\t<div class=\"elementor-button-wrapper\">\n\t\t\t\t\t<a class=\"elementor-button elementor-button-link elementor-size-sm\" href=\"https:\/\/rotex-metallbauteile.ch\/fr\/centre-de-formation-de-glattbrugg\/\">\n\t\t\t\t\t\t<span class=\"elementor-button-content-wrapper\">\n\t\t\t\t\t\t<span class=\"elementor-button-icon\">\n\t\t\t\t<i aria-hidden=\"true\" class=\"fas fa-arrow-right\"><\/i>\t\t\t<\/span>\n\t\t\t\t\t\t\t\t\t<span class=\"elementor-button-text\">Prochain<\/span>\n\t\t\t\t\t<\/span>\n\t\t\t\t\t<\/a>\n\t\t\t\t<\/div>\n\t\t\t\t\t\t\t\t<\/div>\n\t\t\t\t<\/div>\n\t\t\t\t\t<\/div>\n\t\t\t\t<\/div>\n\t\t\t\t\t<\/div>\n\t\t<\/div>\n\t\t\t\t\t<\/div>\n\t\t<\/section>\n\t\t\t\t<section class=\"has_ae_slider elementor-section elementor-top-section elementor-element elementor-element-81f1159 elementor-section-full_width elementor-section-height-default elementor-section-height-default ae-bg-gallery-type-default\" data-id=\"81f1159\" data-element_type=\"section\" data-e-type=\"section\">\n\t\t\t\t\t\t<div class=\"elementor-container elementor-column-gap-default\">\n\t\t\t\t\t<div class=\"has_ae_slider elementor-column elementor-col-66 elementor-top-column elementor-element elementor-element-afabe18 ae-bg-gallery-type-default\" data-id=\"afabe18\" data-element_type=\"column\" data-e-type=\"column\">\n\t\t\t<div class=\"elementor-widget-wrap elementor-element-populated\">\n\t\t\t\t\t\t<div class=\"elementor-element elementor-element-bf8d312 elementor-widget elementor-widget-text-editor\" data-id=\"bf8d312\" data-element_type=\"widget\" data-e-type=\"widget\" data-widget_type=\"text-editor.default\">\n\t\t\t\t<div class=\"elementor-widget-container\">\n\t\t\t\t\t\t\t\t\t<p><strong>Projet :<br><\/strong>Immeuble de rapport Pappelweg, Islikon<\/p><p><strong>Produit :<br><\/strong><a href=\"https:\/\/rotex-metallbauteile.ch\/fr\/kunststoff-roste\/\">Grilles<\/a> en PRV, en couleur<\/p><p><strong>Situation initiale :<br><\/strong>Le m\u00e9tallier charg\u00e9 de l&#8217;ex\u00e9cution nous a demand\u00e9 une offre comparative pour le remplissage des garde-corps. Le plastique color\u00e9 par rapport aux remplissages m\u00e9talliques peints devait se traduire \u00e0 long terme par un avantage de prix.<\/p><p><strong>Mise en \u0153uvre :<br><\/strong>Le prix \u00e9tait convaincant pour le ma\u00eetre d&#8217;ouvrage. En collaboration avec l&#8217;architecte, nous avons r\u00e9alis\u00e9 plusieurs \u00e9chantillons de couleurs avec diff\u00e9rents translucides afin d&#8217;obtenir une int\u00e9gration parfaite dans l&#8217;environnement.<\/p><p><strong>R\u00e9sultat :<br><\/strong>Gr\u00e2ce \u00e0 la finesse de la couleur des caillebotis en PRV, la municipalit\u00e9 ainsi que le ma\u00eetre d&#8217;ouvrage exigeant ont \u00e9t\u00e9 convaincus par le concept plastique. Gr\u00e2ce \u00e0 la fabrication sur mesure, le constructeur m\u00e9tallique a pu monter les remplissages de balustrades rapidement et \u00e0 moindre co\u00fbt. Pour Rotex, la livraison dans les d\u00e9lais ainsi que la livraison par balcon sont une \u00e9vidence.<\/p><p><strong>Voici ce qu&#8217;en pense l&#8217;architecte :<br><\/strong>&#8220;En tant qu&#8217;architectes, le r\u00e9sultat nous convient et nous sommes absolument convaincus par cette variante de grille alternative. M\u00eame l&#8217;\u00e9cho des propri\u00e9taires un peu plus conservateurs est tout \u00e0 fait positif. C&#8217;est donc un projet r\u00e9ussi sur tous les plans&#8221;.<\/p>\t\t\t\t\t\t\t\t<\/div>\n\t\t\t\t<\/div>\n\t\t\t\t\t<\/div>\n\t\t<\/div>\n\t\t\t\t<div class=\"has_ae_slider elementor-column elementor-col-33 elementor-top-column elementor-element elementor-element-6ebd3ef ae-bg-gallery-type-default\" data-id=\"6ebd3ef\" data-element_type=\"column\" data-e-type=\"column\">\n\t\t\t<div class=\"elementor-widget-wrap elementor-element-populated\">\n\t\t\t\t\t\t<div class=\"elementor-element elementor-element-1b1b639 elementor-widget elementor-widget-image\" data-id=\"1b1b639\" data-element_type=\"widget\" data-e-type=\"widget\" data-widget_type=\"image.default\">\n\t\t\t\t<div class=\"elementor-widget-container\">\n\t\t\t\t\t\t\t\t\t\t\t\t\t\t\t<img fetchpriority=\"high\" decoding=\"async\" width=\"600\" height=\"450\" src=\"https:\/\/rotex-metallbauteile.ch\/wp-content\/uploads\/gfk-gelaender-1.jpg\" class=\"attachment-full size-full wp-image-3718\" alt=\"GFK Gel\u00e4nder \u00dcberbauung Pappelweg\" srcset=\"https:\/\/rotex-metallbauteile.ch\/wp-content\/uploads\/gfk-gelaender-1.jpg 600w, https:\/\/rotex-metallbauteile.ch\/wp-content\/uploads\/gfk-gelaender-1-300x225.jpg 300w\" sizes=\"(max-width: 600px) 100vw, 600px\" \/>\t\t\t\t\t\t\t\t\t\t\t\t\t\t\t<\/div>\n\t\t\t\t<\/div>\n\t\t\t\t\t<\/div>\n\t\t<\/div>\n\t\t\t\t\t<\/div>\n\t\t<\/section>\n\t\t\t\t<section class=\"has_ae_slider elementor-section elementor-top-section elementor-element elementor-element-24ca4ac elementor-section-full_width elementor-section-height-default elementor-section-height-default ae-bg-gallery-type-default\" data-id=\"24ca4ac\" data-element_type=\"section\" data-e-type=\"section\">\n\t\t\t\t\t\t<div class=\"elementor-container elementor-column-gap-default\">\n\t\t\t\t\t<div class=\"has_ae_slider elementor-column elementor-col-100 elementor-top-column elementor-element elementor-element-588090a ae-bg-gallery-type-default\" data-id=\"588090a\" data-element_type=\"column\" data-e-type=\"column\">\n\t\t\t<div class=\"elementor-widget-wrap elementor-element-populated\">\n\t\t\t\t\t\t<div class=\"elementor-element elementor-element-1644ead bdt-navigation-type-arrows elementor-widget elementor-widget-bdt-advanced-image-gallery\" data-id=\"1644ead\" data-element_type=\"widget\" data-e-type=\"widget\" data-widget_type=\"bdt-advanced-image-gallery.bdt-carousel\">\n\t\t\t\t<div class=\"elementor-widget-container\">\n\t\t\t\t\t\t\t<div class=\" bdt-arrows-align-center \" data-bdt-slider=\"{&quot;autoplay&quot;:true,&quot;autoplay-interval&quot;:7000,&quot;finite&quot;:false,&quot;pause-on-hover&quot;:true,&quot;center&quot;:false,&quot;sets&quot;:false}\">\r\n\t\t\t<div id=\"bdt-avdg-1644ead\" class=\"bdt-ep-advanced-image-gallery bdt-ep-advanced-image-gallery-skin-carousel bdt-grid bdt-grid-small bdt-slider-items bdt-child-width-1-1 bdt-child-width-1-3@s bdt-child-width-1-3@m\" data-bdt-grid=\"\" data-bdt-lightbox=\"animation: slide\" data-settings=\"{&quot;id&quot;:&quot;#bdt-avdg-1644ead&quot;,&quot;tiltShow&quot;:false}\">\r\n\t\t\t\t\t\t\r\n\t\t\t<div class=\"bdt-ep-advanced-image-gallery-item bdt-transition-toggle\">\r\n\t\t\t\t<div class=\"bdt-ep-advanced-image-gallery-inner bdt-image-mask\">\r\n\t\t\t\t\t<div class=\"bdt-ep-advanced-image-gallery-thumbnail bdt-transition-toggle\">\n\t\t\t<img decoding=\"async\"  src=\"https:\/\/rotex-metallbauteile.ch\/wp-content\/uploads\/gfk-gelaender-2.jpg\" alt=\"Gr\u00fcne GFK Gel\u00e4nder \u00dcberbauung Pappelweg\" class=\"jgalleryImage\">\n\t\t<\/div>\t\t<div class=\"bdt-position-cover bdt-overlay bdt-overlay-default bdt-transition-fade\">\n\t\t\t<div class=\"bdt-ep-advanced-image-gallery-content\">\n\t\t\t\t<div class=\"bdt-ep-advanced-image-gallery-content-inner\">\n\n\t\t\t\t\t\t\t\t\t\t\t\t\t\t\t\t<div class=\"bdt-flex-inline bdt-ep-advanced-image-gallery-item-link-wrapper\">\n\t\t\t\t\t\t\t<a class=\"bdt-ep-advanced-image-gallery-item-link elementor-clickable icon-type-icon\" data-elementor-open-lightbox=\"no\" data-caption=\"\" href=\"https:\/\/rotex-metallbauteile.ch\/wp-content\/uploads\/gfk-gelaender-2.jpg\">\n\t\t\t\t\t\t\t\t\n\t\t\t\t\t\t\t\t\t\t\t\t\t\t\t\t\t\t\t<span>\n\t\t\t\t\t\t\t\t\t\t\t<i class=\"ep-icon-plus-2\"><\/i>\n\t\t\t\t\t\t\t\t\t\t<\/span>\n\t\t\t\t\t\t\t\t\t\n\t\t\t\t\t\t\t\t\t\t\t\t\t\t\t<\/a>\n\t\t\t\t\t\t<\/div>\n\t\t\t\t\t\n\t\t\t\t\t\t\t\t\t<\/div>\n\t\t\t<\/div>\n\t\t<\/div>\n\t\t\t\t\t\t<\/div>\r\n\r\n\t\t\t\t\t\t\t<\/div>\r\n\r\n\t\t\t\t\t\t\r\n\t\t\t<div class=\"bdt-ep-advanced-image-gallery-item bdt-transition-toggle\">\r\n\t\t\t\t<div class=\"bdt-ep-advanced-image-gallery-inner bdt-image-mask\">\r\n\t\t\t\t\t<div class=\"bdt-ep-advanced-image-gallery-thumbnail bdt-transition-toggle\">\n\t\t\t<img decoding=\"async\"  src=\"https:\/\/rotex-metallbauteile.ch\/wp-content\/uploads\/gfk-gelaender-3.jpg\" alt=\"GFK Gel\u00e4nder \u00dcberbauung Pappelweg front\" class=\"jgalleryImage\">\n\t\t<\/div>\t\t<div class=\"bdt-position-cover bdt-overlay bdt-overlay-default bdt-transition-fade\">\n\t\t\t<div class=\"bdt-ep-advanced-image-gallery-content\">\n\t\t\t\t<div class=\"bdt-ep-advanced-image-gallery-content-inner\">\n\n\t\t\t\t\t\t\t\t\t\t\t\t\t\t\t\t<div class=\"bdt-flex-inline bdt-ep-advanced-image-gallery-item-link-wrapper\">\n\t\t\t\t\t\t\t<a class=\"bdt-ep-advanced-image-gallery-item-link elementor-clickable icon-type-icon\" data-elementor-open-lightbox=\"no\" data-caption=\"\" href=\"https:\/\/rotex-metallbauteile.ch\/wp-content\/uploads\/gfk-gelaender-3.jpg\">\n\t\t\t\t\t\t\t\t\n\t\t\t\t\t\t\t\t\t\t\t\t\t\t\t\t\t\t\t<span>\n\t\t\t\t\t\t\t\t\t\t\t<i class=\"ep-icon-plus-2\"><\/i>\n\t\t\t\t\t\t\t\t\t\t<\/span>\n\t\t\t\t\t\t\t\t\t\n\t\t\t\t\t\t\t\t\t\t\t\t\t\t\t<\/a>\n\t\t\t\t\t\t<\/div>\n\t\t\t\t\t\n\t\t\t\t\t\t\t\t\t<\/div>\n\t\t\t<\/div>\n\t\t<\/div>\n\t\t\t\t\t\t<\/div>\r\n\r\n\t\t\t\t\t\t\t<\/div>\r\n\r\n\t\t\t\t\t\t\r\n\t\t\t<div class=\"bdt-ep-advanced-image-gallery-item bdt-transition-toggle\">\r\n\t\t\t\t<div class=\"bdt-ep-advanced-image-gallery-inner bdt-image-mask\">\r\n\t\t\t\t\t<div class=\"bdt-ep-advanced-image-gallery-thumbnail bdt-transition-toggle\">\n\t\t\t<img decoding=\"async\"  src=\"https:\/\/rotex-metallbauteile.ch\/wp-content\/uploads\/gfk-gelaender-4.jpg\" alt=\"GFK Gel\u00e4nder \u00dcberbauung Pappelweg Seite\" class=\"jgalleryImage\">\n\t\t<\/div>\t\t<div class=\"bdt-position-cover bdt-overlay bdt-overlay-default bdt-transition-fade\">\n\t\t\t<div class=\"bdt-ep-advanced-image-gallery-content\">\n\t\t\t\t<div class=\"bdt-ep-advanced-image-gallery-content-inner\">\n\n\t\t\t\t\t\t\t\t\t\t\t\t\t\t\t\t<div class=\"bdt-flex-inline bdt-ep-advanced-image-gallery-item-link-wrapper\">\n\t\t\t\t\t\t\t<a class=\"bdt-ep-advanced-image-gallery-item-link elementor-clickable icon-type-icon\" data-elementor-open-lightbox=\"no\" data-caption=\"\" href=\"https:\/\/rotex-metallbauteile.ch\/wp-content\/uploads\/gfk-gelaender-4.jpg\">\n\t\t\t\t\t\t\t\t\n\t\t\t\t\t\t\t\t\t\t\t\t\t\t\t\t\t\t\t<span>\n\t\t\t\t\t\t\t\t\t\t\t<i class=\"ep-icon-plus-2\"><\/i>\n\t\t\t\t\t\t\t\t\t\t<\/span>\n\t\t\t\t\t\t\t\t\t\n\t\t\t\t\t\t\t\t\t\t\t\t\t\t\t<\/a>\n\t\t\t\t\t\t<\/div>\n\t\t\t\t\t\n\t\t\t\t\t\t\t\t\t<\/div>\n\t\t\t<\/div>\n\t\t<\/div>\n\t\t\t\t\t\t<\/div>\r\n\r\n\t\t\t\t\t\t\t<\/div>\r\n\r\n\t\t\t\t<\/div>\r\n\t\t\t\t\t\t\t<div class=\"bdt-position-z-index bdt-position-center bdt-visible@m\">\r\n\t\t\t<div class=\"bdt-arrows-container bdt-slidenav-container\">\r\n\t\t\t\t<a href=\"\" class=\"bdt-navigation-prev bdt-slidenav-previous bdt-slidenav\" data-bdt-slider-item=\"previous\">\r\n\t\t\t\t\t<i class=\"ep-icon-arrow-left-5\" aria-hidden=\"true\"><\/i>\r\n\t\t\t\t<\/a>\r\n\t\t\t\t<a href=\"\" class=\"bdt-navigation-next bdt-slidenav-next bdt-slidenav\" data-bdt-slider-item=\"next\">\r\n\t\t\t\t\t<i class=\"ep-icon-arrow-right-5\" aria-hidden=\"true\"><\/i>\r\n\t\t\t\t<\/a>\r\n\t\t\t<\/div>\r\n\t\t<\/div>\r\n\t\t\t\t\t<\/div>\r\n\t\t\t\t\t<\/div>\n\t\t\t\t<\/div>\n\t\t\t\t\t<\/div>\n\t\t<\/div>\n\t\t\t\t\t<\/div>\n\t\t<\/section>\n\t\t\t\t<\/div>\n\t\t","protected":false},"excerpt":{"rendered":"<p>PRV Garde-corps du lotissement Pappelweg Aper\u00e7u Prochain Projet :Immeuble de rapport Pappelweg, Islikon Produit :Grilles en PRV, en couleur Situation initiale :Le m\u00e9tallier charg\u00e9 de l&#8217;ex\u00e9cution nous a demand\u00e9 une offre comparative pour le remplissage des garde-corps. Le plastique color\u00e9 par rapport aux remplissages m\u00e9talliques peints devait se traduire \u00e0 long terme par un avantage &#8230; <a title=\"PRV Garde-corps du lotissement Pappelweg\" class=\"read-more\" href=\"https:\/\/rotex-metallbauteile.ch\/fr\/prv-garde-corps-du-lotissement-pappelweg\/\" aria-label=\"Read more about PRV Garde-corps du lotissement Pappelweg\">Read more<\/a><\/p>\n","protected":false},"author":2,"featured_media":0,"parent":0,"menu_order":0,"comment_status":"closed","ping_status":"closed","template":"","meta":{"_acf_changed":false,"inline_featured_image":false,"footnotes":""},"class_list":["post-4361","page","type-page","status-publish"],"acf":[],"yoast_head":"<!-- This site is optimized with the Yoast SEO plugin v27.5 - https:\/\/yoast.com\/product\/yoast-seo-wordpress\/ -->\n<title>PRV Garde-corps du lotissement Pappelweg - Rotex Metallbauteile GmbH<\/title>\n<meta name=\"robots\" content=\"index, follow, max-snippet:-1, max-image-preview:large, max-video-preview:-1\" \/>\n<link rel=\"canonical\" href=\"https:\/\/rotex-metallbauteile.ch\/fr\/prv-garde-corps-du-lotissement-pappelweg\/\" \/>\n<meta property=\"og:locale\" content=\"fr_FR\" \/>\n<meta property=\"og:type\" content=\"article\" \/>\n<meta property=\"og:title\" content=\"PRV Garde-corps du lotissement Pappelweg - Rotex Metallbauteile GmbH\" \/>\n<meta property=\"og:description\" content=\"PRV Garde-corps du lotissement Pappelweg Aper\u00e7u Prochain Projet :Immeuble de rapport Pappelweg, Islikon Produit :Grilles en PRV, en couleur Situation initiale :Le m\u00e9tallier charg\u00e9 de l&#8217;ex\u00e9cution nous a demand\u00e9 une offre comparative pour le remplissage des garde-corps. Le plastique color\u00e9 par rapport aux remplissages m\u00e9talliques peints devait se traduire \u00e0 long terme par un avantage ... Read more\" \/>\n<meta property=\"og:url\" content=\"https:\/\/rotex-metallbauteile.ch\/fr\/prv-garde-corps-du-lotissement-pappelweg\/\" \/>\n<meta property=\"og:site_name\" content=\"Rotex Metallbauteile GmbH\" \/>\n<meta property=\"article:modified_time\" content=\"2026-02-24T08:26:40+00:00\" \/>\n<meta property=\"og:image\" content=\"https:\/\/rotex-metallbauteile.ch\/wp-content\/uploads\/gfk-gelaender-1.jpg\" \/>\n<meta name=\"twitter:card\" content=\"summary_large_image\" \/>\n<meta name=\"twitter:label1\" content=\"Est. reading time\" \/>\n\t<meta name=\"twitter:data1\" content=\"1 minute\" \/>\n<script type=\"application\/ld+json\" class=\"yoast-schema-graph\">{\"@context\":\"https:\\\/\\\/schema.org\",\"@graph\":[{\"@type\":\"WebPage\",\"@id\":\"https:\\\/\\\/rotex-metallbauteile.ch\\\/fr\\\/prv-garde-corps-du-lotissement-pappelweg\\\/\",\"url\":\"https:\\\/\\\/rotex-metallbauteile.ch\\\/fr\\\/prv-garde-corps-du-lotissement-pappelweg\\\/\",\"name\":\"PRV Garde-corps du lotissement Pappelweg - Rotex Metallbauteile GmbH\",\"isPartOf\":{\"@id\":\"https:\\\/\\\/rotex-metallbauteile.ch\\\/fr\\\/#website\"},\"primaryImageOfPage\":{\"@id\":\"https:\\\/\\\/rotex-metallbauteile.ch\\\/fr\\\/prv-garde-corps-du-lotissement-pappelweg\\\/#primaryimage\"},\"image\":{\"@id\":\"https:\\\/\\\/rotex-metallbauteile.ch\\\/fr\\\/prv-garde-corps-du-lotissement-pappelweg\\\/#primaryimage\"},\"thumbnailUrl\":\"https:\\\/\\\/rotex-metallbauteile.ch\\\/wp-content\\\/uploads\\\/gfk-gelaender-1.jpg\",\"datePublished\":\"2022-05-11T06:51:17+00:00\",\"dateModified\":\"2026-02-24T08:26:40+00:00\",\"breadcrumb\":{\"@id\":\"https:\\\/\\\/rotex-metallbauteile.ch\\\/fr\\\/prv-garde-corps-du-lotissement-pappelweg\\\/#breadcrumb\"},\"inLanguage\":\"fr-FR\",\"potentialAction\":[{\"@type\":\"ReadAction\",\"target\":[\"https:\\\/\\\/rotex-metallbauteile.ch\\\/fr\\\/prv-garde-corps-du-lotissement-pappelweg\\\/\"]}]},{\"@type\":\"ImageObject\",\"inLanguage\":\"fr-FR\",\"@id\":\"https:\\\/\\\/rotex-metallbauteile.ch\\\/fr\\\/prv-garde-corps-du-lotissement-pappelweg\\\/#primaryimage\",\"url\":\"https:\\\/\\\/rotex-metallbauteile.ch\\\/wp-content\\\/uploads\\\/gfk-gelaender-1.jpg\",\"contentUrl\":\"https:\\\/\\\/rotex-metallbauteile.ch\\\/wp-content\\\/uploads\\\/gfk-gelaender-1.jpg\"},{\"@type\":\"BreadcrumbList\",\"@id\":\"https:\\\/\\\/rotex-metallbauteile.ch\\\/fr\\\/prv-garde-corps-du-lotissement-pappelweg\\\/#breadcrumb\",\"itemListElement\":[{\"@type\":\"ListItem\",\"position\":1,\"name\":\"Startseite\",\"item\":\"https:\\\/\\\/rotex-metallbauteile.ch\\\/fr\\\/\"},{\"@type\":\"ListItem\",\"position\":2,\"name\":\"PRV Garde-corps du lotissement Pappelweg\"}]},{\"@type\":\"WebSite\",\"@id\":\"https:\\\/\\\/rotex-metallbauteile.ch\\\/fr\\\/#website\",\"url\":\"https:\\\/\\\/rotex-metallbauteile.ch\\\/fr\\\/\",\"name\":\"Rotex Metallbauteile GmbH\",\"description\":\"\",\"publisher\":{\"@id\":\"https:\\\/\\\/rotex-metallbauteile.ch\\\/fr\\\/#organization\"},\"potentialAction\":[{\"@type\":\"SearchAction\",\"target\":{\"@type\":\"EntryPoint\",\"urlTemplate\":\"https:\\\/\\\/rotex-metallbauteile.ch\\\/fr\\\/?s={search_term_string}\"},\"query-input\":{\"@type\":\"PropertyValueSpecification\",\"valueRequired\":true,\"valueName\":\"search_term_string\"}}],\"inLanguage\":\"fr-FR\"},{\"@type\":\"Organization\",\"@id\":\"https:\\\/\\\/rotex-metallbauteile.ch\\\/fr\\\/#organization\",\"name\":\"Rotex Metallbauteile GmbH\",\"url\":\"https:\\\/\\\/rotex-metallbauteile.ch\\\/fr\\\/\",\"logo\":{\"@type\":\"ImageObject\",\"inLanguage\":\"fr-FR\",\"@id\":\"https:\\\/\\\/rotex-metallbauteile.ch\\\/fr\\\/#\\\/schema\\\/logo\\\/image\\\/\",\"url\":\"https:\\\/\\\/rotex-metallbauteile.ch\\\/wp-content\\\/uploads\\\/logo_ohne_redbar.png\",\"contentUrl\":\"https:\\\/\\\/rotex-metallbauteile.ch\\\/wp-content\\\/uploads\\\/logo_ohne_redbar.png\",\"width\":409,\"height\":126,\"caption\":\"Rotex Metallbauteile GmbH\"},\"image\":{\"@id\":\"https:\\\/\\\/rotex-metallbauteile.ch\\\/fr\\\/#\\\/schema\\\/logo\\\/image\\\/\"},\"sameAs\":[\"https:\\\/\\\/www.linkedin.com\\\/company\\\/rotex-metallbauteile\\\/\"]}]}<\/script>\n<!-- \/ Yoast SEO plugin. -->","yoast_head_json":{"title":"PRV Garde-corps du lotissement Pappelweg - Rotex Metallbauteile GmbH","robots":{"index":"index","follow":"follow","max-snippet":"max-snippet:-1","max-image-preview":"max-image-preview:large","max-video-preview":"max-video-preview:-1"},"canonical":"https:\/\/rotex-metallbauteile.ch\/fr\/prv-garde-corps-du-lotissement-pappelweg\/","og_locale":"fr_FR","og_type":"article","og_title":"PRV Garde-corps du lotissement Pappelweg - Rotex Metallbauteile GmbH","og_description":"PRV Garde-corps du lotissement Pappelweg Aper\u00e7u Prochain Projet :Immeuble de rapport Pappelweg, Islikon Produit :Grilles en PRV, en couleur Situation initiale :Le m\u00e9tallier charg\u00e9 de l&#8217;ex\u00e9cution nous a demand\u00e9 une offre comparative pour le remplissage des garde-corps. Le plastique color\u00e9 par rapport aux remplissages m\u00e9talliques peints devait se traduire \u00e0 long terme par un avantage ... Read more","og_url":"https:\/\/rotex-metallbauteile.ch\/fr\/prv-garde-corps-du-lotissement-pappelweg\/","og_site_name":"Rotex Metallbauteile GmbH","article_modified_time":"2026-02-24T08:26:40+00:00","og_image":[{"url":"https:\/\/rotex-metallbauteile.ch\/wp-content\/uploads\/gfk-gelaender-1.jpg","type":"","width":"","height":""}],"twitter_card":"summary_large_image","twitter_misc":{"Est. reading time":"1 minute"},"schema":{"@context":"https:\/\/schema.org","@graph":[{"@type":"WebPage","@id":"https:\/\/rotex-metallbauteile.ch\/fr\/prv-garde-corps-du-lotissement-pappelweg\/","url":"https:\/\/rotex-metallbauteile.ch\/fr\/prv-garde-corps-du-lotissement-pappelweg\/","name":"PRV Garde-corps du lotissement Pappelweg - Rotex Metallbauteile GmbH","isPartOf":{"@id":"https:\/\/rotex-metallbauteile.ch\/fr\/#website"},"primaryImageOfPage":{"@id":"https:\/\/rotex-metallbauteile.ch\/fr\/prv-garde-corps-du-lotissement-pappelweg\/#primaryimage"},"image":{"@id":"https:\/\/rotex-metallbauteile.ch\/fr\/prv-garde-corps-du-lotissement-pappelweg\/#primaryimage"},"thumbnailUrl":"https:\/\/rotex-metallbauteile.ch\/wp-content\/uploads\/gfk-gelaender-1.jpg","datePublished":"2022-05-11T06:51:17+00:00","dateModified":"2026-02-24T08:26:40+00:00","breadcrumb":{"@id":"https:\/\/rotex-metallbauteile.ch\/fr\/prv-garde-corps-du-lotissement-pappelweg\/#breadcrumb"},"inLanguage":"fr-FR","potentialAction":[{"@type":"ReadAction","target":["https:\/\/rotex-metallbauteile.ch\/fr\/prv-garde-corps-du-lotissement-pappelweg\/"]}]},{"@type":"ImageObject","inLanguage":"fr-FR","@id":"https:\/\/rotex-metallbauteile.ch\/fr\/prv-garde-corps-du-lotissement-pappelweg\/#primaryimage","url":"https:\/\/rotex-metallbauteile.ch\/wp-content\/uploads\/gfk-gelaender-1.jpg","contentUrl":"https:\/\/rotex-metallbauteile.ch\/wp-content\/uploads\/gfk-gelaender-1.jpg"},{"@type":"BreadcrumbList","@id":"https:\/\/rotex-metallbauteile.ch\/fr\/prv-garde-corps-du-lotissement-pappelweg\/#breadcrumb","itemListElement":[{"@type":"ListItem","position":1,"name":"Startseite","item":"https:\/\/rotex-metallbauteile.ch\/fr\/"},{"@type":"ListItem","position":2,"name":"PRV Garde-corps du lotissement Pappelweg"}]},{"@type":"WebSite","@id":"https:\/\/rotex-metallbauteile.ch\/fr\/#website","url":"https:\/\/rotex-metallbauteile.ch\/fr\/","name":"Rotex Metallbauteile GmbH","description":"","publisher":{"@id":"https:\/\/rotex-metallbauteile.ch\/fr\/#organization"},"potentialAction":[{"@type":"SearchAction","target":{"@type":"EntryPoint","urlTemplate":"https:\/\/rotex-metallbauteile.ch\/fr\/?s={search_term_string}"},"query-input":{"@type":"PropertyValueSpecification","valueRequired":true,"valueName":"search_term_string"}}],"inLanguage":"fr-FR"},{"@type":"Organization","@id":"https:\/\/rotex-metallbauteile.ch\/fr\/#organization","name":"Rotex Metallbauteile GmbH","url":"https:\/\/rotex-metallbauteile.ch\/fr\/","logo":{"@type":"ImageObject","inLanguage":"fr-FR","@id":"https:\/\/rotex-metallbauteile.ch\/fr\/#\/schema\/logo\/image\/","url":"https:\/\/rotex-metallbauteile.ch\/wp-content\/uploads\/logo_ohne_redbar.png","contentUrl":"https:\/\/rotex-metallbauteile.ch\/wp-content\/uploads\/logo_ohne_redbar.png","width":409,"height":126,"caption":"Rotex Metallbauteile GmbH"},"image":{"@id":"https:\/\/rotex-metallbauteile.ch\/fr\/#\/schema\/logo\/image\/"},"sameAs":["https:\/\/www.linkedin.com\/company\/rotex-metallbauteile\/"]}]}},"_links":{"self":[{"href":"https:\/\/rotex-metallbauteile.ch\/fr\/wp-json\/wp\/v2\/pages\/4361","targetHints":{"allow":["GET"]}}],"collection":[{"href":"https:\/\/rotex-metallbauteile.ch\/fr\/wp-json\/wp\/v2\/pages"}],"about":[{"href":"https:\/\/rotex-metallbauteile.ch\/fr\/wp-json\/wp\/v2\/types\/page"}],"author":[{"embeddable":true,"href":"https:\/\/rotex-metallbauteile.ch\/fr\/wp-json\/wp\/v2\/users\/2"}],"replies":[{"embeddable":true,"href":"https:\/\/rotex-metallbauteile.ch\/fr\/wp-json\/wp\/v2\/comments?post=4361"}],"version-history":[{"count":0,"href":"https:\/\/rotex-metallbauteile.ch\/fr\/wp-json\/wp\/v2\/pages\/4361\/revisions"}],"wp:attachment":[{"href":"https:\/\/rotex-metallbauteile.ch\/fr\/wp-json\/wp\/v2\/media?parent=4361"}],"curies":[{"name":"wp","href":"https:\/\/api.w.org\/{rel}","templated":true}]}}