{"id":4305,"date":"2022-05-10T12:20:43","date_gmt":"2022-05-10T10:20:43","guid":{"rendered":"https:\/\/rotex-metallbauteile.ch\/profils-de-croisillons\/"},"modified":"2022-06-01T12:49:06","modified_gmt":"2022-06-01T10:49:06","slug":"profils-de-croisillons","status":"publish","type":"page","link":"https:\/\/rotex-metallbauteile.ch\/fr\/profils-de-croisillons\/","title":{"rendered":"Profil\u00e9s d&#8217;\u00e9chelons"},"content":{"rendered":"\t\t<div data-elementor-type=\"wp-page\" data-elementor-id=\"4305\" class=\"elementor elementor-4305 elementor-174\" data-elementor-post-type=\"page\">\n\t\t\t\t\t\t<section class=\"has_ae_slider elementor-section elementor-top-section elementor-element elementor-element-ef4e8d9 elementor-section-full_width elementor-section-height-default elementor-section-height-default ae-bg-gallery-type-default\" data-id=\"ef4e8d9\" data-element_type=\"section\" data-e-type=\"section\">\n\t\t\t\t\t\t<div class=\"elementor-container elementor-column-gap-default\">\n\t\t\t\t\t<div class=\"has_ae_slider elementor-column elementor-col-100 elementor-top-column elementor-element elementor-element-71edf4d ae-bg-gallery-type-default\" data-id=\"71edf4d\" data-element_type=\"column\" data-e-type=\"column\">\n\t\t\t<div class=\"elementor-widget-wrap elementor-element-populated\">\n\t\t\t\t\t\t<div class=\"elementor-element elementor-element-7566ef48 elementor-widget elementor-widget-heading\" data-id=\"7566ef48\" data-element_type=\"widget\" data-e-type=\"widget\" data-widget_type=\"heading.default\">\n\t\t\t\t<div class=\"elementor-widget-container\">\n\t\t\t\t\t<h2 class=\"elementor-heading-title elementor-size-default\">Profil\u00e9s d'\u00e9chelons<\/h2>\t\t\t\t<\/div>\n\t\t\t\t<\/div>\n\t\t\t\t\t<\/div>\n\t\t<\/div>\n\t\t\t\t\t<\/div>\n\t\t<\/section>\n\t\t\t\t<section class=\"has_ae_slider elementor-section elementor-top-section elementor-element elementor-element-2de18e0b elementor-section-full_width elementor-section-height-default elementor-section-height-default ae-bg-gallery-type-default\" data-id=\"2de18e0b\" data-element_type=\"section\" data-e-type=\"section\">\n\t\t\t\t\t\t<div class=\"elementor-container elementor-column-gap-default\">\n\t\t\t\t\t<div class=\"has_ae_slider elementor-column elementor-col-66 elementor-top-column elementor-element elementor-element-20ec26f9 ae-bg-gallery-type-default\" data-id=\"20ec26f9\" data-element_type=\"column\" data-e-type=\"column\">\n\t\t\t<div class=\"elementor-widget-wrap elementor-element-populated\">\n\t\t\t\t\t\t<div class=\"elementor-element elementor-element-511463ff elementor-widget elementor-widget-text-editor\" data-id=\"511463ff\" data-element_type=\"widget\" data-e-type=\"widget\" data-widget_type=\"text-editor.default\">\n\t\t\t\t<div class=\"elementor-widget-container\">\n\t\t\t\t\t\t\t\t\t<p><strong>U Profil\u00e9 \u00e0 croisillons (largeur : 30mm)<\/strong><\/p><p>Profil\u00e9 en U avec un sch\u00e9ma de perforation optimis\u00e9. La double rang\u00e9e de perforations est avanc\u00e9e jusqu\u2019aux bords et offre une s\u00e9curit\u00e9 maximale contre le pi\u00e9tinement. Disponible en barres d\u2019environ 2 m\u00e8tres. \u26a0\ufe0e Prix \u00e0 partir de 10 m\u00e8tres courants \u26a0\ufe0e<\/p>\t\t\t\t\t\t\t\t<\/div>\n\t\t\t\t<\/div>\n\t\t\t\t<div class=\"elementor-element elementor-element-876f66f elementor-widget elementor-widget-text-editor\" data-id=\"876f66f\" data-element_type=\"widget\" data-e-type=\"widget\" data-widget_type=\"text-editor.default\">\n\t\t\t\t<div class=\"elementor-widget-container\">\n\t\t\t\t\t\t\t\t\t<table><tbody><tr><th>Dimensions en mm<\/th><th>Mat\u00e9riau<\/th><th>N\u00b0 de comm.<\/th><th>CHF par m\u00e8tre courant<\/th><\/tr><tr><td rowspan=\"3\">30x32x2<\/td><td>Acier, brut<\/td><td>USTR30<\/td><td><strong>19.50<\/strong><\/td><\/tr><tr><td>Acier inoxydable V2a<\/td><td>UV2A30<\/td><td><strong>sur demande<\/strong><\/td><\/tr><tr><td>Acier inoxydable V4a R\u00e9f.<\/td><td>UV4A30<\/td><td><strong>sur demande <\/strong><\/td><\/tr><\/tbody><\/table>\t\t\t\t\t\t\t\t<\/div>\n\t\t\t\t<\/div>\n\t\t\t\t\t<\/div>\n\t\t<\/div>\n\t\t\t\t<div class=\"has_ae_slider elementor-column elementor-col-33 elementor-top-column elementor-element elementor-element-f70415f ae-bg-gallery-type-default\" data-id=\"f70415f\" data-element_type=\"column\" data-e-type=\"column\">\n\t\t\t<div class=\"elementor-widget-wrap elementor-element-populated\">\n\t\t\t\t\t\t<div class=\"elementor-element elementor-element-287280a elementor-widget elementor-widget-image\" data-id=\"287280a\" data-element_type=\"widget\" data-e-type=\"widget\" data-widget_type=\"image.default\">\n\t\t\t\t<div class=\"elementor-widget-container\">\n\t\t\t\t\t\t\t\t\t\t\t\t\t\t\t<img fetchpriority=\"high\" decoding=\"async\" width=\"250\" height=\"250\" src=\"https:\/\/rotex-metallbauteile.ch\/wp-content\/uploads\/profil-loch-seite.jpg\" class=\"attachment-full size-full wp-image-3558\" alt=\"Sprossenprofil Lochseite\" srcset=\"https:\/\/rotex-metallbauteile.ch\/wp-content\/uploads\/profil-loch-seite.jpg 250w, https:\/\/rotex-metallbauteile.ch\/wp-content\/uploads\/profil-loch-seite-150x150.jpg 150w\" sizes=\"(max-width: 250px) 100vw, 250px\" \/>\t\t\t\t\t\t\t\t\t\t\t\t\t\t\t<\/div>\n\t\t\t\t<\/div>\n\t\t\t\t\t<\/div>\n\t\t<\/div>\n\t\t\t\t\t<\/div>\n\t\t<\/section>\n\t\t\t\t<section class=\"has_ae_slider elementor-section elementor-top-section elementor-element elementor-element-7a7aed4 elementor-section-full_width elementor-section-height-default elementor-section-height-default ae-bg-gallery-type-default\" data-id=\"7a7aed4\" data-element_type=\"section\" data-e-type=\"section\">\n\t\t\t\t\t\t<div class=\"elementor-container elementor-column-gap-default\">\n\t\t\t\t\t<div class=\"has_ae_slider elementor-column elementor-col-100 elementor-top-column elementor-element elementor-element-8ba8b4c ae-bg-gallery-type-default\" data-id=\"8ba8b4c\" data-element_type=\"column\" data-e-type=\"column\">\n\t\t\t<div class=\"elementor-widget-wrap elementor-element-populated\">\n\t\t\t\t\t\t<div class=\"elementor-element elementor-element-71684f0 elementor-widget-divider--view-line elementor-widget elementor-widget-divider\" data-id=\"71684f0\" data-element_type=\"widget\" data-e-type=\"widget\" data-widget_type=\"divider.default\">\n\t\t\t\t<div class=\"elementor-widget-container\">\n\t\t\t\t\t\t\t<div class=\"elementor-divider\">\n\t\t\t<span class=\"elementor-divider-separator\">\n\t\t\t\t\t\t<\/span>\n\t\t<\/div>\n\t\t\t\t\t\t<\/div>\n\t\t\t\t<\/div>\n\t\t\t\t\t<\/div>\n\t\t<\/div>\n\t\t\t\t\t<\/div>\n\t\t<\/section>\n\t\t\t\t<section class=\"has_ae_slider elementor-section elementor-top-section elementor-element elementor-element-5bdf7b6 elementor-section-full_width elementor-section-height-default elementor-section-height-default ae-bg-gallery-type-default\" data-id=\"5bdf7b6\" data-element_type=\"section\" data-e-type=\"section\">\n\t\t\t\t\t\t<div class=\"elementor-container elementor-column-gap-default\">\n\t\t\t\t\t<div class=\"has_ae_slider elementor-column elementor-col-66 elementor-top-column elementor-element elementor-element-1e978c3 ae-bg-gallery-type-default\" data-id=\"1e978c3\" data-element_type=\"column\" data-e-type=\"column\">\n\t\t\t<div class=\"elementor-widget-wrap elementor-element-populated\">\n\t\t\t\t\t\t<div class=\"elementor-element elementor-element-71a5866 elementor-widget elementor-widget-text-editor\" data-id=\"71a5866\" data-element_type=\"widget\" data-e-type=\"widget\" data-widget_type=\"text-editor.default\">\n\t\t\t\t<div class=\"elementor-widget-container\">\n\t\t\t\t\t\t\t\t\t<p><strong>U Profil\u00e9 \u00e0 croisillons (largeur : 50mm)<\/strong><\/p><p>Profil\u00e9 en U avec un sch\u00e9ma de perforation optimis\u00e9. La perforation est avanc\u00e9e jusqu\u2019aux bords et offre une s\u00e9curit\u00e9 maximale contre le pi\u00e9tinement. Acier inoxydable : en barres de 3 m\u00e8tres. \u26a0\ufe0e Prix \u00e0 partir de 10 m\u00e8tres courants \u26a0\ufe0e<\/p>\t\t\t\t\t\t\t\t<\/div>\n\t\t\t\t<\/div>\n\t\t\t\t<div class=\"elementor-element elementor-element-af8e898 elementor-widget elementor-widget-text-editor\" data-id=\"af8e898\" data-element_type=\"widget\" data-e-type=\"widget\" data-widget_type=\"text-editor.default\">\n\t\t\t\t<div class=\"elementor-widget-container\">\n\t\t\t\t\t\t\t\t\t<table><tbody><tr><th>Dimensions en mm<\/th><th>Mat\u00e9riau<\/th><th>N\u00b0 de comm.<\/th><th>CHF par m\u00e8tre courant<\/th><\/tr><tr><td rowspan=\"3\">50x32x2<\/td><td>Acier, brut<\/td><td>USTR50<\/td><td><strong>20.80<\/strong><\/td><\/tr><tr><td>Acier inoxydable V2a<\/td><td>UV2A50<\/td><td><strong>sur demande <\/strong><\/td><\/tr><tr><td>Acier inoxydable V2a<\/td><td>UV2A50<\/td><td><strong> sur demande <\/strong><\/td><\/tr><\/tbody><\/table>\t\t\t\t\t\t\t\t<\/div>\n\t\t\t\t<\/div>\n\t\t\t\t\t<\/div>\n\t\t<\/div>\n\t\t\t\t<div class=\"has_ae_slider elementor-column elementor-col-33 elementor-top-column elementor-element elementor-element-17c2e39 ae-bg-gallery-type-default\" data-id=\"17c2e39\" data-element_type=\"column\" data-e-type=\"column\">\n\t\t\t<div class=\"elementor-widget-wrap elementor-element-populated\">\n\t\t\t\t\t\t<div class=\"elementor-element elementor-element-3be3510 elementor-widget elementor-widget-image\" data-id=\"3be3510\" data-element_type=\"widget\" data-e-type=\"widget\" data-widget_type=\"image.default\">\n\t\t\t\t<div class=\"elementor-widget-container\">\n\t\t\t\t\t\t\t\t\t\t\t\t\t\t\t<img decoding=\"async\" width=\"250\" height=\"250\" src=\"https:\/\/rotex-metallbauteile.ch\/wp-content\/uploads\/profil-loch-2-seite.jpg\" class=\"attachment-full size-full wp-image-3559\" alt=\"Sprossenprofil Lochseite\" srcset=\"https:\/\/rotex-metallbauteile.ch\/wp-content\/uploads\/profil-loch-2-seite.jpg 250w, https:\/\/rotex-metallbauteile.ch\/wp-content\/uploads\/profil-loch-2-seite-150x150.jpg 150w\" sizes=\"(max-width: 250px) 100vw, 250px\" \/>\t\t\t\t\t\t\t\t\t\t\t\t\t\t\t<\/div>\n\t\t\t\t<\/div>\n\t\t\t\t\t<\/div>\n\t\t<\/div>\n\t\t\t\t\t<\/div>\n\t\t<\/section>\n\t\t\t\t<section class=\"has_ae_slider elementor-section elementor-top-section elementor-element elementor-element-388ace3 elementor-section-full_width elementor-section-height-default elementor-section-height-default ae-bg-gallery-type-default\" data-id=\"388ace3\" data-element_type=\"section\" data-e-type=\"section\">\n\t\t\t\t\t\t<div class=\"elementor-container elementor-column-gap-default\">\n\t\t\t\t\t<div class=\"has_ae_slider elementor-column elementor-col-100 elementor-top-column elementor-element elementor-element-6ccd0eb ae-bg-gallery-type-default\" data-id=\"6ccd0eb\" data-element_type=\"column\" data-e-type=\"column\">\n\t\t\t<div class=\"elementor-widget-wrap elementor-element-populated\">\n\t\t\t\t\t\t<div class=\"elementor-element elementor-element-b25ad1c elementor-widget-divider--view-line elementor-widget elementor-widget-divider\" data-id=\"b25ad1c\" data-element_type=\"widget\" data-e-type=\"widget\" data-widget_type=\"divider.default\">\n\t\t\t\t<div class=\"elementor-widget-container\">\n\t\t\t\t\t\t\t<div class=\"elementor-divider\">\n\t\t\t<span class=\"elementor-divider-separator\">\n\t\t\t\t\t\t<\/span>\n\t\t<\/div>\n\t\t\t\t\t\t<\/div>\n\t\t\t\t<\/div>\n\t\t\t\t\t<\/div>\n\t\t<\/div>\n\t\t\t\t\t<\/div>\n\t\t<\/section>\n\t\t\t\t<section class=\"has_ae_slider elementor-section elementor-top-section elementor-element elementor-element-896ab13 elementor-section-full_width elementor-section-height-default elementor-section-height-default ae-bg-gallery-type-default\" data-id=\"896ab13\" data-element_type=\"section\" data-e-type=\"section\">\n\t\t\t\t\t\t<div class=\"elementor-container elementor-column-gap-default\">\n\t\t\t\t\t<div class=\"has_ae_slider elementor-column elementor-col-66 elementor-top-column elementor-element elementor-element-dfff171 ae-bg-gallery-type-default\" data-id=\"dfff171\" data-element_type=\"column\" data-e-type=\"column\">\n\t\t\t<div class=\"elementor-widget-wrap elementor-element-populated\">\n\t\t\t\t\t\t<div class=\"elementor-element elementor-element-8c131fb elementor-widget elementor-widget-text-editor\" data-id=\"8c131fb\" data-element_type=\"widget\" data-e-type=\"widget\" data-widget_type=\"text-editor.default\">\n\t\t\t\t<div class=\"elementor-widget-container\">\n\t\t\t\t\t\t\t\t\t<p><strong>Profil\u00e9 \u00e0 croisillons carr\u00e9<\/strong><\/p><p>Profil\u00e9 tubulaire avec rainures longitudinales antid\u00e9rapantes sur deux c\u00f4t\u00e9s oppos\u00e9s. Facilit\u00e9 de pr\u00e9hension gr\u00e2ce aux bords arrondis. Disponible en barres d\u2019environ 3 m\u00e8tres. \u26a0\ufe0e Prix \u00e0 partir de 10 m\u00e8tres courants \u26a0\ufe0e<\/p>\t\t\t\t\t\t\t\t<\/div>\n\t\t\t\t<\/div>\n\t\t\t\t<div class=\"elementor-element elementor-element-55019c0 elementor-widget elementor-widget-text-editor\" data-id=\"55019c0\" data-element_type=\"widget\" data-e-type=\"widget\" data-widget_type=\"text-editor.default\">\n\t\t\t\t<div class=\"elementor-widget-container\">\n\t\t\t\t\t\t\t\t\t<table><tbody><tr><th>Dimensions en mm<\/th><th>Mat\u00e9riau<\/th><th>N\u00b0 de comm.<\/th><th>CHF par m\u00e8tre courant<\/th><\/tr><tr><td rowspan=\"3\">25x25x1.5<\/td><td>Acier, brut<\/td><td>4KTSTR25<\/td><td><strong>29.50<\/strong><\/td><\/tr><tr><td>Acier inoxydable V4a<\/td><td>4KTV4A25<\/td><td><strong>108.-<\/strong><\/td><\/tr><\/tbody><\/table>\t\t\t\t\t\t\t\t<\/div>\n\t\t\t\t<\/div>\n\t\t\t\t\t<\/div>\n\t\t<\/div>\n\t\t\t\t<div class=\"has_ae_slider elementor-column elementor-col-33 elementor-top-column elementor-element elementor-element-dbf97a0 ae-bg-gallery-type-default\" data-id=\"dbf97a0\" data-element_type=\"column\" data-e-type=\"column\">\n\t\t\t<div class=\"elementor-widget-wrap elementor-element-populated\">\n\t\t\t\t\t\t<div class=\"elementor-element elementor-element-f1aef6f elementor-widget elementor-widget-image\" data-id=\"f1aef6f\" data-element_type=\"widget\" data-e-type=\"widget\" data-widget_type=\"image.default\">\n\t\t\t\t<div class=\"elementor-widget-container\">\n\t\t\t\t\t\t\t\t\t\t\t\t\t\t\t<img decoding=\"async\" width=\"250\" height=\"250\" src=\"https:\/\/rotex-metallbauteile.ch\/wp-content\/uploads\/profil-laengsriefen-seite.jpg\" class=\"attachment-full size-full wp-image-3560\" alt=\"Sprossenprofil L\u00e4ngsriefen\" srcset=\"https:\/\/rotex-metallbauteile.ch\/wp-content\/uploads\/profil-laengsriefen-seite.jpg 250w, https:\/\/rotex-metallbauteile.ch\/wp-content\/uploads\/profil-laengsriefen-seite-150x150.jpg 150w\" sizes=\"(max-width: 250px) 100vw, 250px\" \/>\t\t\t\t\t\t\t\t\t\t\t\t\t\t\t<\/div>\n\t\t\t\t<\/div>\n\t\t\t\t\t<\/div>\n\t\t<\/div>\n\t\t\t\t\t<\/div>\n\t\t<\/section>\n\t\t\t\t<\/div>\n\t\t","protected":false},"excerpt":{"rendered":"<p>Profil\u00e9s d&#8217;\u00e9chelons U Profil\u00e9 \u00e0 croisillons (largeur : 30mm) Profil\u00e9 en U avec un sch\u00e9ma de perforation optimis\u00e9. La double rang\u00e9e de perforations est avanc\u00e9e jusqu\u2019aux bords et offre une s\u00e9curit\u00e9 maximale contre le pi\u00e9tinement. Disponible en barres d\u2019environ 2 m\u00e8tres. \u26a0\ufe0e Prix \u00e0 partir de 10 m\u00e8tres courants \u26a0\ufe0e Dimensions en mm Mat\u00e9riau N\u00b0 &#8230; <a title=\"Profil\u00e9s d&#8217;\u00e9chelons\" class=\"read-more\" href=\"https:\/\/rotex-metallbauteile.ch\/fr\/profils-de-croisillons\/\" aria-label=\"Read more about Profil\u00e9s d&#8217;\u00e9chelons\">Read more<\/a><\/p>\n","protected":false},"author":1,"featured_media":0,"parent":0,"menu_order":0,"comment_status":"closed","ping_status":"closed","template":"","meta":{"_acf_changed":false,"inline_featured_image":false,"footnotes":""},"class_list":["post-4305","page","type-page","status-publish"],"acf":[],"yoast_head":"<!-- This site is optimized with the Yoast SEO plugin v27.5 - https:\/\/yoast.com\/product\/yoast-seo-wordpress\/ -->\n<title>Profil\u00e9s d&#039;\u00e9chelons - Rotex Metallbauteile GmbH<\/title>\n<meta name=\"robots\" content=\"index, follow, max-snippet:-1, max-image-preview:large, max-video-preview:-1\" \/>\n<link rel=\"canonical\" href=\"https:\/\/rotex-metallbauteile.ch\/fr\/profils-de-croisillons\/\" \/>\n<meta property=\"og:locale\" content=\"fr_FR\" \/>\n<meta property=\"og:type\" content=\"article\" \/>\n<meta property=\"og:title\" content=\"Profil\u00e9s d&#039;\u00e9chelons - Rotex Metallbauteile GmbH\" \/>\n<meta property=\"og:description\" content=\"Profil\u00e9s d&#8217;\u00e9chelons U Profil\u00e9 \u00e0 croisillons (largeur : 30mm) Profil\u00e9 en U avec un sch\u00e9ma de perforation optimis\u00e9. La double rang\u00e9e de perforations est avanc\u00e9e jusqu\u2019aux bords et offre une s\u00e9curit\u00e9 maximale contre le pi\u00e9tinement. Disponible en barres d\u2019environ 2 m\u00e8tres. \u26a0\ufe0e Prix \u00e0 partir de 10 m\u00e8tres courants \u26a0\ufe0e Dimensions en mm Mat\u00e9riau N\u00b0 ... Read more\" \/>\n<meta property=\"og:url\" content=\"https:\/\/rotex-metallbauteile.ch\/fr\/profils-de-croisillons\/\" \/>\n<meta property=\"og:site_name\" content=\"Rotex Metallbauteile GmbH\" \/>\n<meta property=\"article:modified_time\" content=\"2022-06-01T10:49:06+00:00\" \/>\n<meta property=\"og:image\" content=\"https:\/\/rotex-metallbauteile.ch\/wp-content\/uploads\/profil-loch-seite.jpg\" \/>\n<meta name=\"twitter:card\" content=\"summary_large_image\" \/>\n<meta name=\"twitter:label1\" content=\"Est. reading time\" \/>\n\t<meta name=\"twitter:data1\" content=\"1 minute\" \/>\n<script type=\"application\/ld+json\" class=\"yoast-schema-graph\">{\"@context\":\"https:\\\/\\\/schema.org\",\"@graph\":[{\"@type\":\"WebPage\",\"@id\":\"https:\\\/\\\/rotex-metallbauteile.ch\\\/fr\\\/profils-de-croisillons\\\/\",\"url\":\"https:\\\/\\\/rotex-metallbauteile.ch\\\/fr\\\/profils-de-croisillons\\\/\",\"name\":\"Profil\u00e9s d'\u00e9chelons - Rotex Metallbauteile GmbH\",\"isPartOf\":{\"@id\":\"https:\\\/\\\/rotex-metallbauteile.ch\\\/fr\\\/#website\"},\"primaryImageOfPage\":{\"@id\":\"https:\\\/\\\/rotex-metallbauteile.ch\\\/fr\\\/profils-de-croisillons\\\/#primaryimage\"},\"image\":{\"@id\":\"https:\\\/\\\/rotex-metallbauteile.ch\\\/fr\\\/profils-de-croisillons\\\/#primaryimage\"},\"thumbnailUrl\":\"https:\\\/\\\/rotex-metallbauteile.ch\\\/wp-content\\\/uploads\\\/profil-loch-seite.jpg\",\"datePublished\":\"2022-05-10T10:20:43+00:00\",\"dateModified\":\"2022-06-01T10:49:06+00:00\",\"breadcrumb\":{\"@id\":\"https:\\\/\\\/rotex-metallbauteile.ch\\\/fr\\\/profils-de-croisillons\\\/#breadcrumb\"},\"inLanguage\":\"fr-FR\",\"potentialAction\":[{\"@type\":\"ReadAction\",\"target\":[\"https:\\\/\\\/rotex-metallbauteile.ch\\\/fr\\\/profils-de-croisillons\\\/\"]}]},{\"@type\":\"ImageObject\",\"inLanguage\":\"fr-FR\",\"@id\":\"https:\\\/\\\/rotex-metallbauteile.ch\\\/fr\\\/profils-de-croisillons\\\/#primaryimage\",\"url\":\"https:\\\/\\\/rotex-metallbauteile.ch\\\/wp-content\\\/uploads\\\/profil-loch-seite.jpg\",\"contentUrl\":\"https:\\\/\\\/rotex-metallbauteile.ch\\\/wp-content\\\/uploads\\\/profil-loch-seite.jpg\"},{\"@type\":\"BreadcrumbList\",\"@id\":\"https:\\\/\\\/rotex-metallbauteile.ch\\\/fr\\\/profils-de-croisillons\\\/#breadcrumb\",\"itemListElement\":[{\"@type\":\"ListItem\",\"position\":1,\"name\":\"Startseite\",\"item\":\"https:\\\/\\\/rotex-metallbauteile.ch\\\/fr\\\/\"},{\"@type\":\"ListItem\",\"position\":2,\"name\":\"Profil\u00e9s d&#8217;\u00e9chelons\"}]},{\"@type\":\"WebSite\",\"@id\":\"https:\\\/\\\/rotex-metallbauteile.ch\\\/fr\\\/#website\",\"url\":\"https:\\\/\\\/rotex-metallbauteile.ch\\\/fr\\\/\",\"name\":\"Rotex Metallbauteile GmbH\",\"description\":\"\",\"publisher\":{\"@id\":\"https:\\\/\\\/rotex-metallbauteile.ch\\\/fr\\\/#organization\"},\"potentialAction\":[{\"@type\":\"SearchAction\",\"target\":{\"@type\":\"EntryPoint\",\"urlTemplate\":\"https:\\\/\\\/rotex-metallbauteile.ch\\\/fr\\\/?s={search_term_string}\"},\"query-input\":{\"@type\":\"PropertyValueSpecification\",\"valueRequired\":true,\"valueName\":\"search_term_string\"}}],\"inLanguage\":\"fr-FR\"},{\"@type\":\"Organization\",\"@id\":\"https:\\\/\\\/rotex-metallbauteile.ch\\\/fr\\\/#organization\",\"name\":\"Rotex Metallbauteile GmbH\",\"url\":\"https:\\\/\\\/rotex-metallbauteile.ch\\\/fr\\\/\",\"logo\":{\"@type\":\"ImageObject\",\"inLanguage\":\"fr-FR\",\"@id\":\"https:\\\/\\\/rotex-metallbauteile.ch\\\/fr\\\/#\\\/schema\\\/logo\\\/image\\\/\",\"url\":\"https:\\\/\\\/rotex-metallbauteile.ch\\\/wp-content\\\/uploads\\\/logo_ohne_redbar.png\",\"contentUrl\":\"https:\\\/\\\/rotex-metallbauteile.ch\\\/wp-content\\\/uploads\\\/logo_ohne_redbar.png\",\"width\":409,\"height\":126,\"caption\":\"Rotex Metallbauteile GmbH\"},\"image\":{\"@id\":\"https:\\\/\\\/rotex-metallbauteile.ch\\\/fr\\\/#\\\/schema\\\/logo\\\/image\\\/\"},\"sameAs\":[\"https:\\\/\\\/www.linkedin.com\\\/company\\\/rotex-metallbauteile\\\/\"]}]}<\/script>\n<!-- \/ Yoast SEO plugin. -->","yoast_head_json":{"title":"Profil\u00e9s d'\u00e9chelons - Rotex Metallbauteile GmbH","robots":{"index":"index","follow":"follow","max-snippet":"max-snippet:-1","max-image-preview":"max-image-preview:large","max-video-preview":"max-video-preview:-1"},"canonical":"https:\/\/rotex-metallbauteile.ch\/fr\/profils-de-croisillons\/","og_locale":"fr_FR","og_type":"article","og_title":"Profil\u00e9s d'\u00e9chelons - Rotex Metallbauteile GmbH","og_description":"Profil\u00e9s d&#8217;\u00e9chelons U Profil\u00e9 \u00e0 croisillons (largeur : 30mm) Profil\u00e9 en U avec un sch\u00e9ma de perforation optimis\u00e9. La double rang\u00e9e de perforations est avanc\u00e9e jusqu\u2019aux bords et offre une s\u00e9curit\u00e9 maximale contre le pi\u00e9tinement. Disponible en barres d\u2019environ 2 m\u00e8tres. \u26a0\ufe0e Prix \u00e0 partir de 10 m\u00e8tres courants \u26a0\ufe0e Dimensions en mm Mat\u00e9riau N\u00b0 ... Read more","og_url":"https:\/\/rotex-metallbauteile.ch\/fr\/profils-de-croisillons\/","og_site_name":"Rotex Metallbauteile GmbH","article_modified_time":"2022-06-01T10:49:06+00:00","og_image":[{"url":"https:\/\/rotex-metallbauteile.ch\/wp-content\/uploads\/profil-loch-seite.jpg","type":"","width":"","height":""}],"twitter_card":"summary_large_image","twitter_misc":{"Est. reading time":"1 minute"},"schema":{"@context":"https:\/\/schema.org","@graph":[{"@type":"WebPage","@id":"https:\/\/rotex-metallbauteile.ch\/fr\/profils-de-croisillons\/","url":"https:\/\/rotex-metallbauteile.ch\/fr\/profils-de-croisillons\/","name":"Profil\u00e9s d'\u00e9chelons - Rotex Metallbauteile GmbH","isPartOf":{"@id":"https:\/\/rotex-metallbauteile.ch\/fr\/#website"},"primaryImageOfPage":{"@id":"https:\/\/rotex-metallbauteile.ch\/fr\/profils-de-croisillons\/#primaryimage"},"image":{"@id":"https:\/\/rotex-metallbauteile.ch\/fr\/profils-de-croisillons\/#primaryimage"},"thumbnailUrl":"https:\/\/rotex-metallbauteile.ch\/wp-content\/uploads\/profil-loch-seite.jpg","datePublished":"2022-05-10T10:20:43+00:00","dateModified":"2022-06-01T10:49:06+00:00","breadcrumb":{"@id":"https:\/\/rotex-metallbauteile.ch\/fr\/profils-de-croisillons\/#breadcrumb"},"inLanguage":"fr-FR","potentialAction":[{"@type":"ReadAction","target":["https:\/\/rotex-metallbauteile.ch\/fr\/profils-de-croisillons\/"]}]},{"@type":"ImageObject","inLanguage":"fr-FR","@id":"https:\/\/rotex-metallbauteile.ch\/fr\/profils-de-croisillons\/#primaryimage","url":"https:\/\/rotex-metallbauteile.ch\/wp-content\/uploads\/profil-loch-seite.jpg","contentUrl":"https:\/\/rotex-metallbauteile.ch\/wp-content\/uploads\/profil-loch-seite.jpg"},{"@type":"BreadcrumbList","@id":"https:\/\/rotex-metallbauteile.ch\/fr\/profils-de-croisillons\/#breadcrumb","itemListElement":[{"@type":"ListItem","position":1,"name":"Startseite","item":"https:\/\/rotex-metallbauteile.ch\/fr\/"},{"@type":"ListItem","position":2,"name":"Profil\u00e9s d&#8217;\u00e9chelons"}]},{"@type":"WebSite","@id":"https:\/\/rotex-metallbauteile.ch\/fr\/#website","url":"https:\/\/rotex-metallbauteile.ch\/fr\/","name":"Rotex Metallbauteile GmbH","description":"","publisher":{"@id":"https:\/\/rotex-metallbauteile.ch\/fr\/#organization"},"potentialAction":[{"@type":"SearchAction","target":{"@type":"EntryPoint","urlTemplate":"https:\/\/rotex-metallbauteile.ch\/fr\/?s={search_term_string}"},"query-input":{"@type":"PropertyValueSpecification","valueRequired":true,"valueName":"search_term_string"}}],"inLanguage":"fr-FR"},{"@type":"Organization","@id":"https:\/\/rotex-metallbauteile.ch\/fr\/#organization","name":"Rotex Metallbauteile GmbH","url":"https:\/\/rotex-metallbauteile.ch\/fr\/","logo":{"@type":"ImageObject","inLanguage":"fr-FR","@id":"https:\/\/rotex-metallbauteile.ch\/fr\/#\/schema\/logo\/image\/","url":"https:\/\/rotex-metallbauteile.ch\/wp-content\/uploads\/logo_ohne_redbar.png","contentUrl":"https:\/\/rotex-metallbauteile.ch\/wp-content\/uploads\/logo_ohne_redbar.png","width":409,"height":126,"caption":"Rotex Metallbauteile GmbH"},"image":{"@id":"https:\/\/rotex-metallbauteile.ch\/fr\/#\/schema\/logo\/image\/"},"sameAs":["https:\/\/www.linkedin.com\/company\/rotex-metallbauteile\/"]}]}},"_links":{"self":[{"href":"https:\/\/rotex-metallbauteile.ch\/fr\/wp-json\/wp\/v2\/pages\/4305","targetHints":{"allow":["GET"]}}],"collection":[{"href":"https:\/\/rotex-metallbauteile.ch\/fr\/wp-json\/wp\/v2\/pages"}],"about":[{"href":"https:\/\/rotex-metallbauteile.ch\/fr\/wp-json\/wp\/v2\/types\/page"}],"author":[{"embeddable":true,"href":"https:\/\/rotex-metallbauteile.ch\/fr\/wp-json\/wp\/v2\/users\/1"}],"replies":[{"embeddable":true,"href":"https:\/\/rotex-metallbauteile.ch\/fr\/wp-json\/wp\/v2\/comments?post=4305"}],"version-history":[{"count":0,"href":"https:\/\/rotex-metallbauteile.ch\/fr\/wp-json\/wp\/v2\/pages\/4305\/revisions"}],"wp:attachment":[{"href":"https:\/\/rotex-metallbauteile.ch\/fr\/wp-json\/wp\/v2\/media?parent=4305"}],"curies":[{"name":"wp","href":"https:\/\/api.w.org\/{rel}","templated":true}]}}