{"id":4297,"date":"2022-05-10T12:01:11","date_gmt":"2022-05-10T10:01:11","guid":{"rendered":"https:\/\/rotex-metallbauteile.ch\/panneaux-de-facade\/"},"modified":"2022-06-01T12:59:40","modified_gmt":"2022-06-01T10:59:40","slug":"panneaux-de-facade","status":"publish","type":"page","link":"https:\/\/rotex-metallbauteile.ch\/fr\/panneaux-de-facade\/","title":{"rendered":"Panneaux de fa\u00e7ade"},"content":{"rendered":"\t\t<div data-elementor-type=\"wp-page\" data-elementor-id=\"4297\" class=\"elementor elementor-4297 elementor-2567\" data-elementor-post-type=\"page\">\n\t\t\t\t\t\t<section class=\"has_ae_slider elementor-section elementor-top-section elementor-element elementor-element-2f3104d elementor-section-full_width elementor-section-height-default elementor-section-height-default ae-bg-gallery-type-default\" data-id=\"2f3104d\" data-element_type=\"section\" data-e-type=\"section\">\n\t\t\t\t\t\t<div class=\"elementor-container elementor-column-gap-default\">\n\t\t\t\t\t<div class=\"has_ae_slider elementor-column elementor-col-100 elementor-top-column elementor-element elementor-element-bdc4ecc ae-bg-gallery-type-default\" data-id=\"bdc4ecc\" data-element_type=\"column\" data-e-type=\"column\">\n\t\t\t<div class=\"elementor-widget-wrap elementor-element-populated\">\n\t\t\t\t\t\t<div class=\"elementor-element elementor-element-a87f647 elementor-widget elementor-widget-heading\" data-id=\"a87f647\" data-element_type=\"widget\" data-e-type=\"widget\" data-widget_type=\"heading.default\">\n\t\t\t\t<div class=\"elementor-widget-container\">\n\t\t\t\t\t<h2 class=\"elementor-heading-title elementor-size-default\">Panneaux de fa\u00e7ade<\/h2>\t\t\t\t<\/div>\n\t\t\t\t<\/div>\n\t\t\t\t\t<\/div>\n\t\t<\/div>\n\t\t\t\t\t<\/div>\n\t\t<\/section>\n\t\t\t\t<section class=\"has_ae_slider elementor-section elementor-top-section elementor-element elementor-element-f698490 elementor-section-full_width elementor-section-height-default elementor-section-height-default ae-bg-gallery-type-default\" data-id=\"f698490\" data-element_type=\"section\" data-e-type=\"section\">\n\t\t\t\t\t\t<div class=\"elementor-container elementor-column-gap-default\">\n\t\t\t\t\t<div class=\"has_ae_slider elementor-column elementor-col-66 elementor-top-column elementor-element elementor-element-b6476a6 ae-bg-gallery-type-default\" data-id=\"b6476a6\" data-element_type=\"column\" data-e-type=\"column\">\n\t\t\t<div class=\"elementor-widget-wrap elementor-element-populated\">\n\t\t\t\t\t\t<div class=\"elementor-element elementor-element-342176e elementor-widget elementor-widget-text-editor\" data-id=\"342176e\" data-element_type=\"widget\" data-e-type=\"widget\" data-widget_type=\"text-editor.default\">\n\t\t\t\t<div class=\"elementor-widget-container\">\n\t\t\t\t\t\t\t\t\t<p>Les exigences esth\u00e9tiques et les solutions techniquement efficaces ne doivent pas \u00eatre en contradiction. Avec les panneaux HPL \u00e0 \u00e2me pleine, la diversit\u00e9 cr\u00e9ative n\u2019est pas en reste. Les panneaux sont utilis\u00e9s dans les domaines suivants :<\/p><p>Gr\u00e2ce \u00e0 leur r\u00e9sistance aux intemp\u00e9ries, les panneaux conservent leurs excellentes propri\u00e9t\u00e9s \u00e0 long terme. La surface autonettoyante ainsi que la possibilit\u00e9 d\u2019\u00e9liminer les salissures importantes (graffitis) garantissent une surface d\u00e9corative pour de nombreuses ann\u00e9es.<\/p><p>Les panneaux pour balcons et les panneaux \u00e0 \u00e2me pleine sont extr\u00eamement r\u00e9sistants \u00e0 la rupture et aux chocs, et faciles \u00e0 mettre en \u0153uvre. Des formes de construction test\u00e9es pour les fa\u00e7ades et les rev\u00eatements de balcons garantissent des applications s\u00fbres.<\/p><p>En outre, ils pr\u00e9sentent un comportement d\u00e9fensif en cas d\u2019incendie. Il ne goutte pas, d\u00e9gage peu de fum\u00e9e et retarde la propagation du feu. Il existe des panneaux sp\u00e9cialement con\u00e7us pour r\u00e9pondre aux exigences accrues en mati\u00e8re de comportement au feu. Demandez-nous conseil!<\/p>\t\t\t\t\t\t\t\t<\/div>\n\t\t\t\t<\/div>\n\t\t\t\t\t<\/div>\n\t\t<\/div>\n\t\t\t\t<div class=\"has_ae_slider elementor-column elementor-col-33 elementor-top-column elementor-element elementor-element-529703a ae-bg-gallery-type-default\" data-id=\"529703a\" data-element_type=\"column\" data-e-type=\"column\">\n\t\t\t<div class=\"elementor-widget-wrap elementor-element-populated\">\n\t\t\t\t\t\t<div class=\"elementor-element elementor-element-442e4c4 elementor-widget elementor-widget-image\" data-id=\"442e4c4\" data-element_type=\"widget\" data-e-type=\"widget\" data-widget_type=\"image.default\">\n\t\t\t\t<div class=\"elementor-widget-container\">\n\t\t\t\t\t\t\t\t\t\t\t\t\t\t\t<img fetchpriority=\"high\" decoding=\"async\" width=\"600\" height=\"418\" src=\"https:\/\/rotex-metallbauteile.ch\/wp-content\/uploads\/schulungszentrum-1.jpg\" class=\"attachment-full size-full wp-image-3589\" alt=\"Fassadenplatten Schulungszentrum\" srcset=\"https:\/\/rotex-metallbauteile.ch\/wp-content\/uploads\/schulungszentrum-1.jpg 600w, https:\/\/rotex-metallbauteile.ch\/wp-content\/uploads\/schulungszentrum-1-300x209.jpg 300w\" sizes=\"(max-width: 600px) 100vw, 600px\" \/>\t\t\t\t\t\t\t\t\t\t\t\t\t\t\t<\/div>\n\t\t\t\t<\/div>\n\t\t\t\t<div class=\"elementor-element elementor-element-85f4332 elementor-widget elementor-widget-text-editor\" data-id=\"85f4332\" data-element_type=\"widget\" data-e-type=\"widget\" data-widget_type=\"text-editor.default\">\n\t\t\t\t<div class=\"elementor-widget-container\">\n\t\t\t\t\t\t\t\t\t<p>rev\u00eatement de fa\u00e7ades<\/p><p>R\u00e9novation de maisons anciennes<\/p><p>Habillage de balcons<\/p><p>sous-face de toit<\/p><p>et bien d\u2019autres.<\/p>\t\t\t\t\t\t\t\t<\/div>\n\t\t\t\t<\/div>\n\t\t\t\t\t<\/div>\n\t\t<\/div>\n\t\t\t\t\t<\/div>\n\t\t<\/section>\n\t\t\t\t<section class=\"has_ae_slider elementor-section elementor-top-section elementor-element elementor-element-92ea45f elementor-section-full_width elementor-section-height-default elementor-section-height-default ae-bg-gallery-type-default\" data-id=\"92ea45f\" data-element_type=\"section\" data-e-type=\"section\">\n\t\t\t\t\t\t<div class=\"elementor-container elementor-column-gap-default\">\n\t\t\t\t\t<div class=\"has_ae_slider elementor-column elementor-col-100 elementor-top-column elementor-element elementor-element-ae310fd ae-bg-gallery-type-default\" data-id=\"ae310fd\" data-element_type=\"column\" data-e-type=\"column\">\n\t\t\t<div class=\"elementor-widget-wrap elementor-element-populated\">\n\t\t\t\t\t\t<div class=\"elementor-element elementor-element-56daacd elementor-widget elementor-widget-heading\" data-id=\"56daacd\" data-element_type=\"widget\" data-e-type=\"widget\" data-widget_type=\"heading.default\">\n\t\t\t\t<div class=\"elementor-widget-container\">\n\t\t\t\t\t<h2 class=\"elementor-heading-title elementor-size-default\">D\u00e9tails<\/h2>\t\t\t\t<\/div>\n\t\t\t\t<\/div>\n\t\t\t\t\t<\/div>\n\t\t<\/div>\n\t\t\t\t\t<\/div>\n\t\t<\/section>\n\t\t\t\t<section class=\"has_ae_slider elementor-section elementor-top-section elementor-element elementor-element-dbe616c elementor-section-full_width elementor-section-height-default elementor-section-height-default ae-bg-gallery-type-default\" data-id=\"dbe616c\" data-element_type=\"section\" data-e-type=\"section\">\n\t\t\t\t\t\t<div class=\"elementor-container elementor-column-gap-default\">\n\t\t\t\t\t<div class=\"has_ae_slider elementor-column elementor-col-33 elementor-top-column elementor-element elementor-element-190d79f ae-bg-gallery-type-default\" data-id=\"190d79f\" data-element_type=\"column\" data-e-type=\"column\">\n\t\t\t<div class=\"elementor-widget-wrap elementor-element-populated\">\n\t\t\t\t\t\t<div class=\"elementor-element elementor-element-5961873 elementor-widget elementor-widget-image\" data-id=\"5961873\" data-element_type=\"widget\" data-e-type=\"widget\" data-widget_type=\"image.default\">\n\t\t\t\t<div class=\"elementor-widget-container\">\n\t\t\t\t\t\t\t\t\t\t\t\t\t\t\t<img decoding=\"async\" width=\"600\" height=\"399\" src=\"https:\/\/rotex-metallbauteile.ch\/wp-content\/uploads\/schulungszentrum-2.jpg\" class=\"attachment-full size-full wp-image-3590\" alt=\"Fassadenplatten Rot\" srcset=\"https:\/\/rotex-metallbauteile.ch\/wp-content\/uploads\/schulungszentrum-2.jpg 600w, https:\/\/rotex-metallbauteile.ch\/wp-content\/uploads\/schulungszentrum-2-300x200.jpg 300w\" sizes=\"(max-width: 600px) 100vw, 600px\" \/>\t\t\t\t\t\t\t\t\t\t\t\t\t\t\t<\/div>\n\t\t\t\t<\/div>\n\t\t\t\t\t<\/div>\n\t\t<\/div>\n\t\t\t\t<div class=\"has_ae_slider elementor-column elementor-col-66 elementor-top-column elementor-element elementor-element-b4f7a7e ae-bg-gallery-type-default\" data-id=\"b4f7a7e\" data-element_type=\"column\" data-e-type=\"column\">\n\t\t\t<div class=\"elementor-widget-wrap elementor-element-populated\">\n\t\t\t\t\t\t<div class=\"elementor-element elementor-element-b1829cb elementor-widget elementor-widget-text-editor\" data-id=\"b1829cb\" data-element_type=\"widget\" data-e-type=\"widget\" data-widget_type=\"text-editor.default\">\n\t\t\t\t<div class=\"elementor-widget-container\">\n\t\t\t\t\t\t\t\t\t<p>Gr\u00e2ce aux fa\u00e7ades suspendues et ventil\u00e9es, la \u00ab respiration \u00bb du mur ext\u00e9rieur n\u2019est pas entrav\u00e9e. Le principal avantage des panneaux \u00e0 \u00e2me pleine est l\u2019\u00e9vacuation sans entrave de l\u2019humidit\u00e9 de construction et d\u2019habitation.<\/p><p>Lors de la r\u00e9novation d\u2019une fa\u00e7ade avec des panneaux pleins, il n\u2019est pas n\u00e9cessaire d\u2019assainir la surface du mur existant au pr\u00e9alable. Un facteur important de gain de temps et d\u2019argent.<\/p>\t\t\t\t\t\t\t\t<\/div>\n\t\t\t\t<\/div>\n\t\t\t\t\t<\/div>\n\t\t<\/div>\n\t\t\t\t\t<\/div>\n\t\t<\/section>\n\t\t\t\t<section class=\"has_ae_slider elementor-section elementor-top-section elementor-element elementor-element-e4159b0 elementor-section-full_width elementor-section-height-default elementor-section-height-default ae-bg-gallery-type-default\" data-id=\"e4159b0\" data-element_type=\"section\" data-e-type=\"section\">\n\t\t\t\t\t\t<div class=\"elementor-container elementor-column-gap-default\">\n\t\t\t\t\t<div class=\"has_ae_slider elementor-column elementor-col-100 elementor-top-column elementor-element elementor-element-f0af50f ae-bg-gallery-type-default\" data-id=\"f0af50f\" data-element_type=\"column\" data-e-type=\"column\">\n\t\t\t<div class=\"elementor-widget-wrap elementor-element-populated\">\n\t\t\t\t\t\t<div class=\"elementor-element elementor-element-604412e elementor-widget elementor-widget-bdt-advanced-image-gallery\" data-id=\"604412e\" data-element_type=\"widget\" data-e-type=\"widget\" data-widget_type=\"bdt-advanced-image-gallery.default\">\n\t\t\t\t<div class=\"elementor-widget-container\">\n\t\t\t\t\t\t\t<div id=\"bdt-avdg-604412e\" class=\"bdt-ep-advanced-image-gallery bdt-ep-advanced-image-gallery-skin-default bdt-grid bdt-grid-small bdt-child-width-1-1 bdt-child-width-1-3@s bdt-child-width-1-2@m\" data-bdt-grid=\"\" data-bdt-lightbox=\"animation: slide;\" data-settings=\"{&quot;id&quot;:&quot;#bdt-avdg-604412e&quot;,&quot;tiltShow&quot;:false}\">\n\t\t\n\t\t\t<div class=\"bdt-ep-advanced-image-gallery-item bdt-transition-toggle\">\n\t\t\t\t<div class=\"bdt-ep-advanced-image-gallery-inner bdt-image-mask\">\n\t\t\t\t\t<div class=\"bdt-ep-advanced-image-gallery-thumbnail bdt-transition-toggle\">\n\t\t\t<img decoding=\"async\"  src=\"https:\/\/rotex-metallbauteile.ch\/wp-content\/uploads\/schulungszentrum-4.jpg\" alt=\"Schulungszentrum Fassadenplatten Geb\u00e4udeeck\" class=\"jgalleryImage\">\n\t\t<\/div>\t\t<div class=\"bdt-position-cover bdt-overlay bdt-overlay-default bdt-transition-fade\">\n\t\t\t<div class=\"bdt-ep-advanced-image-gallery-content\">\n\t\t\t\t<div class=\"bdt-ep-advanced-image-gallery-content-inner\">\n\n\t\t\t\t\t\t\t\t\t\t\t\t\t\t\t\t<div class=\"bdt-flex-inline bdt-ep-advanced-image-gallery-item-link-wrapper\">\n\t\t\t\t\t\t\t<a class=\"bdt-ep-advanced-image-gallery-item-link elementor-clickable icon-type-icon\" data-elementor-open-lightbox=\"no\" data-caption=\"\" href=\"https:\/\/rotex-metallbauteile.ch\/wp-content\/uploads\/schulungszentrum-4.jpg\">\n\t\t\t\t\t\t\t\t\n\t\t\t\t\t\t\t\t\t\t\t\t\t\t\t\t\t\t\t<span>\n\t\t\t\t\t\t\t\t\t\t\t<i class=\"ep-icon-plus-2\"><\/i>\n\t\t\t\t\t\t\t\t\t\t<\/span>\n\t\t\t\t\t\t\t\t\t\n\t\t\t\t\t\t\t\t\t\t\t\t\t\t\t<\/a>\n\t\t\t\t\t\t<\/div>\n\t\t\t\t\t\n\t\t\t\t\t\t\t\t\t<\/div>\n\t\t\t<\/div>\n\t\t<\/div>\n\t\t\t\t\t\t<\/div>\n\t\t\t\t\t\t\t<\/div>\n\n\t\t\n\t\t\t<div class=\"bdt-ep-advanced-image-gallery-item bdt-transition-toggle\">\n\t\t\t\t<div class=\"bdt-ep-advanced-image-gallery-inner bdt-image-mask\">\n\t\t\t\t\t<div class=\"bdt-ep-advanced-image-gallery-thumbnail bdt-transition-toggle\">\n\t\t\t<img decoding=\"async\"  src=\"https:\/\/rotex-metallbauteile.ch\/wp-content\/uploads\/schulungszentrum-6.jpg\" alt=\"Schulungszentrum Fassadenplatten schwarz rot Design\" class=\"jgalleryImage\">\n\t\t<\/div>\t\t<div class=\"bdt-position-cover bdt-overlay bdt-overlay-default bdt-transition-fade\">\n\t\t\t<div class=\"bdt-ep-advanced-image-gallery-content\">\n\t\t\t\t<div class=\"bdt-ep-advanced-image-gallery-content-inner\">\n\n\t\t\t\t\t\t\t\t\t\t\t\t\t\t\t\t<div class=\"bdt-flex-inline bdt-ep-advanced-image-gallery-item-link-wrapper\">\n\t\t\t\t\t\t\t<a class=\"bdt-ep-advanced-image-gallery-item-link elementor-clickable icon-type-icon\" data-elementor-open-lightbox=\"no\" data-caption=\"\" href=\"https:\/\/rotex-metallbauteile.ch\/wp-content\/uploads\/schulungszentrum-6.jpg\">\n\t\t\t\t\t\t\t\t\n\t\t\t\t\t\t\t\t\t\t\t\t\t\t\t\t\t\t\t<span>\n\t\t\t\t\t\t\t\t\t\t\t<i class=\"ep-icon-plus-2\"><\/i>\n\t\t\t\t\t\t\t\t\t\t<\/span>\n\t\t\t\t\t\t\t\t\t\n\t\t\t\t\t\t\t\t\t\t\t\t\t\t\t<\/a>\n\t\t\t\t\t\t<\/div>\n\t\t\t\t\t\n\t\t\t\t\t\t\t\t\t<\/div>\n\t\t\t<\/div>\n\t\t<\/div>\n\t\t\t\t\t\t<\/div>\n\t\t\t\t\t\t\t<\/div>\n\n\t\t\t\t<\/div>\n\t\t\t\t\t\t<\/div>\n\t\t\t\t<\/div>\n\t\t\t\t\t<\/div>\n\t\t<\/div>\n\t\t\t\t\t<\/div>\n\t\t<\/section>\n\t\t\t\t<\/div>\n\t\t","protected":false},"excerpt":{"rendered":"<p>Panneaux de fa\u00e7ade Les exigences esth\u00e9tiques et les solutions techniquement efficaces ne doivent pas \u00eatre en contradiction. Avec les panneaux HPL \u00e0 \u00e2me pleine, la diversit\u00e9 cr\u00e9ative n\u2019est pas en reste. Les panneaux sont utilis\u00e9s dans les domaines suivants : Gr\u00e2ce \u00e0 leur r\u00e9sistance aux intemp\u00e9ries, les panneaux conservent leurs excellentes propri\u00e9t\u00e9s \u00e0 long terme. &#8230; <a title=\"Panneaux de fa\u00e7ade\" class=\"read-more\" href=\"https:\/\/rotex-metallbauteile.ch\/fr\/panneaux-de-facade\/\" aria-label=\"Read more about Panneaux de fa\u00e7ade\">Read more<\/a><\/p>\n","protected":false},"author":2,"featured_media":0,"parent":0,"menu_order":0,"comment_status":"closed","ping_status":"closed","template":"","meta":{"_acf_changed":false,"inline_featured_image":false,"footnotes":""},"class_list":["post-4297","page","type-page","status-publish"],"acf":[],"yoast_head":"<!-- This site is optimized with the Yoast SEO plugin v27.5 - https:\/\/yoast.com\/product\/yoast-seo-wordpress\/ -->\n<title>Panneaux de fa\u00e7ade - Rotex Metallbauteile GmbH<\/title>\n<meta name=\"robots\" content=\"index, follow, max-snippet:-1, max-image-preview:large, max-video-preview:-1\" \/>\n<link rel=\"canonical\" href=\"https:\/\/rotex-metallbauteile.ch\/fr\/panneaux-de-facade\/\" \/>\n<meta property=\"og:locale\" content=\"fr_FR\" \/>\n<meta property=\"og:type\" content=\"article\" \/>\n<meta property=\"og:title\" content=\"Panneaux de fa\u00e7ade - Rotex Metallbauteile GmbH\" \/>\n<meta property=\"og:description\" content=\"Panneaux de fa\u00e7ade Les exigences esth\u00e9tiques et les solutions techniquement efficaces ne doivent pas \u00eatre en contradiction. Avec les panneaux HPL \u00e0 \u00e2me pleine, la diversit\u00e9 cr\u00e9ative n\u2019est pas en reste. Les panneaux sont utilis\u00e9s dans les domaines suivants : Gr\u00e2ce \u00e0 leur r\u00e9sistance aux intemp\u00e9ries, les panneaux conservent leurs excellentes propri\u00e9t\u00e9s \u00e0 long terme. ... Read more\" \/>\n<meta property=\"og:url\" content=\"https:\/\/rotex-metallbauteile.ch\/fr\/panneaux-de-facade\/\" \/>\n<meta property=\"og:site_name\" content=\"Rotex Metallbauteile GmbH\" \/>\n<meta property=\"article:modified_time\" content=\"2022-06-01T10:59:40+00:00\" \/>\n<meta property=\"og:image\" content=\"https:\/\/rotex-metallbauteile.ch\/wp-content\/uploads\/schulungszentrum-1.jpg\" \/>\n<meta name=\"twitter:card\" content=\"summary_large_image\" \/>\n<meta name=\"twitter:label1\" content=\"Est. reading time\" \/>\n\t<meta name=\"twitter:data1\" content=\"1 minute\" \/>\n<script type=\"application\/ld+json\" class=\"yoast-schema-graph\">{\"@context\":\"https:\\\/\\\/schema.org\",\"@graph\":[{\"@type\":\"WebPage\",\"@id\":\"https:\\\/\\\/rotex-metallbauteile.ch\\\/fr\\\/panneaux-de-facade\\\/\",\"url\":\"https:\\\/\\\/rotex-metallbauteile.ch\\\/fr\\\/panneaux-de-facade\\\/\",\"name\":\"Panneaux de fa\u00e7ade - Rotex Metallbauteile GmbH\",\"isPartOf\":{\"@id\":\"https:\\\/\\\/rotex-metallbauteile.ch\\\/fr\\\/#website\"},\"primaryImageOfPage\":{\"@id\":\"https:\\\/\\\/rotex-metallbauteile.ch\\\/fr\\\/panneaux-de-facade\\\/#primaryimage\"},\"image\":{\"@id\":\"https:\\\/\\\/rotex-metallbauteile.ch\\\/fr\\\/panneaux-de-facade\\\/#primaryimage\"},\"thumbnailUrl\":\"https:\\\/\\\/rotex-metallbauteile.ch\\\/wp-content\\\/uploads\\\/schulungszentrum-1.jpg\",\"datePublished\":\"2022-05-10T10:01:11+00:00\",\"dateModified\":\"2022-06-01T10:59:40+00:00\",\"breadcrumb\":{\"@id\":\"https:\\\/\\\/rotex-metallbauteile.ch\\\/fr\\\/panneaux-de-facade\\\/#breadcrumb\"},\"inLanguage\":\"fr-FR\",\"potentialAction\":[{\"@type\":\"ReadAction\",\"target\":[\"https:\\\/\\\/rotex-metallbauteile.ch\\\/fr\\\/panneaux-de-facade\\\/\"]}]},{\"@type\":\"ImageObject\",\"inLanguage\":\"fr-FR\",\"@id\":\"https:\\\/\\\/rotex-metallbauteile.ch\\\/fr\\\/panneaux-de-facade\\\/#primaryimage\",\"url\":\"https:\\\/\\\/rotex-metallbauteile.ch\\\/wp-content\\\/uploads\\\/schulungszentrum-1.jpg\",\"contentUrl\":\"https:\\\/\\\/rotex-metallbauteile.ch\\\/wp-content\\\/uploads\\\/schulungszentrum-1.jpg\"},{\"@type\":\"BreadcrumbList\",\"@id\":\"https:\\\/\\\/rotex-metallbauteile.ch\\\/fr\\\/panneaux-de-facade\\\/#breadcrumb\",\"itemListElement\":[{\"@type\":\"ListItem\",\"position\":1,\"name\":\"Startseite\",\"item\":\"https:\\\/\\\/rotex-metallbauteile.ch\\\/fr\\\/\"},{\"@type\":\"ListItem\",\"position\":2,\"name\":\"Panneaux de fa\u00e7ade\"}]},{\"@type\":\"WebSite\",\"@id\":\"https:\\\/\\\/rotex-metallbauteile.ch\\\/fr\\\/#website\",\"url\":\"https:\\\/\\\/rotex-metallbauteile.ch\\\/fr\\\/\",\"name\":\"Rotex Metallbauteile GmbH\",\"description\":\"\",\"publisher\":{\"@id\":\"https:\\\/\\\/rotex-metallbauteile.ch\\\/fr\\\/#organization\"},\"potentialAction\":[{\"@type\":\"SearchAction\",\"target\":{\"@type\":\"EntryPoint\",\"urlTemplate\":\"https:\\\/\\\/rotex-metallbauteile.ch\\\/fr\\\/?s={search_term_string}\"},\"query-input\":{\"@type\":\"PropertyValueSpecification\",\"valueRequired\":true,\"valueName\":\"search_term_string\"}}],\"inLanguage\":\"fr-FR\"},{\"@type\":\"Organization\",\"@id\":\"https:\\\/\\\/rotex-metallbauteile.ch\\\/fr\\\/#organization\",\"name\":\"Rotex Metallbauteile GmbH\",\"url\":\"https:\\\/\\\/rotex-metallbauteile.ch\\\/fr\\\/\",\"logo\":{\"@type\":\"ImageObject\",\"inLanguage\":\"fr-FR\",\"@id\":\"https:\\\/\\\/rotex-metallbauteile.ch\\\/fr\\\/#\\\/schema\\\/logo\\\/image\\\/\",\"url\":\"https:\\\/\\\/rotex-metallbauteile.ch\\\/wp-content\\\/uploads\\\/logo_ohne_redbar.png\",\"contentUrl\":\"https:\\\/\\\/rotex-metallbauteile.ch\\\/wp-content\\\/uploads\\\/logo_ohne_redbar.png\",\"width\":409,\"height\":126,\"caption\":\"Rotex Metallbauteile GmbH\"},\"image\":{\"@id\":\"https:\\\/\\\/rotex-metallbauteile.ch\\\/fr\\\/#\\\/schema\\\/logo\\\/image\\\/\"},\"sameAs\":[\"https:\\\/\\\/www.linkedin.com\\\/company\\\/rotex-metallbauteile\\\/\"]}]}<\/script>\n<!-- \/ Yoast SEO plugin. -->","yoast_head_json":{"title":"Panneaux de fa\u00e7ade - Rotex Metallbauteile GmbH","robots":{"index":"index","follow":"follow","max-snippet":"max-snippet:-1","max-image-preview":"max-image-preview:large","max-video-preview":"max-video-preview:-1"},"canonical":"https:\/\/rotex-metallbauteile.ch\/fr\/panneaux-de-facade\/","og_locale":"fr_FR","og_type":"article","og_title":"Panneaux de fa\u00e7ade - Rotex Metallbauteile GmbH","og_description":"Panneaux de fa\u00e7ade Les exigences esth\u00e9tiques et les solutions techniquement efficaces ne doivent pas \u00eatre en contradiction. Avec les panneaux HPL \u00e0 \u00e2me pleine, la diversit\u00e9 cr\u00e9ative n\u2019est pas en reste. Les panneaux sont utilis\u00e9s dans les domaines suivants : Gr\u00e2ce \u00e0 leur r\u00e9sistance aux intemp\u00e9ries, les panneaux conservent leurs excellentes propri\u00e9t\u00e9s \u00e0 long terme. ... Read more","og_url":"https:\/\/rotex-metallbauteile.ch\/fr\/panneaux-de-facade\/","og_site_name":"Rotex Metallbauteile GmbH","article_modified_time":"2022-06-01T10:59:40+00:00","og_image":[{"url":"https:\/\/rotex-metallbauteile.ch\/wp-content\/uploads\/schulungszentrum-1.jpg","type":"","width":"","height":""}],"twitter_card":"summary_large_image","twitter_misc":{"Est. reading time":"1 minute"},"schema":{"@context":"https:\/\/schema.org","@graph":[{"@type":"WebPage","@id":"https:\/\/rotex-metallbauteile.ch\/fr\/panneaux-de-facade\/","url":"https:\/\/rotex-metallbauteile.ch\/fr\/panneaux-de-facade\/","name":"Panneaux de fa\u00e7ade - Rotex Metallbauteile GmbH","isPartOf":{"@id":"https:\/\/rotex-metallbauteile.ch\/fr\/#website"},"primaryImageOfPage":{"@id":"https:\/\/rotex-metallbauteile.ch\/fr\/panneaux-de-facade\/#primaryimage"},"image":{"@id":"https:\/\/rotex-metallbauteile.ch\/fr\/panneaux-de-facade\/#primaryimage"},"thumbnailUrl":"https:\/\/rotex-metallbauteile.ch\/wp-content\/uploads\/schulungszentrum-1.jpg","datePublished":"2022-05-10T10:01:11+00:00","dateModified":"2022-06-01T10:59:40+00:00","breadcrumb":{"@id":"https:\/\/rotex-metallbauteile.ch\/fr\/panneaux-de-facade\/#breadcrumb"},"inLanguage":"fr-FR","potentialAction":[{"@type":"ReadAction","target":["https:\/\/rotex-metallbauteile.ch\/fr\/panneaux-de-facade\/"]}]},{"@type":"ImageObject","inLanguage":"fr-FR","@id":"https:\/\/rotex-metallbauteile.ch\/fr\/panneaux-de-facade\/#primaryimage","url":"https:\/\/rotex-metallbauteile.ch\/wp-content\/uploads\/schulungszentrum-1.jpg","contentUrl":"https:\/\/rotex-metallbauteile.ch\/wp-content\/uploads\/schulungszentrum-1.jpg"},{"@type":"BreadcrumbList","@id":"https:\/\/rotex-metallbauteile.ch\/fr\/panneaux-de-facade\/#breadcrumb","itemListElement":[{"@type":"ListItem","position":1,"name":"Startseite","item":"https:\/\/rotex-metallbauteile.ch\/fr\/"},{"@type":"ListItem","position":2,"name":"Panneaux de fa\u00e7ade"}]},{"@type":"WebSite","@id":"https:\/\/rotex-metallbauteile.ch\/fr\/#website","url":"https:\/\/rotex-metallbauteile.ch\/fr\/","name":"Rotex Metallbauteile GmbH","description":"","publisher":{"@id":"https:\/\/rotex-metallbauteile.ch\/fr\/#organization"},"potentialAction":[{"@type":"SearchAction","target":{"@type":"EntryPoint","urlTemplate":"https:\/\/rotex-metallbauteile.ch\/fr\/?s={search_term_string}"},"query-input":{"@type":"PropertyValueSpecification","valueRequired":true,"valueName":"search_term_string"}}],"inLanguage":"fr-FR"},{"@type":"Organization","@id":"https:\/\/rotex-metallbauteile.ch\/fr\/#organization","name":"Rotex Metallbauteile GmbH","url":"https:\/\/rotex-metallbauteile.ch\/fr\/","logo":{"@type":"ImageObject","inLanguage":"fr-FR","@id":"https:\/\/rotex-metallbauteile.ch\/fr\/#\/schema\/logo\/image\/","url":"https:\/\/rotex-metallbauteile.ch\/wp-content\/uploads\/logo_ohne_redbar.png","contentUrl":"https:\/\/rotex-metallbauteile.ch\/wp-content\/uploads\/logo_ohne_redbar.png","width":409,"height":126,"caption":"Rotex Metallbauteile GmbH"},"image":{"@id":"https:\/\/rotex-metallbauteile.ch\/fr\/#\/schema\/logo\/image\/"},"sameAs":["https:\/\/www.linkedin.com\/company\/rotex-metallbauteile\/"]}]}},"_links":{"self":[{"href":"https:\/\/rotex-metallbauteile.ch\/fr\/wp-json\/wp\/v2\/pages\/4297","targetHints":{"allow":["GET"]}}],"collection":[{"href":"https:\/\/rotex-metallbauteile.ch\/fr\/wp-json\/wp\/v2\/pages"}],"about":[{"href":"https:\/\/rotex-metallbauteile.ch\/fr\/wp-json\/wp\/v2\/types\/page"}],"author":[{"embeddable":true,"href":"https:\/\/rotex-metallbauteile.ch\/fr\/wp-json\/wp\/v2\/users\/2"}],"replies":[{"embeddable":true,"href":"https:\/\/rotex-metallbauteile.ch\/fr\/wp-json\/wp\/v2\/comments?post=4297"}],"version-history":[{"count":0,"href":"https:\/\/rotex-metallbauteile.ch\/fr\/wp-json\/wp\/v2\/pages\/4297\/revisions"}],"wp:attachment":[{"href":"https:\/\/rotex-metallbauteile.ch\/fr\/wp-json\/wp\/v2\/media?parent=4297"}],"curies":[{"name":"wp","href":"https:\/\/api.w.org\/{rel}","templated":true}]}}