{"id":3910,"date":"2019-10-30T10:20:55","date_gmt":"2019-10-30T09:20:55","guid":{"rendered":"https:\/\/rotex-metallbauteile.ch\/soziales\/"},"modified":"2024-04-30T09:45:46","modified_gmt":"2024-04-30T07:45:46","slug":"soziales","status":"publish","type":"page","link":"https:\/\/rotex-metallbauteile.ch\/fr\/soziales\/","title":{"rendered":"Social"},"content":{"rendered":"\t\t<div data-elementor-type=\"wp-page\" data-elementor-id=\"3910\" class=\"elementor elementor-3910 elementor-196\" data-elementor-post-type=\"page\">\n\t\t\t\t\t\t<section class=\"has_ae_slider elementor-section elementor-top-section elementor-element elementor-element-4e8b63ef elementor-section-full_width elementor-section-height-default elementor-section-height-default ae-bg-gallery-type-default\" data-id=\"4e8b63ef\" data-element_type=\"section\" data-e-type=\"section\">\n\t\t\t\t\t\t<div class=\"elementor-container elementor-column-gap-default\">\n\t\t\t\t\t<div class=\"has_ae_slider elementor-column elementor-col-100 elementor-top-column elementor-element elementor-element-1a5a7a6d ae-bg-gallery-type-default\" data-id=\"1a5a7a6d\" data-element_type=\"column\" data-e-type=\"column\">\n\t\t\t<div class=\"elementor-widget-wrap elementor-element-populated\">\n\t\t\t\t\t\t<div class=\"elementor-element elementor-element-6ec9d8a0 elementor-widget elementor-widget-heading\" data-id=\"6ec9d8a0\" data-element_type=\"widget\" data-e-type=\"widget\" data-widget_type=\"heading.default\">\n\t\t\t\t<div class=\"elementor-widget-container\">\n\t\t\t\t\t<h2 class=\"elementor-heading-title elementor-size-default\">Social<\/h2>\t\t\t\t<\/div>\n\t\t\t\t<\/div>\n\t\t\t\t\t<\/div>\n\t\t<\/div>\n\t\t\t\t\t<\/div>\n\t\t<\/section>\n\t\t\t\t<section class=\"has_ae_slider elementor-section elementor-top-section elementor-element elementor-element-7cd07680 elementor-section-full_width elementor-section-height-default elementor-section-height-default ae-bg-gallery-type-default\" data-id=\"7cd07680\" data-element_type=\"section\" data-e-type=\"section\">\n\t\t\t\t\t\t<div class=\"elementor-container elementor-column-gap-default\">\n\t\t\t\t\t<div class=\"has_ae_slider elementor-column elementor-col-66 elementor-top-column elementor-element elementor-element-796014e3 ae-bg-gallery-type-default\" data-id=\"796014e3\" data-element_type=\"column\" data-e-type=\"column\">\n\t\t\t<div class=\"elementor-widget-wrap elementor-element-populated\">\n\t\t\t\t\t\t<div class=\"elementor-element elementor-element-e764f0 elementor-widget elementor-widget-text-editor\" data-id=\"e764f0\" data-element_type=\"widget\" data-e-type=\"widget\" data-widget_type=\"text-editor.default\">\n\t\t\t\t<div class=\"elementor-widget-container\">\n\t\t\t\t\t\t\t\t\t<h1><span style=\"color: #e7302b;\">Notre engagement<\/span><\/h1>\n<div class=\"columnleft\">\n<div>\n<p>Rotex Metallbauteile S\u00e0rl s&#8217;engage socialement au niveau local. Par le biais d&#8217;un sponsoring, nous soutenons le bus Kinderspitex de Suisse orientale. Nous permettons ainsi aux enfants malades de b\u00e9n\u00e9ficier de soins \u00e0 domicile et d&#8217;un processus de gu\u00e9rison aussi rapide que possible.<\/p>\n<p><strong>Plus d&#8217;informations:<\/strong><br \/><a href=\"http:\/\/www.kinderspitex-ostschweiz.ch\/\" target=\"_blank\" rel=\"noopener\">http:\/\/www.kinderspitex-ostschweiz.ch\/<\/a><br \/><a href=\"https:\/\/rotex-metallbauteile.ch\/wp-content\/uploads\/kinderspitex_dankesschreiben.pdf\" target=\"_blank\" rel=\"noopener\">Lettre de remerciement de Kinderspitex<\/a><\/p>\n<\/div>\n<\/div>\n\t\t\t\t\t\t\t\t<\/div>\n\t\t\t\t<\/div>\n\t\t\t\t\t<\/div>\n\t\t<\/div>\n\t\t\t\t<div class=\"has_ae_slider elementor-column elementor-col-33 elementor-top-column elementor-element elementor-element-71164260 ae-bg-gallery-type-default\" data-id=\"71164260\" data-element_type=\"column\" data-e-type=\"column\">\n\t\t\t<div class=\"elementor-widget-wrap elementor-element-populated\">\n\t\t\t\t\t\t<div class=\"elementor-element elementor-element-716a8edc elementor-widget elementor-widget-image\" data-id=\"716a8edc\" data-element_type=\"widget\" data-e-type=\"widget\" data-widget_type=\"image.default\">\n\t\t\t\t<div class=\"elementor-widget-container\">\n\t\t\t\t\t\t\t\t\t\t\t\t\t\t\t<img fetchpriority=\"high\" decoding=\"async\" width=\"678\" height=\"640\" src=\"https:\/\/rotex-metallbauteile.ch\/wp-content\/uploads\/115_Wil_Front-scaled-e1714385811468.jpg\" class=\"attachment-full size-full wp-image-7572\" alt=\"Kinderspitex Wil VW Bus\" \/>\t\t\t\t\t\t\t\t\t\t\t\t\t\t\t<\/div>\n\t\t\t\t<\/div>\n\t\t\t\t\t<\/div>\n\t\t<\/div>\n\t\t\t\t\t<\/div>\n\t\t<\/section>\n\t\t\t\t<section class=\"has_ae_slider elementor-section elementor-top-section elementor-element elementor-element-75152c5 elementor-section-boxed elementor-section-height-default elementor-section-height-default ae-bg-gallery-type-default\" data-id=\"75152c5\" data-element_type=\"section\" data-e-type=\"section\">\n\t\t\t\t\t\t<div class=\"elementor-container elementor-column-gap-no\">\n\t\t\t\t\t<div class=\"has_ae_slider elementor-column elementor-col-100 elementor-top-column elementor-element elementor-element-45913f5 ae-bg-gallery-type-default\" data-id=\"45913f5\" data-element_type=\"column\" data-e-type=\"column\">\n\t\t\t<div class=\"elementor-widget-wrap elementor-element-populated\">\n\t\t\t\t\t\t<div class=\"elementor-element elementor-element-ad435c0 elementor-widget elementor-widget-image\" data-id=\"ad435c0\" data-element_type=\"widget\" data-e-type=\"widget\" data-widget_type=\"image.default\">\n\t\t\t\t<div class=\"elementor-widget-container\">\n\t\t\t\t\t\t\t\t\t\t\t\t\t\t\t<img decoding=\"async\" width=\"1024\" height=\"473\" src=\"https:\/\/rotex-metallbauteile.ch\/wp-content\/uploads\/115_Wil_Links-Vorne-1024x473.jpg\" class=\"attachment-large size-large wp-image-7576\" alt=\"Kinderspitex Familienauto Wil VW Bus\" srcset=\"https:\/\/rotex-metallbauteile.ch\/wp-content\/uploads\/115_Wil_Links-Vorne-1024x473.jpg 1024w, https:\/\/rotex-metallbauteile.ch\/wp-content\/uploads\/115_Wil_Links-Vorne-300x139.jpg 300w, https:\/\/rotex-metallbauteile.ch\/wp-content\/uploads\/115_Wil_Links-Vorne-768x355.jpg 768w, https:\/\/rotex-metallbauteile.ch\/wp-content\/uploads\/115_Wil_Links-Vorne-1536x709.jpg 1536w, https:\/\/rotex-metallbauteile.ch\/wp-content\/uploads\/115_Wil_Links-Vorne-2048x946.jpg 2048w\" sizes=\"(max-width: 1024px) 100vw, 1024px\" \/>\t\t\t\t\t\t\t\t\t\t\t\t\t\t\t<\/div>\n\t\t\t\t<\/div>\n\t\t\t\t\t<\/div>\n\t\t<\/div>\n\t\t\t\t\t<\/div>\n\t\t<\/section>\n\t\t\t\t<\/div>\n\t\t","protected":false},"excerpt":{"rendered":"<p>Social Notre engagement Rotex Metallbauteile S\u00e0rl s&#8217;engage socialement au niveau local. Par le biais d&#8217;un sponsoring, nous soutenons le bus Kinderspitex de Suisse orientale. Nous permettons ainsi aux enfants malades de b\u00e9n\u00e9ficier de soins \u00e0 domicile et d&#8217;un processus de gu\u00e9rison aussi rapide que possible. Plus d&#8217;informations:http:\/\/www.kinderspitex-ostschweiz.ch\/Lettre de remerciement de Kinderspitex<\/p>\n","protected":false},"author":1,"featured_media":0,"parent":0,"menu_order":0,"comment_status":"closed","ping_status":"closed","template":"","meta":{"_acf_changed":false,"inline_featured_image":false,"footnotes":""},"class_list":["post-3910","page","type-page","status-publish"],"acf":[],"yoast_head":"<!-- This site is optimized with the Yoast SEO plugin v27.2 - https:\/\/yoast.com\/product\/yoast-seo-wordpress\/ -->\n<title>Social - Rotex Metallbauteile GmbH<\/title>\n<meta name=\"robots\" content=\"index, follow, max-snippet:-1, max-image-preview:large, max-video-preview:-1\" \/>\n<link rel=\"canonical\" href=\"https:\/\/rotex-metallbauteile.ch\/fr\/soziales\/\" \/>\n<meta property=\"og:locale\" content=\"fr_FR\" \/>\n<meta property=\"og:type\" content=\"article\" \/>\n<meta property=\"og:title\" content=\"Social - Rotex Metallbauteile GmbH\" \/>\n<meta property=\"og:description\" content=\"Social Notre engagement Rotex Metallbauteile S\u00e0rl s&#8217;engage socialement au niveau local. Par le biais d&#8217;un sponsoring, nous soutenons le bus Kinderspitex de Suisse orientale. Nous permettons ainsi aux enfants malades de b\u00e9n\u00e9ficier de soins \u00e0 domicile et d&#8217;un processus de gu\u00e9rison aussi rapide que possible. Plus d&#8217;informations:http:\/\/www.kinderspitex-ostschweiz.ch\/Lettre de remerciement de Kinderspitex\" \/>\n<meta property=\"og:url\" content=\"https:\/\/rotex-metallbauteile.ch\/fr\/soziales\/\" \/>\n<meta property=\"og:site_name\" content=\"Rotex Metallbauteile GmbH\" \/>\n<meta property=\"article:modified_time\" content=\"2024-04-30T07:45:46+00:00\" \/>\n<meta property=\"og:image\" content=\"https:\/\/rotex-metallbauteile.ch\/wp-content\/uploads\/115_Wil_Front-scaled-e1714385811468.jpg\" \/>\n<meta name=\"twitter:card\" content=\"summary_large_image\" \/>\n<meta name=\"twitter:label1\" content=\"Est. reading time\" \/>\n\t<meta name=\"twitter:data1\" content=\"1 minute\" \/>\n<script type=\"application\/ld+json\" class=\"yoast-schema-graph\">{\"@context\":\"https:\/\/schema.org\",\"@graph\":[{\"@type\":\"WebPage\",\"@id\":\"https:\/\/rotex-metallbauteile.ch\/fr\/soziales\/\",\"url\":\"https:\/\/rotex-metallbauteile.ch\/fr\/soziales\/\",\"name\":\"Social - Rotex Metallbauteile GmbH\",\"isPartOf\":{\"@id\":\"https:\/\/rotex-metallbauteile.ch\/fr\/#website\"},\"primaryImageOfPage\":{\"@id\":\"https:\/\/rotex-metallbauteile.ch\/fr\/soziales\/#primaryimage\"},\"image\":{\"@id\":\"https:\/\/rotex-metallbauteile.ch\/fr\/soziales\/#primaryimage\"},\"thumbnailUrl\":\"https:\/\/rotex-metallbauteile.ch\/wp-content\/uploads\/115_Wil_Front-scaled-e1714385811468.jpg\",\"datePublished\":\"2019-10-30T09:20:55+00:00\",\"dateModified\":\"2024-04-30T07:45:46+00:00\",\"breadcrumb\":{\"@id\":\"https:\/\/rotex-metallbauteile.ch\/fr\/soziales\/#breadcrumb\"},\"inLanguage\":\"fr-FR\",\"potentialAction\":[{\"@type\":\"ReadAction\",\"target\":[\"https:\/\/rotex-metallbauteile.ch\/fr\/soziales\/\"]}]},{\"@type\":\"ImageObject\",\"inLanguage\":\"fr-FR\",\"@id\":\"https:\/\/rotex-metallbauteile.ch\/fr\/soziales\/#primaryimage\",\"url\":\"https:\/\/rotex-metallbauteile.ch\/wp-content\/uploads\/115_Wil_Front-scaled-e1714385811468.jpg\",\"contentUrl\":\"https:\/\/rotex-metallbauteile.ch\/wp-content\/uploads\/115_Wil_Front-scaled-e1714385811468.jpg\"},{\"@type\":\"BreadcrumbList\",\"@id\":\"https:\/\/rotex-metallbauteile.ch\/fr\/soziales\/#breadcrumb\",\"itemListElement\":[{\"@type\":\"ListItem\",\"position\":1,\"name\":\"Startseite\",\"item\":\"https:\/\/rotex-metallbauteile.ch\/fr\/\"},{\"@type\":\"ListItem\",\"position\":2,\"name\":\"Social\"}]},{\"@type\":\"WebSite\",\"@id\":\"https:\/\/rotex-metallbauteile.ch\/fr\/#website\",\"url\":\"https:\/\/rotex-metallbauteile.ch\/fr\/\",\"name\":\"Rotex Metallbauteile GmbH\",\"description\":\"\",\"publisher\":{\"@id\":\"https:\/\/rotex-metallbauteile.ch\/fr\/#organization\"},\"potentialAction\":[{\"@type\":\"SearchAction\",\"target\":{\"@type\":\"EntryPoint\",\"urlTemplate\":\"https:\/\/rotex-metallbauteile.ch\/fr\/?s={search_term_string}\"},\"query-input\":{\"@type\":\"PropertyValueSpecification\",\"valueRequired\":true,\"valueName\":\"search_term_string\"}}],\"inLanguage\":\"fr-FR\"},{\"@type\":\"Organization\",\"@id\":\"https:\/\/rotex-metallbauteile.ch\/fr\/#organization\",\"name\":\"Rotex Metallbauteile GmbH\",\"url\":\"https:\/\/rotex-metallbauteile.ch\/fr\/\",\"logo\":{\"@type\":\"ImageObject\",\"inLanguage\":\"fr-FR\",\"@id\":\"https:\/\/rotex-metallbauteile.ch\/fr\/#\/schema\/logo\/image\/\",\"url\":\"https:\/\/rotex-metallbauteile.ch\/wp-content\/uploads\/logo_ohne_redbar.png\",\"contentUrl\":\"https:\/\/rotex-metallbauteile.ch\/wp-content\/uploads\/logo_ohne_redbar.png\",\"width\":409,\"height\":126,\"caption\":\"Rotex Metallbauteile GmbH\"},\"image\":{\"@id\":\"https:\/\/rotex-metallbauteile.ch\/fr\/#\/schema\/logo\/image\/\"},\"sameAs\":[\"https:\/\/www.linkedin.com\/company\/rotex-metallbauteile\/\"]}]}<\/script>\n<!-- \/ Yoast SEO plugin. -->","yoast_head_json":{"title":"Social - Rotex Metallbauteile GmbH","robots":{"index":"index","follow":"follow","max-snippet":"max-snippet:-1","max-image-preview":"max-image-preview:large","max-video-preview":"max-video-preview:-1"},"canonical":"https:\/\/rotex-metallbauteile.ch\/fr\/soziales\/","og_locale":"fr_FR","og_type":"article","og_title":"Social - Rotex Metallbauteile GmbH","og_description":"Social Notre engagement Rotex Metallbauteile S\u00e0rl s&#8217;engage socialement au niveau local. Par le biais d&#8217;un sponsoring, nous soutenons le bus Kinderspitex de Suisse orientale. Nous permettons ainsi aux enfants malades de b\u00e9n\u00e9ficier de soins \u00e0 domicile et d&#8217;un processus de gu\u00e9rison aussi rapide que possible. Plus d&#8217;informations:http:\/\/www.kinderspitex-ostschweiz.ch\/Lettre de remerciement de Kinderspitex","og_url":"https:\/\/rotex-metallbauteile.ch\/fr\/soziales\/","og_site_name":"Rotex Metallbauteile GmbH","article_modified_time":"2024-04-30T07:45:46+00:00","og_image":[{"url":"https:\/\/rotex-metallbauteile.ch\/wp-content\/uploads\/115_Wil_Front-scaled-e1714385811468.jpg","type":"","width":"","height":""}],"twitter_card":"summary_large_image","twitter_misc":{"Est. reading time":"1 minute"},"schema":{"@context":"https:\/\/schema.org","@graph":[{"@type":"WebPage","@id":"https:\/\/rotex-metallbauteile.ch\/fr\/soziales\/","url":"https:\/\/rotex-metallbauteile.ch\/fr\/soziales\/","name":"Social - Rotex Metallbauteile GmbH","isPartOf":{"@id":"https:\/\/rotex-metallbauteile.ch\/fr\/#website"},"primaryImageOfPage":{"@id":"https:\/\/rotex-metallbauteile.ch\/fr\/soziales\/#primaryimage"},"image":{"@id":"https:\/\/rotex-metallbauteile.ch\/fr\/soziales\/#primaryimage"},"thumbnailUrl":"https:\/\/rotex-metallbauteile.ch\/wp-content\/uploads\/115_Wil_Front-scaled-e1714385811468.jpg","datePublished":"2019-10-30T09:20:55+00:00","dateModified":"2024-04-30T07:45:46+00:00","breadcrumb":{"@id":"https:\/\/rotex-metallbauteile.ch\/fr\/soziales\/#breadcrumb"},"inLanguage":"fr-FR","potentialAction":[{"@type":"ReadAction","target":["https:\/\/rotex-metallbauteile.ch\/fr\/soziales\/"]}]},{"@type":"ImageObject","inLanguage":"fr-FR","@id":"https:\/\/rotex-metallbauteile.ch\/fr\/soziales\/#primaryimage","url":"https:\/\/rotex-metallbauteile.ch\/wp-content\/uploads\/115_Wil_Front-scaled-e1714385811468.jpg","contentUrl":"https:\/\/rotex-metallbauteile.ch\/wp-content\/uploads\/115_Wil_Front-scaled-e1714385811468.jpg"},{"@type":"BreadcrumbList","@id":"https:\/\/rotex-metallbauteile.ch\/fr\/soziales\/#breadcrumb","itemListElement":[{"@type":"ListItem","position":1,"name":"Startseite","item":"https:\/\/rotex-metallbauteile.ch\/fr\/"},{"@type":"ListItem","position":2,"name":"Social"}]},{"@type":"WebSite","@id":"https:\/\/rotex-metallbauteile.ch\/fr\/#website","url":"https:\/\/rotex-metallbauteile.ch\/fr\/","name":"Rotex Metallbauteile GmbH","description":"","publisher":{"@id":"https:\/\/rotex-metallbauteile.ch\/fr\/#organization"},"potentialAction":[{"@type":"SearchAction","target":{"@type":"EntryPoint","urlTemplate":"https:\/\/rotex-metallbauteile.ch\/fr\/?s={search_term_string}"},"query-input":{"@type":"PropertyValueSpecification","valueRequired":true,"valueName":"search_term_string"}}],"inLanguage":"fr-FR"},{"@type":"Organization","@id":"https:\/\/rotex-metallbauteile.ch\/fr\/#organization","name":"Rotex Metallbauteile GmbH","url":"https:\/\/rotex-metallbauteile.ch\/fr\/","logo":{"@type":"ImageObject","inLanguage":"fr-FR","@id":"https:\/\/rotex-metallbauteile.ch\/fr\/#\/schema\/logo\/image\/","url":"https:\/\/rotex-metallbauteile.ch\/wp-content\/uploads\/logo_ohne_redbar.png","contentUrl":"https:\/\/rotex-metallbauteile.ch\/wp-content\/uploads\/logo_ohne_redbar.png","width":409,"height":126,"caption":"Rotex Metallbauteile GmbH"},"image":{"@id":"https:\/\/rotex-metallbauteile.ch\/fr\/#\/schema\/logo\/image\/"},"sameAs":["https:\/\/www.linkedin.com\/company\/rotex-metallbauteile\/"]}]}},"_links":{"self":[{"href":"https:\/\/rotex-metallbauteile.ch\/fr\/wp-json\/wp\/v2\/pages\/3910","targetHints":{"allow":["GET"]}}],"collection":[{"href":"https:\/\/rotex-metallbauteile.ch\/fr\/wp-json\/wp\/v2\/pages"}],"about":[{"href":"https:\/\/rotex-metallbauteile.ch\/fr\/wp-json\/wp\/v2\/types\/page"}],"author":[{"embeddable":true,"href":"https:\/\/rotex-metallbauteile.ch\/fr\/wp-json\/wp\/v2\/users\/1"}],"replies":[{"embeddable":true,"href":"https:\/\/rotex-metallbauteile.ch\/fr\/wp-json\/wp\/v2\/comments?post=3910"}],"version-history":[{"count":0,"href":"https:\/\/rotex-metallbauteile.ch\/fr\/wp-json\/wp\/v2\/pages\/3910\/revisions"}],"wp:attachment":[{"href":"https:\/\/rotex-metallbauteile.ch\/fr\/wp-json\/wp\/v2\/media?parent=3910"}],"curies":[{"name":"wp","href":"https:\/\/api.w.org\/{rel}","templated":true}]}}