{"id":6702,"date":"2023-12-13T09:44:15","date_gmt":"2023-12-13T08:44:15","guid":{"rendered":"https:\/\/rotex-metallbauteile.ch\/propos-de-nous\/"},"modified":"2023-12-13T09:44:16","modified_gmt":"2023-12-13T08:44:16","slug":"propos-de-nous","status":"publish","type":"page","link":"https:\/\/rotex-metallbauteile.ch\/de\/propos-de-nous\/","title":{"rendered":"Propos de nous"},"content":{"rendered":"\t\t<div data-elementor-type=\"wp-page\" data-elementor-id=\"6702\" class=\"elementor elementor-6702\" data-elementor-post-type=\"page\">\n\t\t\t\t\t\t<section class=\"has_ae_slider elementor-section elementor-top-section elementor-element elementor-element-6b2b5f4 elementor-section-full_width elementor-section-height-default elementor-section-height-default ae-bg-gallery-type-default\" data-id=\"6b2b5f4\" data-element_type=\"section\" data-e-type=\"section\">\n\t\t\t\t\t\t<div class=\"elementor-container elementor-column-gap-default\">\n\t\t\t\t\t<div class=\"has_ae_slider elementor-column elementor-col-100 elementor-top-column elementor-element elementor-element-51d5cb6 ae-bg-gallery-type-default\" data-id=\"51d5cb6\" data-element_type=\"column\" data-e-type=\"column\">\n\t\t\t<div class=\"elementor-widget-wrap elementor-element-populated\">\n\t\t\t\t\t\t<div class=\"elementor-element elementor-element-0009ae7 elementor-widget elementor-widget-image\" data-id=\"0009ae7\" data-element_type=\"widget\" data-e-type=\"widget\" data-widget_type=\"image.default\">\n\t\t\t\t<div class=\"elementor-widget-container\">\n\t\t\t\t\t\t\t\t\t\t\t\t\t\t\t<img fetchpriority=\"high\" decoding=\"async\" width=\"2506\" height=\"1128\" src=\"https:\/\/rotex-metallbauteile.ch\/wp-content\/uploads\/Rotex-Metallbauteile-Team-s.jpg\" class=\"attachment-full size-full wp-image-5680\" alt=\"Team Rotex Metallbauteile GmbH\" srcset=\"https:\/\/rotex-metallbauteile.ch\/wp-content\/uploads\/Rotex-Metallbauteile-Team-s.jpg 2506w, https:\/\/rotex-metallbauteile.ch\/wp-content\/uploads\/Rotex-Metallbauteile-Team-s-300x135.jpg 300w, https:\/\/rotex-metallbauteile.ch\/wp-content\/uploads\/Rotex-Metallbauteile-Team-s-1024x461.jpg 1024w, https:\/\/rotex-metallbauteile.ch\/wp-content\/uploads\/Rotex-Metallbauteile-Team-s-768x346.jpg 768w, https:\/\/rotex-metallbauteile.ch\/wp-content\/uploads\/Rotex-Metallbauteile-Team-s-1536x691.jpg 1536w, https:\/\/rotex-metallbauteile.ch\/wp-content\/uploads\/Rotex-Metallbauteile-Team-s-2048x922.jpg 2048w\" sizes=\"(max-width: 2506px) 100vw, 2506px\" \/>\t\t\t\t\t\t\t\t\t\t\t\t\t\t\t<\/div>\n\t\t\t\t<\/div>\n\t\t\t\t\t<\/div>\n\t\t<\/div>\n\t\t\t\t\t<\/div>\n\t\t<\/section>\n\t\t\t\t<section class=\"has_ae_slider elementor-section elementor-top-section elementor-element elementor-element-e48eb0b elementor-section-full_width elementor-section-height-default elementor-section-height-default ae-bg-gallery-type-default\" data-id=\"e48eb0b\" data-element_type=\"section\" data-e-type=\"section\">\n\t\t\t\t\t\t<div class=\"elementor-container elementor-column-gap-default\">\n\t\t\t\t\t<div class=\"has_ae_slider elementor-column elementor-col-100 elementor-top-column elementor-element elementor-element-ac6f3cd ae-bg-gallery-type-default\" data-id=\"ac6f3cd\" data-element_type=\"column\" data-e-type=\"column\">\n\t\t\t<div class=\"elementor-widget-wrap elementor-element-populated\">\n\t\t\t\t\t\t<div class=\"elementor-element elementor-element-aba4cfc elementor-widget elementor-widget-heading\" data-id=\"aba4cfc\" data-element_type=\"widget\" data-e-type=\"widget\" data-widget_type=\"heading.default\">\n\t\t\t\t<div class=\"elementor-widget-container\">\n\t\t\t\t\t<h1 class=\"elementor-heading-title elementor-size-large\">Propos de nous<\/h1>\t\t\t\t<\/div>\n\t\t\t\t<\/div>\n\t\t\t\t\t<\/div>\n\t\t<\/div>\n\t\t\t\t\t<\/div>\n\t\t<\/section>\n\t\t\t\t<section class=\"has_ae_slider elementor-section elementor-top-section elementor-element elementor-element-0c90fe8 elementor-section-full_width elementor-section-height-default elementor-section-height-default ae-bg-gallery-type-default\" data-id=\"0c90fe8\" data-element_type=\"section\" data-e-type=\"section\">\n\t\t\t\t\t\t<div class=\"elementor-container elementor-column-gap-default\">\n\t\t\t\t\t<div class=\"has_ae_slider elementor-column elementor-col-66 elementor-top-column elementor-element elementor-element-4699feb ae-bg-gallery-type-default\" data-id=\"4699feb\" data-element_type=\"column\" data-e-type=\"column\">\n\t\t\t<div class=\"elementor-widget-wrap elementor-element-populated\">\n\t\t\t\t\t\t<div class=\"elementor-element elementor-element-8abbb98 elementor-widget elementor-widget-text-editor\" data-id=\"8abbb98\" data-element_type=\"widget\" data-e-type=\"widget\" data-widget_type=\"text-editor.default\">\n\t\t\t\t<div class=\"elementor-widget-container\">\n\t\t\t\t\t\t\t\t\t<div>\n<p>Depuis sa cr\u00e9ation <strong>en 1989,<\/strong> Rotex se caract\u00e9rise par une structure organisationnelle l\u00e9g\u00e8re et des temps de r\u00e9action rapides. L&#8217;accent mis sur des fournisseurs soigneusement s\u00e9lectionn\u00e9s garantit des <strong>normes de qualit\u00e9<\/strong> \u00e9lev\u00e9es pour tous les produits.<\/p>\n<p>Il convient de souligner les lignes express pour les grilles de ventilation et les caillebotis, qui offrent aux clients des avantages en termes d&#8217;efficacit\u00e9. La production \u00e0 Zuzwil ainsi qu&#8217;une logistique optimis\u00e9e permettent <strong>des d\u00e9lais de livraison<\/strong> <strong>de 10 jours<\/strong> ouvrables au maximum.<\/p>\n<p>Rotex est pr\u00eat \u00e0 aider les personnes int\u00e9ress\u00e9es en leur fournissant de la documentation suppl\u00e9mentaire, en leur demandant des \u00e9chantillons ou en leur rendant <strong>visite personnellement.<\/strong> L&#8217;\u00e9quipe engag\u00e9e se tient \u00e0 la disposition des clients et les soutient dans leurs d\u00e9marches.<\/p>\n<\/div>\n\t\t\t\t\t\t\t\t<\/div>\n\t\t\t\t<\/div>\n\t\t\t\t\t<\/div>\n\t\t<\/div>\n\t\t\t\t<div class=\"has_ae_slider elementor-column elementor-col-33 elementor-top-column elementor-element elementor-element-6e0463b ae-bg-gallery-type-default\" data-id=\"6e0463b\" data-element_type=\"column\" data-e-type=\"column\">\n\t\t\t<div class=\"elementor-widget-wrap elementor-element-populated\">\n\t\t\t\t\t\t\t<\/div>\n\t\t<\/div>\n\t\t\t\t\t<\/div>\n\t\t<\/section>\n\t\t\t\t<\/div>\n\t\t","protected":false},"excerpt":{"rendered":"<p>Propos de nous Depuis sa cr\u00e9ation en 1989, Rotex se caract\u00e9rise par une structure organisationnelle l\u00e9g\u00e8re et des temps de r\u00e9action rapides. L&#8217;accent mis sur des fournisseurs soigneusement s\u00e9lectionn\u00e9s garantit des normes de qualit\u00e9 \u00e9lev\u00e9es pour tous les produits. Il convient de souligner les lignes express pour les grilles de ventilation et les caillebotis, qui &#8230; <a title=\"Propos de nous\" class=\"read-more\" href=\"https:\/\/rotex-metallbauteile.ch\/de\/propos-de-nous\/\" aria-label=\"Mehr Informationen \u00fcber Propos de nous\">Weiterlesen<\/a><\/p>\n","protected":false},"author":3,"featured_media":0,"parent":0,"menu_order":0,"comment_status":"closed","ping_status":"closed","template":"","meta":{"_acf_changed":false,"inline_featured_image":false,"footnotes":""},"class_list":["post-6702","page","type-page","status-publish"],"acf":[],"yoast_head":"<!-- This site is optimized with the Yoast SEO plugin v27.2 - https:\/\/yoast.com\/product\/yoast-seo-wordpress\/ -->\n<title>Propos de nous - Rotex Metallbauteile GmbH<\/title>\n<meta name=\"robots\" content=\"index, follow, max-snippet:-1, max-image-preview:large, max-video-preview:-1\" \/>\n<link rel=\"canonical\" href=\"https:\/\/rotex-metallbauteile.ch\/de\/propos-de-nous\/\" \/>\n<meta property=\"og:locale\" content=\"de_DE\" \/>\n<meta property=\"og:type\" content=\"article\" \/>\n<meta property=\"og:title\" content=\"Propos de nous - Rotex Metallbauteile GmbH\" \/>\n<meta property=\"og:description\" content=\"Propos de nous Depuis sa cr\u00e9ation en 1989, Rotex se caract\u00e9rise par une structure organisationnelle l\u00e9g\u00e8re et des temps de r\u00e9action rapides. L&#8217;accent mis sur des fournisseurs soigneusement s\u00e9lectionn\u00e9s garantit des normes de qualit\u00e9 \u00e9lev\u00e9es pour tous les produits. Il convient de souligner les lignes express pour les grilles de ventilation et les caillebotis, qui ... Weiterlesen\" \/>\n<meta property=\"og:url\" content=\"https:\/\/rotex-metallbauteile.ch\/de\/propos-de-nous\/\" \/>\n<meta property=\"og:site_name\" content=\"Rotex Metallbauteile GmbH\" \/>\n<meta property=\"article:modified_time\" content=\"2023-12-13T08:44:16+00:00\" \/>\n<meta property=\"og:image\" content=\"https:\/\/rotex-metallbauteile.ch\/wp-content\/uploads\/Rotex-Metallbauteile-Team-s.jpg\" \/>\n<meta name=\"twitter:card\" content=\"summary_large_image\" \/>\n<meta name=\"twitter:label1\" content=\"Gesch\u00e4tzte Lesezeit\" \/>\n\t<meta name=\"twitter:data1\" content=\"1\u00a0Minute\" \/>\n<script type=\"application\/ld+json\" class=\"yoast-schema-graph\">{\"@context\":\"https:\/\/schema.org\",\"@graph\":[{\"@type\":\"WebPage\",\"@id\":\"https:\/\/rotex-metallbauteile.ch\/de\/propos-de-nous\/\",\"url\":\"https:\/\/rotex-metallbauteile.ch\/de\/propos-de-nous\/\",\"name\":\"Propos de nous - Rotex Metallbauteile GmbH\",\"isPartOf\":{\"@id\":\"https:\/\/rotex-metallbauteile.ch\/de\/#website\"},\"primaryImageOfPage\":{\"@id\":\"https:\/\/rotex-metallbauteile.ch\/de\/propos-de-nous\/#primaryimage\"},\"image\":{\"@id\":\"https:\/\/rotex-metallbauteile.ch\/de\/propos-de-nous\/#primaryimage\"},\"thumbnailUrl\":\"https:\/\/rotex-metallbauteile.ch\/wp-content\/uploads\/Rotex-Metallbauteile-Team-s.jpg\",\"datePublished\":\"2023-12-13T08:44:15+00:00\",\"dateModified\":\"2023-12-13T08:44:16+00:00\",\"breadcrumb\":{\"@id\":\"https:\/\/rotex-metallbauteile.ch\/de\/propos-de-nous\/#breadcrumb\"},\"inLanguage\":\"de\",\"potentialAction\":[{\"@type\":\"ReadAction\",\"target\":[\"https:\/\/rotex-metallbauteile.ch\/de\/propos-de-nous\/\"]}]},{\"@type\":\"ImageObject\",\"inLanguage\":\"de\",\"@id\":\"https:\/\/rotex-metallbauteile.ch\/de\/propos-de-nous\/#primaryimage\",\"url\":\"https:\/\/rotex-metallbauteile.ch\/wp-content\/uploads\/Rotex-Metallbauteile-Team-s.jpg\",\"contentUrl\":\"https:\/\/rotex-metallbauteile.ch\/wp-content\/uploads\/Rotex-Metallbauteile-Team-s.jpg\"},{\"@type\":\"BreadcrumbList\",\"@id\":\"https:\/\/rotex-metallbauteile.ch\/de\/propos-de-nous\/#breadcrumb\",\"itemListElement\":[{\"@type\":\"ListItem\",\"position\":1,\"name\":\"Startseite\",\"item\":\"https:\/\/rotex-metallbauteile.ch\/de\/\"},{\"@type\":\"ListItem\",\"position\":2,\"name\":\"Propos de nous\"}]},{\"@type\":\"WebSite\",\"@id\":\"https:\/\/rotex-metallbauteile.ch\/de\/#website\",\"url\":\"https:\/\/rotex-metallbauteile.ch\/de\/\",\"name\":\"Rotex Metallbauteile GmbH\",\"description\":\"\",\"publisher\":{\"@id\":\"https:\/\/rotex-metallbauteile.ch\/de\/#organization\"},\"potentialAction\":[{\"@type\":\"SearchAction\",\"target\":{\"@type\":\"EntryPoint\",\"urlTemplate\":\"https:\/\/rotex-metallbauteile.ch\/de\/?s={search_term_string}\"},\"query-input\":{\"@type\":\"PropertyValueSpecification\",\"valueRequired\":true,\"valueName\":\"search_term_string\"}}],\"inLanguage\":\"de\"},{\"@type\":\"Organization\",\"@id\":\"https:\/\/rotex-metallbauteile.ch\/de\/#organization\",\"name\":\"Rotex Metallbauteile GmbH\",\"url\":\"https:\/\/rotex-metallbauteile.ch\/de\/\",\"logo\":{\"@type\":\"ImageObject\",\"inLanguage\":\"de\",\"@id\":\"https:\/\/rotex-metallbauteile.ch\/de\/#\/schema\/logo\/image\/\",\"url\":\"https:\/\/rotex-metallbauteile.ch\/wp-content\/uploads\/logo_ohne_redbar.png\",\"contentUrl\":\"https:\/\/rotex-metallbauteile.ch\/wp-content\/uploads\/logo_ohne_redbar.png\",\"width\":409,\"height\":126,\"caption\":\"Rotex Metallbauteile GmbH\"},\"image\":{\"@id\":\"https:\/\/rotex-metallbauteile.ch\/de\/#\/schema\/logo\/image\/\"},\"sameAs\":[\"https:\/\/www.linkedin.com\/company\/rotex-metallbauteile\/\"]}]}<\/script>\n<!-- \/ Yoast SEO plugin. -->","yoast_head_json":{"title":"Propos de nous - Rotex Metallbauteile GmbH","robots":{"index":"index","follow":"follow","max-snippet":"max-snippet:-1","max-image-preview":"max-image-preview:large","max-video-preview":"max-video-preview:-1"},"canonical":"https:\/\/rotex-metallbauteile.ch\/de\/propos-de-nous\/","og_locale":"de_DE","og_type":"article","og_title":"Propos de nous - Rotex Metallbauteile GmbH","og_description":"Propos de nous Depuis sa cr\u00e9ation en 1989, Rotex se caract\u00e9rise par une structure organisationnelle l\u00e9g\u00e8re et des temps de r\u00e9action rapides. L&#8217;accent mis sur des fournisseurs soigneusement s\u00e9lectionn\u00e9s garantit des normes de qualit\u00e9 \u00e9lev\u00e9es pour tous les produits. Il convient de souligner les lignes express pour les grilles de ventilation et les caillebotis, qui ... Weiterlesen","og_url":"https:\/\/rotex-metallbauteile.ch\/de\/propos-de-nous\/","og_site_name":"Rotex Metallbauteile GmbH","article_modified_time":"2023-12-13T08:44:16+00:00","og_image":[{"url":"https:\/\/rotex-metallbauteile.ch\/wp-content\/uploads\/Rotex-Metallbauteile-Team-s.jpg","type":"","width":"","height":""}],"twitter_card":"summary_large_image","twitter_misc":{"Gesch\u00e4tzte Lesezeit":"1\u00a0Minute"},"schema":{"@context":"https:\/\/schema.org","@graph":[{"@type":"WebPage","@id":"https:\/\/rotex-metallbauteile.ch\/de\/propos-de-nous\/","url":"https:\/\/rotex-metallbauteile.ch\/de\/propos-de-nous\/","name":"Propos de nous - Rotex Metallbauteile GmbH","isPartOf":{"@id":"https:\/\/rotex-metallbauteile.ch\/de\/#website"},"primaryImageOfPage":{"@id":"https:\/\/rotex-metallbauteile.ch\/de\/propos-de-nous\/#primaryimage"},"image":{"@id":"https:\/\/rotex-metallbauteile.ch\/de\/propos-de-nous\/#primaryimage"},"thumbnailUrl":"https:\/\/rotex-metallbauteile.ch\/wp-content\/uploads\/Rotex-Metallbauteile-Team-s.jpg","datePublished":"2023-12-13T08:44:15+00:00","dateModified":"2023-12-13T08:44:16+00:00","breadcrumb":{"@id":"https:\/\/rotex-metallbauteile.ch\/de\/propos-de-nous\/#breadcrumb"},"inLanguage":"de","potentialAction":[{"@type":"ReadAction","target":["https:\/\/rotex-metallbauteile.ch\/de\/propos-de-nous\/"]}]},{"@type":"ImageObject","inLanguage":"de","@id":"https:\/\/rotex-metallbauteile.ch\/de\/propos-de-nous\/#primaryimage","url":"https:\/\/rotex-metallbauteile.ch\/wp-content\/uploads\/Rotex-Metallbauteile-Team-s.jpg","contentUrl":"https:\/\/rotex-metallbauteile.ch\/wp-content\/uploads\/Rotex-Metallbauteile-Team-s.jpg"},{"@type":"BreadcrumbList","@id":"https:\/\/rotex-metallbauteile.ch\/de\/propos-de-nous\/#breadcrumb","itemListElement":[{"@type":"ListItem","position":1,"name":"Startseite","item":"https:\/\/rotex-metallbauteile.ch\/de\/"},{"@type":"ListItem","position":2,"name":"Propos de nous"}]},{"@type":"WebSite","@id":"https:\/\/rotex-metallbauteile.ch\/de\/#website","url":"https:\/\/rotex-metallbauteile.ch\/de\/","name":"Rotex Metallbauteile GmbH","description":"","publisher":{"@id":"https:\/\/rotex-metallbauteile.ch\/de\/#organization"},"potentialAction":[{"@type":"SearchAction","target":{"@type":"EntryPoint","urlTemplate":"https:\/\/rotex-metallbauteile.ch\/de\/?s={search_term_string}"},"query-input":{"@type":"PropertyValueSpecification","valueRequired":true,"valueName":"search_term_string"}}],"inLanguage":"de"},{"@type":"Organization","@id":"https:\/\/rotex-metallbauteile.ch\/de\/#organization","name":"Rotex Metallbauteile GmbH","url":"https:\/\/rotex-metallbauteile.ch\/de\/","logo":{"@type":"ImageObject","inLanguage":"de","@id":"https:\/\/rotex-metallbauteile.ch\/de\/#\/schema\/logo\/image\/","url":"https:\/\/rotex-metallbauteile.ch\/wp-content\/uploads\/logo_ohne_redbar.png","contentUrl":"https:\/\/rotex-metallbauteile.ch\/wp-content\/uploads\/logo_ohne_redbar.png","width":409,"height":126,"caption":"Rotex Metallbauteile GmbH"},"image":{"@id":"https:\/\/rotex-metallbauteile.ch\/de\/#\/schema\/logo\/image\/"},"sameAs":["https:\/\/www.linkedin.com\/company\/rotex-metallbauteile\/"]}]}},"_links":{"self":[{"href":"https:\/\/rotex-metallbauteile.ch\/de\/wp-json\/wp\/v2\/pages\/6702","targetHints":{"allow":["GET"]}}],"collection":[{"href":"https:\/\/rotex-metallbauteile.ch\/de\/wp-json\/wp\/v2\/pages"}],"about":[{"href":"https:\/\/rotex-metallbauteile.ch\/de\/wp-json\/wp\/v2\/types\/page"}],"author":[{"embeddable":true,"href":"https:\/\/rotex-metallbauteile.ch\/de\/wp-json\/wp\/v2\/users\/3"}],"replies":[{"embeddable":true,"href":"https:\/\/rotex-metallbauteile.ch\/de\/wp-json\/wp\/v2\/comments?post=6702"}],"version-history":[{"count":0,"href":"https:\/\/rotex-metallbauteile.ch\/de\/wp-json\/wp\/v2\/pages\/6702\/revisions"}],"wp:attachment":[{"href":"https:\/\/rotex-metallbauteile.ch\/de\/wp-json\/wp\/v2\/media?parent=6702"}],"curies":[{"name":"wp","href":"https:\/\/api.w.org\/{rel}","templated":true}]}}