{"id":6688,"date":"2023-12-13T09:00:31","date_gmt":"2023-12-13T08:00:31","guid":{"rendered":"https:\/\/rotex-metallbauteile.ch\/?page_id=6688"},"modified":"2023-12-19T09:35:57","modified_gmt":"2023-12-19T08:35:57","slug":"ueber-uns","status":"publish","type":"page","link":"https:\/\/rotex-metallbauteile.ch\/de\/ueber-uns\/","title":{"rendered":"\u00dcber uns"},"content":{"rendered":"\t\t<div data-elementor-type=\"wp-page\" data-elementor-id=\"6688\" class=\"elementor elementor-6688\" data-elementor-post-type=\"page\">\n\t\t\t\t\t\t<section class=\"has_ae_slider elementor-section elementor-top-section elementor-element elementor-element-6b2b5f4 elementor-section-full_width elementor-section-height-default elementor-section-height-default ae-bg-gallery-type-default\" data-id=\"6b2b5f4\" data-element_type=\"section\" data-e-type=\"section\">\n\t\t\t\t\t\t<div class=\"elementor-container elementor-column-gap-default\">\n\t\t\t\t\t<div class=\"has_ae_slider elementor-column elementor-col-100 elementor-top-column elementor-element elementor-element-51d5cb6 ae-bg-gallery-type-default\" data-id=\"51d5cb6\" data-element_type=\"column\" data-e-type=\"column\">\n\t\t\t<div class=\"elementor-widget-wrap elementor-element-populated\">\n\t\t\t\t\t\t<div class=\"elementor-element elementor-element-0009ae7 elementor-widget elementor-widget-image\" data-id=\"0009ae7\" data-element_type=\"widget\" data-e-type=\"widget\" data-widget_type=\"image.default\">\n\t\t\t\t<div class=\"elementor-widget-container\">\n\t\t\t\t\t\t\t\t\t\t\t\t\t\t\t<img fetchpriority=\"high\" decoding=\"async\" width=\"2506\" height=\"1128\" src=\"https:\/\/rotex-metallbauteile.ch\/wp-content\/uploads\/Rotex-Metallbauteile-Team-s.jpg\" class=\"attachment-full size-full wp-image-5680\" alt=\"Team Rotex Metallbauteile GmbH\" srcset=\"https:\/\/rotex-metallbauteile.ch\/wp-content\/uploads\/Rotex-Metallbauteile-Team-s.jpg 2506w, https:\/\/rotex-metallbauteile.ch\/wp-content\/uploads\/Rotex-Metallbauteile-Team-s-300x135.jpg 300w, https:\/\/rotex-metallbauteile.ch\/wp-content\/uploads\/Rotex-Metallbauteile-Team-s-1024x461.jpg 1024w, https:\/\/rotex-metallbauteile.ch\/wp-content\/uploads\/Rotex-Metallbauteile-Team-s-768x346.jpg 768w, https:\/\/rotex-metallbauteile.ch\/wp-content\/uploads\/Rotex-Metallbauteile-Team-s-1536x691.jpg 1536w, https:\/\/rotex-metallbauteile.ch\/wp-content\/uploads\/Rotex-Metallbauteile-Team-s-2048x922.jpg 2048w\" sizes=\"(max-width: 2506px) 100vw, 2506px\" \/>\t\t\t\t\t\t\t\t\t\t\t\t\t\t\t<\/div>\n\t\t\t\t<\/div>\n\t\t\t\t\t<\/div>\n\t\t<\/div>\n\t\t\t\t\t<\/div>\n\t\t<\/section>\n\t\t\t\t<section class=\"has_ae_slider elementor-section elementor-top-section elementor-element elementor-element-e48eb0b elementor-section-full_width elementor-section-height-default elementor-section-height-default ae-bg-gallery-type-default\" data-id=\"e48eb0b\" data-element_type=\"section\" data-e-type=\"section\">\n\t\t\t\t\t\t<div class=\"elementor-container elementor-column-gap-default\">\n\t\t\t\t\t<div class=\"has_ae_slider elementor-column elementor-col-100 elementor-top-column elementor-element elementor-element-ac6f3cd ae-bg-gallery-type-default\" data-id=\"ac6f3cd\" data-element_type=\"column\" data-e-type=\"column\">\n\t\t\t<div class=\"elementor-widget-wrap elementor-element-populated\">\n\t\t\t\t\t\t<div class=\"elementor-element elementor-element-aba4cfc elementor-widget elementor-widget-heading\" data-id=\"aba4cfc\" data-element_type=\"widget\" data-e-type=\"widget\" data-widget_type=\"heading.default\">\n\t\t\t\t<div class=\"elementor-widget-container\">\n\t\t\t\t\t<h1 class=\"elementor-heading-title elementor-size-large\">\u00dcber uns<\/h1>\t\t\t\t<\/div>\n\t\t\t\t<\/div>\n\t\t\t\t\t<\/div>\n\t\t<\/div>\n\t\t\t\t\t<\/div>\n\t\t<\/section>\n\t\t\t\t<section class=\"has_ae_slider elementor-section elementor-top-section elementor-element elementor-element-0c90fe8 elementor-section-full_width elementor-section-height-default elementor-section-height-default ae-bg-gallery-type-default\" data-id=\"0c90fe8\" data-element_type=\"section\" data-e-type=\"section\">\n\t\t\t\t\t\t<div class=\"elementor-container elementor-column-gap-default\">\n\t\t\t\t\t<div class=\"has_ae_slider elementor-column elementor-col-66 elementor-top-column elementor-element elementor-element-4699feb ae-bg-gallery-type-default\" data-id=\"4699feb\" data-element_type=\"column\" data-e-type=\"column\">\n\t\t\t<div class=\"elementor-widget-wrap elementor-element-populated\">\n\t\t\t\t\t\t<div class=\"elementor-element elementor-element-8abbb98 elementor-widget elementor-widget-text-editor\" data-id=\"8abbb98\" data-element_type=\"widget\" data-e-type=\"widget\" data-widget_type=\"text-editor.default\">\n\t\t\t\t<div class=\"elementor-widget-container\">\n\t\t\t\t\t\t\t\t\t<div><p>Seit der Gr\u00fcndung im <strong>Jahr 1989<\/strong> zeichnet sich Rotex durch eine schlanke Organisationsstruktur mit raschen Reaktionszeiten aus. Die Betonung auf sorgf\u00e4ltig ausgew\u00e4hlten Lieferanten sichert durchgehend hohe <strong>Qualit\u00e4tsstandards<\/strong> bei s\u00e4mtlichen Produkten.<\/p><p>Besonders hervorzuheben ist die <strong>Expresslinie f\u00fcr L\u00fcftungsgitter<\/strong>, welche den Kunden Vorteile in puncto Effizienz bietet. Die Produktion in Zuzwil sowie eine optimierte Logistik erm\u00f6glichen <strong>Lieferzeiten<\/strong> von h\u00f6chstens <strong>10 Arbeitstagen.<\/strong><\/p><p>Rotex steht bereit, um Interessenten mit zus\u00e4tzlichen Unterlagen, Mustern oder <strong>pers\u00f6nlichen Besuchen<\/strong> zu unterst\u00fctzen. Das engagierte Team steht Ihnen gerne zur Verf\u00fcgung und unterst\u00fctzt Sie in Ihren Anliegen.<\/p><\/div>\t\t\t\t\t\t\t\t<\/div>\n\t\t\t\t<\/div>\n\t\t\t\t\t<\/div>\n\t\t<\/div>\n\t\t\t\t<div class=\"has_ae_slider elementor-column elementor-col-33 elementor-top-column elementor-element elementor-element-6e0463b ae-bg-gallery-type-default\" data-id=\"6e0463b\" data-element_type=\"column\" data-e-type=\"column\">\n\t\t\t<div class=\"elementor-widget-wrap elementor-element-populated\">\n\t\t\t\t\t\t\t<\/div>\n\t\t<\/div>\n\t\t\t\t\t<\/div>\n\t\t<\/section>\n\t\t\t\t<\/div>\n\t\t","protected":false},"excerpt":{"rendered":"<p>\u00dcber uns Seit der Gr\u00fcndung im Jahr 1989 zeichnet sich Rotex durch eine schlanke Organisationsstruktur mit raschen Reaktionszeiten aus. Die Betonung auf sorgf\u00e4ltig ausgew\u00e4hlten Lieferanten sichert durchgehend hohe Qualit\u00e4tsstandards bei s\u00e4mtlichen Produkten. Besonders hervorzuheben ist die Expresslinie f\u00fcr L\u00fcftungsgitter, welche den Kunden Vorteile in puncto Effizienz bietet. Die Produktion in Zuzwil sowie eine optimierte Logistik &#8230; <a title=\"\u00dcber uns\" class=\"read-more\" href=\"https:\/\/rotex-metallbauteile.ch\/de\/ueber-uns\/\" aria-label=\"Mehr Informationen \u00fcber \u00dcber uns\">Weiterlesen<\/a><\/p>\n","protected":false},"author":3,"featured_media":0,"parent":0,"menu_order":0,"comment_status":"closed","ping_status":"closed","template":"","meta":{"_acf_changed":false,"inline_featured_image":false,"footnotes":""},"class_list":["post-6688","page","type-page","status-publish"],"acf":[],"yoast_head":"<!-- This site is optimized with the Yoast SEO plugin v27.2 - https:\/\/yoast.com\/product\/yoast-seo-wordpress\/ -->\n<title>\u00dcber uns - Rotex Metallbauteile GmbH<\/title>\n<meta name=\"robots\" content=\"index, follow, max-snippet:-1, max-image-preview:large, max-video-preview:-1\" \/>\n<link rel=\"canonical\" href=\"https:\/\/rotex-metallbauteile.ch\/de\/ueber-uns\/\" \/>\n<meta property=\"og:locale\" content=\"de_DE\" \/>\n<meta property=\"og:type\" content=\"article\" \/>\n<meta property=\"og:title\" content=\"\u00dcber uns - Rotex Metallbauteile GmbH\" \/>\n<meta property=\"og:description\" content=\"\u00dcber uns Seit der Gr\u00fcndung im Jahr 1989 zeichnet sich Rotex durch eine schlanke Organisationsstruktur mit raschen Reaktionszeiten aus. Die Betonung auf sorgf\u00e4ltig ausgew\u00e4hlten Lieferanten sichert durchgehend hohe Qualit\u00e4tsstandards bei s\u00e4mtlichen Produkten. Besonders hervorzuheben ist die Expresslinie f\u00fcr L\u00fcftungsgitter, welche den Kunden Vorteile in puncto Effizienz bietet. Die Produktion in Zuzwil sowie eine optimierte Logistik ... Weiterlesen\" \/>\n<meta property=\"og:url\" content=\"https:\/\/rotex-metallbauteile.ch\/de\/ueber-uns\/\" \/>\n<meta property=\"og:site_name\" content=\"Rotex Metallbauteile GmbH\" \/>\n<meta property=\"article:modified_time\" content=\"2023-12-19T08:35:57+00:00\" \/>\n<meta property=\"og:image\" content=\"https:\/\/rotex-metallbauteile.ch\/wp-content\/uploads\/Rotex-Metallbauteile-Team-s.jpg\" \/>\n<meta name=\"twitter:card\" content=\"summary_large_image\" \/>\n<meta name=\"twitter:label1\" content=\"Gesch\u00e4tzte Lesezeit\" \/>\n\t<meta name=\"twitter:data1\" content=\"1\u00a0Minute\" \/>\n<script type=\"application\/ld+json\" class=\"yoast-schema-graph\">{\"@context\":\"https:\/\/schema.org\",\"@graph\":[{\"@type\":\"WebPage\",\"@id\":\"https:\/\/rotex-metallbauteile.ch\/de\/ueber-uns\/\",\"url\":\"https:\/\/rotex-metallbauteile.ch\/de\/ueber-uns\/\",\"name\":\"\u00dcber uns - Rotex Metallbauteile GmbH\",\"isPartOf\":{\"@id\":\"https:\/\/rotex-metallbauteile.ch\/de\/#website\"},\"primaryImageOfPage\":{\"@id\":\"https:\/\/rotex-metallbauteile.ch\/de\/ueber-uns\/#primaryimage\"},\"image\":{\"@id\":\"https:\/\/rotex-metallbauteile.ch\/de\/ueber-uns\/#primaryimage\"},\"thumbnailUrl\":\"https:\/\/rotex-metallbauteile.ch\/wp-content\/uploads\/Rotex-Metallbauteile-Team-s.jpg\",\"datePublished\":\"2023-12-13T08:00:31+00:00\",\"dateModified\":\"2023-12-19T08:35:57+00:00\",\"breadcrumb\":{\"@id\":\"https:\/\/rotex-metallbauteile.ch\/de\/ueber-uns\/#breadcrumb\"},\"inLanguage\":\"de\",\"potentialAction\":[{\"@type\":\"ReadAction\",\"target\":[\"https:\/\/rotex-metallbauteile.ch\/de\/ueber-uns\/\"]}]},{\"@type\":\"ImageObject\",\"inLanguage\":\"de\",\"@id\":\"https:\/\/rotex-metallbauteile.ch\/de\/ueber-uns\/#primaryimage\",\"url\":\"https:\/\/rotex-metallbauteile.ch\/wp-content\/uploads\/Rotex-Metallbauteile-Team-s.jpg\",\"contentUrl\":\"https:\/\/rotex-metallbauteile.ch\/wp-content\/uploads\/Rotex-Metallbauteile-Team-s.jpg\"},{\"@type\":\"BreadcrumbList\",\"@id\":\"https:\/\/rotex-metallbauteile.ch\/de\/ueber-uns\/#breadcrumb\",\"itemListElement\":[{\"@type\":\"ListItem\",\"position\":1,\"name\":\"Startseite\",\"item\":\"https:\/\/rotex-metallbauteile.ch\/de\/\"},{\"@type\":\"ListItem\",\"position\":2,\"name\":\"\u00dcber uns\"}]},{\"@type\":\"WebSite\",\"@id\":\"https:\/\/rotex-metallbauteile.ch\/de\/#website\",\"url\":\"https:\/\/rotex-metallbauteile.ch\/de\/\",\"name\":\"Rotex Metallbauteile GmbH\",\"description\":\"\",\"publisher\":{\"@id\":\"https:\/\/rotex-metallbauteile.ch\/de\/#organization\"},\"potentialAction\":[{\"@type\":\"SearchAction\",\"target\":{\"@type\":\"EntryPoint\",\"urlTemplate\":\"https:\/\/rotex-metallbauteile.ch\/de\/?s={search_term_string}\"},\"query-input\":{\"@type\":\"PropertyValueSpecification\",\"valueRequired\":true,\"valueName\":\"search_term_string\"}}],\"inLanguage\":\"de\"},{\"@type\":\"Organization\",\"@id\":\"https:\/\/rotex-metallbauteile.ch\/de\/#organization\",\"name\":\"Rotex Metallbauteile GmbH\",\"url\":\"https:\/\/rotex-metallbauteile.ch\/de\/\",\"logo\":{\"@type\":\"ImageObject\",\"inLanguage\":\"de\",\"@id\":\"https:\/\/rotex-metallbauteile.ch\/de\/#\/schema\/logo\/image\/\",\"url\":\"https:\/\/rotex-metallbauteile.ch\/wp-content\/uploads\/logo_ohne_redbar.png\",\"contentUrl\":\"https:\/\/rotex-metallbauteile.ch\/wp-content\/uploads\/logo_ohne_redbar.png\",\"width\":409,\"height\":126,\"caption\":\"Rotex Metallbauteile GmbH\"},\"image\":{\"@id\":\"https:\/\/rotex-metallbauteile.ch\/de\/#\/schema\/logo\/image\/\"},\"sameAs\":[\"https:\/\/www.linkedin.com\/company\/rotex-metallbauteile\/\"]}]}<\/script>\n<!-- \/ Yoast SEO plugin. -->","yoast_head_json":{"title":"\u00dcber uns - Rotex Metallbauteile GmbH","robots":{"index":"index","follow":"follow","max-snippet":"max-snippet:-1","max-image-preview":"max-image-preview:large","max-video-preview":"max-video-preview:-1"},"canonical":"https:\/\/rotex-metallbauteile.ch\/de\/ueber-uns\/","og_locale":"de_DE","og_type":"article","og_title":"\u00dcber uns - Rotex Metallbauteile GmbH","og_description":"\u00dcber uns Seit der Gr\u00fcndung im Jahr 1989 zeichnet sich Rotex durch eine schlanke Organisationsstruktur mit raschen Reaktionszeiten aus. Die Betonung auf sorgf\u00e4ltig ausgew\u00e4hlten Lieferanten sichert durchgehend hohe Qualit\u00e4tsstandards bei s\u00e4mtlichen Produkten. Besonders hervorzuheben ist die Expresslinie f\u00fcr L\u00fcftungsgitter, welche den Kunden Vorteile in puncto Effizienz bietet. Die Produktion in Zuzwil sowie eine optimierte Logistik ... Weiterlesen","og_url":"https:\/\/rotex-metallbauteile.ch\/de\/ueber-uns\/","og_site_name":"Rotex Metallbauteile GmbH","article_modified_time":"2023-12-19T08:35:57+00:00","og_image":[{"url":"https:\/\/rotex-metallbauteile.ch\/wp-content\/uploads\/Rotex-Metallbauteile-Team-s.jpg","type":"","width":"","height":""}],"twitter_card":"summary_large_image","twitter_misc":{"Gesch\u00e4tzte Lesezeit":"1\u00a0Minute"},"schema":{"@context":"https:\/\/schema.org","@graph":[{"@type":"WebPage","@id":"https:\/\/rotex-metallbauteile.ch\/de\/ueber-uns\/","url":"https:\/\/rotex-metallbauteile.ch\/de\/ueber-uns\/","name":"\u00dcber uns - Rotex Metallbauteile GmbH","isPartOf":{"@id":"https:\/\/rotex-metallbauteile.ch\/de\/#website"},"primaryImageOfPage":{"@id":"https:\/\/rotex-metallbauteile.ch\/de\/ueber-uns\/#primaryimage"},"image":{"@id":"https:\/\/rotex-metallbauteile.ch\/de\/ueber-uns\/#primaryimage"},"thumbnailUrl":"https:\/\/rotex-metallbauteile.ch\/wp-content\/uploads\/Rotex-Metallbauteile-Team-s.jpg","datePublished":"2023-12-13T08:00:31+00:00","dateModified":"2023-12-19T08:35:57+00:00","breadcrumb":{"@id":"https:\/\/rotex-metallbauteile.ch\/de\/ueber-uns\/#breadcrumb"},"inLanguage":"de","potentialAction":[{"@type":"ReadAction","target":["https:\/\/rotex-metallbauteile.ch\/de\/ueber-uns\/"]}]},{"@type":"ImageObject","inLanguage":"de","@id":"https:\/\/rotex-metallbauteile.ch\/de\/ueber-uns\/#primaryimage","url":"https:\/\/rotex-metallbauteile.ch\/wp-content\/uploads\/Rotex-Metallbauteile-Team-s.jpg","contentUrl":"https:\/\/rotex-metallbauteile.ch\/wp-content\/uploads\/Rotex-Metallbauteile-Team-s.jpg"},{"@type":"BreadcrumbList","@id":"https:\/\/rotex-metallbauteile.ch\/de\/ueber-uns\/#breadcrumb","itemListElement":[{"@type":"ListItem","position":1,"name":"Startseite","item":"https:\/\/rotex-metallbauteile.ch\/de\/"},{"@type":"ListItem","position":2,"name":"\u00dcber uns"}]},{"@type":"WebSite","@id":"https:\/\/rotex-metallbauteile.ch\/de\/#website","url":"https:\/\/rotex-metallbauteile.ch\/de\/","name":"Rotex Metallbauteile GmbH","description":"","publisher":{"@id":"https:\/\/rotex-metallbauteile.ch\/de\/#organization"},"potentialAction":[{"@type":"SearchAction","target":{"@type":"EntryPoint","urlTemplate":"https:\/\/rotex-metallbauteile.ch\/de\/?s={search_term_string}"},"query-input":{"@type":"PropertyValueSpecification","valueRequired":true,"valueName":"search_term_string"}}],"inLanguage":"de"},{"@type":"Organization","@id":"https:\/\/rotex-metallbauteile.ch\/de\/#organization","name":"Rotex Metallbauteile GmbH","url":"https:\/\/rotex-metallbauteile.ch\/de\/","logo":{"@type":"ImageObject","inLanguage":"de","@id":"https:\/\/rotex-metallbauteile.ch\/de\/#\/schema\/logo\/image\/","url":"https:\/\/rotex-metallbauteile.ch\/wp-content\/uploads\/logo_ohne_redbar.png","contentUrl":"https:\/\/rotex-metallbauteile.ch\/wp-content\/uploads\/logo_ohne_redbar.png","width":409,"height":126,"caption":"Rotex Metallbauteile GmbH"},"image":{"@id":"https:\/\/rotex-metallbauteile.ch\/de\/#\/schema\/logo\/image\/"},"sameAs":["https:\/\/www.linkedin.com\/company\/rotex-metallbauteile\/"]}]}},"_links":{"self":[{"href":"https:\/\/rotex-metallbauteile.ch\/de\/wp-json\/wp\/v2\/pages\/6688","targetHints":{"allow":["GET"]}}],"collection":[{"href":"https:\/\/rotex-metallbauteile.ch\/de\/wp-json\/wp\/v2\/pages"}],"about":[{"href":"https:\/\/rotex-metallbauteile.ch\/de\/wp-json\/wp\/v2\/types\/page"}],"author":[{"embeddable":true,"href":"https:\/\/rotex-metallbauteile.ch\/de\/wp-json\/wp\/v2\/users\/3"}],"replies":[{"embeddable":true,"href":"https:\/\/rotex-metallbauteile.ch\/de\/wp-json\/wp\/v2\/comments?post=6688"}],"version-history":[{"count":0,"href":"https:\/\/rotex-metallbauteile.ch\/de\/wp-json\/wp\/v2\/pages\/6688\/revisions"}],"wp:attachment":[{"href":"https:\/\/rotex-metallbauteile.ch\/de\/wp-json\/wp\/v2\/media?parent=6688"}],"curies":[{"name":"wp","href":"https:\/\/api.w.org\/{rel}","templated":true}]}}