{"id":5078,"date":"2022-06-08T10:08:53","date_gmt":"2022-06-08T08:08:53","guid":{"rendered":"https:\/\/rotex-metallbauteile.ch\/?page_id=5078"},"modified":"2026-04-28T14:10:49","modified_gmt":"2026-04-28T12:10:49","slug":"schallgedaemmte-wetterschutzwand-eth-schwerzenbach","status":"publish","type":"page","link":"https:\/\/rotex-metallbauteile.ch\/de\/schallgedaemmte-wetterschutzwand-eth-schwerzenbach\/","title":{"rendered":"Schallged\u00e4mmte Wetterschutzwand ETH Schwerzenbach"},"content":{"rendered":"\t\t<div data-elementor-type=\"wp-page\" data-elementor-id=\"5078\" class=\"elementor elementor-5078\" data-elementor-post-type=\"page\">\n\t\t\t\t\t\t<section class=\"has_ae_slider elementor-section elementor-top-section elementor-element elementor-element-ae55857 elementor-section-full_width elementor-reverse-mobile elementor-section-height-default elementor-section-height-default ae-bg-gallery-type-default\" data-id=\"ae55857\" data-element_type=\"section\" data-e-type=\"section\">\n\t\t\t\t\t\t<div class=\"elementor-container elementor-column-gap-default\">\n\t\t\t\t\t<div class=\"has_ae_slider elementor-column elementor-col-66 elementor-top-column elementor-element elementor-element-459420f ae-bg-gallery-type-default\" data-id=\"459420f\" data-element_type=\"column\" data-e-type=\"column\">\n\t\t\t<div class=\"elementor-widget-wrap elementor-element-populated\">\n\t\t\t\t\t\t<div class=\"elementor-element elementor-element-cb5ca5a elementor-widget elementor-widget-heading\" data-id=\"cb5ca5a\" data-element_type=\"widget\" data-e-type=\"widget\" data-widget_type=\"heading.default\">\n\t\t\t\t<div class=\"elementor-widget-container\">\n\t\t\t\t\t<h1 class=\"elementor-heading-title elementor-size-large\">Schallged\u00e4mmte Wetterschutzwand ETH Schwerzenbach<\/h1>\t\t\t\t<\/div>\n\t\t\t\t<\/div>\n\t\t\t\t\t<\/div>\n\t\t<\/div>\n\t\t\t\t<div class=\"has_ae_slider elementor-column elementor-col-33 elementor-top-column elementor-element elementor-element-f021e01 ae-bg-gallery-type-default\" data-id=\"f021e01\" data-element_type=\"column\" data-e-type=\"column\">\n\t\t\t<div class=\"elementor-widget-wrap elementor-element-populated\">\n\t\t\t\t<div class=\"has_ae_slider elementor-element elementor-element-029b7fc e-grid e-con-boxed ae-bg-gallery-type-default e-con e-parent\" data-id=\"029b7fc\" data-element_type=\"container\" data-e-type=\"container\">\n\t\t\t\t\t<div class=\"e-con-inner\">\n\t\t\t\t<div class=\"elementor-element elementor-element-5c83cb9 elementor-align-justify elementor-widget elementor-widget-button\" data-id=\"5c83cb9\" data-element_type=\"widget\" data-e-type=\"widget\" data-widget_type=\"button.default\">\n\t\t\t\t<div class=\"elementor-widget-container\">\n\t\t\t\t\t\t\t\t\t<div class=\"elementor-button-wrapper\">\n\t\t\t\t\t<a class=\"elementor-button elementor-button-link elementor-size-sm\" href=\"https:\/\/rotex-metallbauteile.ch\/referenzen\/\">\n\t\t\t\t\t\t<span class=\"elementor-button-content-wrapper\">\n\t\t\t\t\t\t\t\t\t<span class=\"elementor-button-text\">\u00dcbersicht<\/span>\n\t\t\t\t\t<\/span>\n\t\t\t\t\t<\/a>\n\t\t\t\t<\/div>\n\t\t\t\t\t\t\t\t<\/div>\n\t\t\t\t<\/div>\n\t\t\t\t<div class=\"elementor-element elementor-element-0b76db2 elementor-align-justify elementor-widget elementor-widget-button\" data-id=\"0b76db2\" data-element_type=\"widget\" data-e-type=\"widget\" data-widget_type=\"button.default\">\n\t\t\t\t<div class=\"elementor-widget-container\">\n\t\t\t\t\t\t\t\t\t<div class=\"elementor-button-wrapper\">\n\t\t\t\t\t<a class=\"elementor-button elementor-button-link elementor-size-sm\" href=\"\/wetterschutzwand-kleinwilhoehe-horw\/\">\n\t\t\t\t\t\t<span class=\"elementor-button-content-wrapper\">\n\t\t\t\t\t\t<span class=\"elementor-button-icon\">\n\t\t\t\t<i aria-hidden=\"true\" class=\"fas fa-arrow-right\"><\/i>\t\t\t<\/span>\n\t\t\t\t\t\t\t\t\t<span class=\"elementor-button-text\">N\u00e4chste<\/span>\n\t\t\t\t\t<\/span>\n\t\t\t\t\t<\/a>\n\t\t\t\t<\/div>\n\t\t\t\t\t\t\t\t<\/div>\n\t\t\t\t<\/div>\n\t\t\t\t\t<\/div>\n\t\t\t\t<\/div>\n\t\t\t\t\t<\/div>\n\t\t<\/div>\n\t\t\t\t\t<\/div>\n\t\t<\/section>\n\t\t\t\t<section class=\"has_ae_slider elementor-section elementor-top-section elementor-element elementor-element-27bae38 elementor-section-full_width elementor-section-height-default elementor-section-height-default ae-bg-gallery-type-default\" data-id=\"27bae38\" data-element_type=\"section\" data-e-type=\"section\">\n\t\t\t\t\t\t<div class=\"elementor-container elementor-column-gap-default\">\n\t\t\t\t\t<div class=\"has_ae_slider elementor-column elementor-col-66 elementor-top-column elementor-element elementor-element-24ead27 ae-bg-gallery-type-default\" data-id=\"24ead27\" data-element_type=\"column\" data-e-type=\"column\">\n\t\t\t<div class=\"elementor-widget-wrap elementor-element-populated\">\n\t\t\t\t\t\t<div class=\"elementor-element elementor-element-c267398 elementor-widget elementor-widget-text-editor\" data-id=\"c267398\" data-element_type=\"widget\" data-e-type=\"widget\" data-widget_type=\"text-editor.default\">\n\t\t\t\t<div class=\"elementor-widget-container\">\n\t\t\t\t\t\t\t\t\t<p><strong>Projekt:<br \/><\/strong>ETH Schwerzenbach, Verkleidung Dach<\/p><p><strong>Produkt:<br \/><\/strong><a href=\"\/lamellenwand-ducowall-acoustic#acoustic75Z\">Ducowall Acoustic 75Z<\/a><br \/>\u2013 aus Strangpressprofilen Aluminium eloxiert<br \/>\u2013 gef\u00fcllt mit schalld\u00e4mmender, nicht brennbarer Mineralwolle\u00a0<\/p><p><strong>DAS MEINT DER KUNDE:<br \/><\/strong>\u00abIch war sehr zufrieden mit der kompetenten Beratung der Rotex. Dank genauer Planung ist den Monteuren die \u2013 erstmalige \u2013 Montage der Lamellenkonstruktion leicht gefallen. Ausserdem ist das Endprodukt im Sinne der Bauherrschaft: die Verkleidung erf\u00fcllt den Zweck und sieht gut aus.\u00bb\u00a0<em>Bruno Sonderegger, Baltensperger AG<\/em><\/p>\t\t\t\t\t\t\t\t<\/div>\n\t\t\t\t<\/div>\n\t\t\t\t\t<\/div>\n\t\t<\/div>\n\t\t\t\t<div class=\"has_ae_slider elementor-column elementor-col-33 elementor-top-column elementor-element elementor-element-b6f9c8a ae-bg-gallery-type-default\" data-id=\"b6f9c8a\" data-element_type=\"column\" data-e-type=\"column\">\n\t\t\t<div class=\"elementor-widget-wrap elementor-element-populated\">\n\t\t\t\t\t\t<div class=\"elementor-element elementor-element-aad57bb elementor-widget elementor-widget-image\" data-id=\"aad57bb\" data-element_type=\"widget\" data-e-type=\"widget\" data-widget_type=\"image.default\">\n\t\t\t\t<div class=\"elementor-widget-container\">\n\t\t\t\t\t\t\t\t\t\t\t\t\t\t\t<img fetchpriority=\"high\" decoding=\"async\" width=\"600\" height=\"387\" src=\"https:\/\/rotex-metallbauteile.ch\/wp-content\/uploads\/referenz-eth-1.jpg\" class=\"attachment-full size-full wp-image-5082\" alt=\"Schallged\u00e4mmte Wetterschutzwand ETH Schwerzenbach\" srcset=\"https:\/\/rotex-metallbauteile.ch\/wp-content\/uploads\/referenz-eth-1.jpg 600w, https:\/\/rotex-metallbauteile.ch\/wp-content\/uploads\/referenz-eth-1-300x194.jpg 300w\" sizes=\"(max-width: 600px) 100vw, 600px\" \/>\t\t\t\t\t\t\t\t\t\t\t\t\t\t\t<\/div>\n\t\t\t\t<\/div>\n\t\t\t\t\t<\/div>\n\t\t<\/div>\n\t\t\t\t\t<\/div>\n\t\t<\/section>\n\t\t\t\t<section class=\"has_ae_slider elementor-section elementor-top-section elementor-element elementor-element-ff821ec elementor-section-full_width elementor-section-height-default elementor-section-height-default ae-bg-gallery-type-default\" data-id=\"ff821ec\" data-element_type=\"section\" data-e-type=\"section\">\n\t\t\t\t\t\t<div class=\"elementor-container elementor-column-gap-default\">\n\t\t\t\t\t<div class=\"has_ae_slider elementor-column elementor-col-100 elementor-top-column elementor-element elementor-element-0015417 ae-bg-gallery-type-default\" data-id=\"0015417\" data-element_type=\"column\" data-e-type=\"column\">\n\t\t\t<div class=\"elementor-widget-wrap elementor-element-populated\">\n\t\t\t\t\t\t<div class=\"elementor-element elementor-element-26379fb bdt-navigation-type-arrows elementor-widget elementor-widget-bdt-advanced-image-gallery\" data-id=\"26379fb\" data-element_type=\"widget\" data-e-type=\"widget\" data-widget_type=\"bdt-advanced-image-gallery.bdt-carousel\">\n\t\t\t\t<div class=\"elementor-widget-container\">\n\t\t\t\t\t\t\t<div class=\" bdt-arrows-align-center \" data-bdt-slider=\"{&quot;autoplay&quot;:true,&quot;autoplay-interval&quot;:7000,&quot;finite&quot;:false,&quot;pause-on-hover&quot;:true,&quot;center&quot;:false,&quot;sets&quot;:false}\">\r\n\t\t\t<div id=\"bdt-avdg-26379fb\" class=\"bdt-ep-advanced-image-gallery bdt-ep-advanced-image-gallery-skin-carousel bdt-grid bdt-grid-small bdt-slider-items bdt-child-width-1-1 bdt-child-width-1-3@s bdt-child-width-1-3@m\" data-bdt-grid=\"\" data-bdt-lightbox=\"animation: slide\" data-settings=\"{&quot;id&quot;:&quot;#bdt-avdg-26379fb&quot;,&quot;tiltShow&quot;:false}\">\r\n\t\t\t\t\t\t\r\n\t\t\t<div class=\"bdt-ep-advanced-image-gallery-item bdt-transition-toggle\">\r\n\t\t\t\t<div class=\"bdt-ep-advanced-image-gallery-inner bdt-image-mask\">\r\n\t\t\t\t\t<div class=\"bdt-ep-advanced-image-gallery-thumbnail bdt-transition-toggle\">\n\t\t\t<img decoding=\"async\"  src=\"https:\/\/rotex-metallbauteile.ch\/wp-content\/uploads\/referenz-eth-2-1.jpg\" alt=\"Schallged\u00e4mmte Wetterschutzwand Detailansicht\" class=\"jgalleryImage\">\n\t\t<\/div>\t\t<div class=\"bdt-position-cover bdt-overlay bdt-overlay-default bdt-transition-fade\">\n\t\t\t<div class=\"bdt-ep-advanced-image-gallery-content\">\n\t\t\t\t<div class=\"bdt-ep-advanced-image-gallery-content-inner\">\n\n\t\t\t\t\t\t\t\t\t\t\t\t\t\t\t\t<div class=\"bdt-flex-inline bdt-ep-advanced-image-gallery-item-link-wrapper\">\n\t\t\t\t\t\t\t<a class=\"bdt-ep-advanced-image-gallery-item-link elementor-clickable icon-type-icon\" data-elementor-open-lightbox=\"no\" data-caption=\"\" href=\"https:\/\/rotex-metallbauteile.ch\/wp-content\/uploads\/referenz-eth-2-1.jpg\">\n\t\t\t\t\t\t\t\t\n\t\t\t\t\t\t\t\t\t\t\t\t\t\t\t\t\t\t\t<span>\n\t\t\t\t\t\t\t\t\t\t\t<i class=\"ep-icon-plus-2\"><\/i>\n\t\t\t\t\t\t\t\t\t\t<\/span>\n\t\t\t\t\t\t\t\t\t\n\t\t\t\t\t\t\t\t\t\t\t\t\t\t\t<\/a>\n\t\t\t\t\t\t<\/div>\n\t\t\t\t\t\n\t\t\t\t\t\t\t\t\t<\/div>\n\t\t\t<\/div>\n\t\t<\/div>\n\t\t\t\t\t\t<\/div>\r\n\r\n\t\t\t\t\t\t\t<\/div>\r\n\r\n\t\t\t\t\t\t\r\n\t\t\t<div class=\"bdt-ep-advanced-image-gallery-item bdt-transition-toggle\">\r\n\t\t\t\t<div class=\"bdt-ep-advanced-image-gallery-inner bdt-image-mask\">\r\n\t\t\t\t\t<div class=\"bdt-ep-advanced-image-gallery-thumbnail bdt-transition-toggle\">\n\t\t\t<img decoding=\"async\"  src=\"https:\/\/rotex-metallbauteile.ch\/wp-content\/uploads\/referenz-eth-3.jpg\" alt=\"Schallged\u00e4mmte Wetterschutzwand Dach ETH Schwerzenbach\" class=\"jgalleryImage\">\n\t\t<\/div>\t\t<div class=\"bdt-position-cover bdt-overlay bdt-overlay-default bdt-transition-fade\">\n\t\t\t<div class=\"bdt-ep-advanced-image-gallery-content\">\n\t\t\t\t<div class=\"bdt-ep-advanced-image-gallery-content-inner\">\n\n\t\t\t\t\t\t\t\t\t\t\t\t\t\t\t\t<div class=\"bdt-flex-inline bdt-ep-advanced-image-gallery-item-link-wrapper\">\n\t\t\t\t\t\t\t<a class=\"bdt-ep-advanced-image-gallery-item-link elementor-clickable icon-type-icon\" data-elementor-open-lightbox=\"no\" data-caption=\"\" href=\"https:\/\/rotex-metallbauteile.ch\/wp-content\/uploads\/referenz-eth-3.jpg\">\n\t\t\t\t\t\t\t\t\n\t\t\t\t\t\t\t\t\t\t\t\t\t\t\t\t\t\t\t<span>\n\t\t\t\t\t\t\t\t\t\t\t<i class=\"ep-icon-plus-2\"><\/i>\n\t\t\t\t\t\t\t\t\t\t<\/span>\n\t\t\t\t\t\t\t\t\t\n\t\t\t\t\t\t\t\t\t\t\t\t\t\t\t<\/a>\n\t\t\t\t\t\t<\/div>\n\t\t\t\t\t\n\t\t\t\t\t\t\t\t\t<\/div>\n\t\t\t<\/div>\n\t\t<\/div>\n\t\t\t\t\t\t<\/div>\r\n\r\n\t\t\t\t\t\t\t<\/div>\r\n\r\n\t\t\t\t\t\t\r\n\t\t\t<div class=\"bdt-ep-advanced-image-gallery-item bdt-transition-toggle\">\r\n\t\t\t\t<div class=\"bdt-ep-advanced-image-gallery-inner bdt-image-mask\">\r\n\t\t\t\t\t<div class=\"bdt-ep-advanced-image-gallery-thumbnail bdt-transition-toggle\">\n\t\t\t<img decoding=\"async\"  src=\"https:\/\/rotex-metallbauteile.ch\/wp-content\/uploads\/referenz-eth-4.jpg\" alt=\"Schallged\u00e4mmte Wetterschutzwand\" class=\"jgalleryImage\">\n\t\t<\/div>\t\t<div class=\"bdt-position-cover bdt-overlay bdt-overlay-default bdt-transition-fade\">\n\t\t\t<div class=\"bdt-ep-advanced-image-gallery-content\">\n\t\t\t\t<div class=\"bdt-ep-advanced-image-gallery-content-inner\">\n\n\t\t\t\t\t\t\t\t\t\t\t\t\t\t\t\t<div class=\"bdt-flex-inline bdt-ep-advanced-image-gallery-item-link-wrapper\">\n\t\t\t\t\t\t\t<a class=\"bdt-ep-advanced-image-gallery-item-link elementor-clickable icon-type-icon\" data-elementor-open-lightbox=\"no\" data-caption=\"\" href=\"https:\/\/rotex-metallbauteile.ch\/wp-content\/uploads\/referenz-eth-4.jpg\">\n\t\t\t\t\t\t\t\t\n\t\t\t\t\t\t\t\t\t\t\t\t\t\t\t\t\t\t\t<span>\n\t\t\t\t\t\t\t\t\t\t\t<i class=\"ep-icon-plus-2\"><\/i>\n\t\t\t\t\t\t\t\t\t\t<\/span>\n\t\t\t\t\t\t\t\t\t\n\t\t\t\t\t\t\t\t\t\t\t\t\t\t\t<\/a>\n\t\t\t\t\t\t<\/div>\n\t\t\t\t\t\n\t\t\t\t\t\t\t\t\t<\/div>\n\t\t\t<\/div>\n\t\t<\/div>\n\t\t\t\t\t\t<\/div>\r\n\r\n\t\t\t\t\t\t\t<\/div>\r\n\r\n\t\t\t\t\t\t\r\n\t\t\t<div class=\"bdt-ep-advanced-image-gallery-item bdt-transition-toggle\">\r\n\t\t\t\t<div class=\"bdt-ep-advanced-image-gallery-inner bdt-image-mask\">\r\n\t\t\t\t\t<div class=\"bdt-ep-advanced-image-gallery-thumbnail bdt-transition-toggle\">\n\t\t\t<img decoding=\"async\"  src=\"https:\/\/rotex-metallbauteile.ch\/wp-content\/uploads\/referenz-eth-5.jpg\" alt=\"Schallged\u00e4mmte Wetterschutwand aussen\" class=\"jgalleryImage\">\n\t\t<\/div>\t\t<div class=\"bdt-position-cover bdt-overlay bdt-overlay-default bdt-transition-fade\">\n\t\t\t<div class=\"bdt-ep-advanced-image-gallery-content\">\n\t\t\t\t<div class=\"bdt-ep-advanced-image-gallery-content-inner\">\n\n\t\t\t\t\t\t\t\t\t\t\t\t\t\t\t\t<div class=\"bdt-flex-inline bdt-ep-advanced-image-gallery-item-link-wrapper\">\n\t\t\t\t\t\t\t<a class=\"bdt-ep-advanced-image-gallery-item-link elementor-clickable icon-type-icon\" data-elementor-open-lightbox=\"no\" data-caption=\"\" href=\"https:\/\/rotex-metallbauteile.ch\/wp-content\/uploads\/referenz-eth-5.jpg\">\n\t\t\t\t\t\t\t\t\n\t\t\t\t\t\t\t\t\t\t\t\t\t\t\t\t\t\t\t<span>\n\t\t\t\t\t\t\t\t\t\t\t<i class=\"ep-icon-plus-2\"><\/i>\n\t\t\t\t\t\t\t\t\t\t<\/span>\n\t\t\t\t\t\t\t\t\t\n\t\t\t\t\t\t\t\t\t\t\t\t\t\t\t<\/a>\n\t\t\t\t\t\t<\/div>\n\t\t\t\t\t\n\t\t\t\t\t\t\t\t\t<\/div>\n\t\t\t<\/div>\n\t\t<\/div>\n\t\t\t\t\t\t<\/div>\r\n\r\n\t\t\t\t\t\t\t<\/div>\r\n\r\n\t\t\t\t<\/div>\r\n\t\t\t\t\t\t\t<div class=\"bdt-position-z-index bdt-position-center bdt-visible@m\">\r\n\t\t\t<div class=\"bdt-arrows-container bdt-slidenav-container\">\r\n\t\t\t\t<a href=\"\" class=\"bdt-navigation-prev bdt-slidenav-previous bdt-slidenav\" data-bdt-slider-item=\"previous\">\r\n\t\t\t\t\t<i class=\"ep-icon-arrow-left-5\" aria-hidden=\"true\"><\/i>\r\n\t\t\t\t<\/a>\r\n\t\t\t\t<a href=\"\" class=\"bdt-navigation-next bdt-slidenav-next bdt-slidenav\" data-bdt-slider-item=\"next\">\r\n\t\t\t\t\t<i class=\"ep-icon-arrow-right-5\" aria-hidden=\"true\"><\/i>\r\n\t\t\t\t<\/a>\r\n\t\t\t<\/div>\r\n\t\t<\/div>\r\n\t\t\t\t\t<\/div>\r\n\t\t\t\t\t<\/div>\n\t\t\t\t<\/div>\n\t\t\t\t\t<\/div>\n\t\t<\/div>\n\t\t\t\t\t<\/div>\n\t\t<\/section>\n\t\t\t\t<\/div>\n\t\t","protected":false},"excerpt":{"rendered":"<p>Schallged\u00e4mmte Wetterschutzwand ETH Schwerzenbach \u00dcbersicht N\u00e4chste Projekt: ETH Schwerzenbach, Verkleidung Dach Produkt: Ducowall Acoustic 75Z \u2013 aus Strangpressprofilen Aluminium eloxiert \u2013 gef\u00fcllt mit schalld\u00e4mmender, nicht brennbarer Mineralwolle DAS MEINT DER KUNDE: \u00abIch war sehr zufrieden mit der kompetenten Beratung der Rotex. Dank genauer Planung ist den Monteuren die \u2013 erstmalige \u2013 Montage der Lamellenkonstruktion leicht &#8230; <a title=\"Schallged\u00e4mmte Wetterschutzwand ETH Schwerzenbach\" class=\"read-more\" href=\"https:\/\/rotex-metallbauteile.ch\/de\/schallgedaemmte-wetterschutzwand-eth-schwerzenbach\/\" aria-label=\"Mehr Informationen \u00fcber Schallged\u00e4mmte Wetterschutzwand ETH Schwerzenbach\">Weiterlesen<\/a><\/p>\n","protected":false},"author":3,"featured_media":0,"parent":0,"menu_order":0,"comment_status":"closed","ping_status":"closed","template":"","meta":{"_acf_changed":false,"inline_featured_image":false,"footnotes":""},"class_list":["post-5078","page","type-page","status-publish"],"acf":[],"yoast_head":"<!-- This site is optimized with the Yoast SEO plugin v27.2 - https:\/\/yoast.com\/product\/yoast-seo-wordpress\/ -->\n<title>Schallged\u00e4mmte Wetterschutzwand ETH Schwerzenbach - Rotex Metallbauteile GmbH<\/title>\n<meta name=\"description\" content=\"ETH Schwerzenbach: schallged\u00e4mmte Wetterschutzwand mit DucoWall Acoustic 75Z \u2013 effektive L\u00e4rmminderung, langlebige Aluminiumkonstruktion und pr\u00e4zise umgesetzt f\u00fcr Dachverkleidungen.\" \/>\n<meta name=\"robots\" content=\"index, follow, max-snippet:-1, max-image-preview:large, max-video-preview:-1\" \/>\n<link rel=\"canonical\" href=\"https:\/\/rotex-metallbauteile.ch\/de\/schallgedaemmte-wetterschutzwand-eth-schwerzenbach\/\" \/>\n<meta property=\"og:locale\" content=\"de_DE\" \/>\n<meta property=\"og:type\" content=\"article\" \/>\n<meta property=\"og:title\" content=\"Schallged\u00e4mmte Wetterschutzwand ETH Schwerzenbach - Rotex Metallbauteile GmbH\" \/>\n<meta property=\"og:description\" content=\"ETH Schwerzenbach: schallged\u00e4mmte Wetterschutzwand mit DucoWall Acoustic 75Z \u2013 effektive L\u00e4rmminderung, langlebige Aluminiumkonstruktion und pr\u00e4zise umgesetzt f\u00fcr Dachverkleidungen.\" \/>\n<meta property=\"og:url\" content=\"https:\/\/rotex-metallbauteile.ch\/de\/schallgedaemmte-wetterschutzwand-eth-schwerzenbach\/\" \/>\n<meta property=\"og:site_name\" content=\"Rotex Metallbauteile GmbH\" \/>\n<meta property=\"article:modified_time\" content=\"2026-04-28T12:10:49+00:00\" \/>\n<meta property=\"og:image\" content=\"https:\/\/rotex-metallbauteile.ch\/wp-content\/uploads\/referenz-eth-1.jpg\" \/>\n<meta name=\"twitter:card\" content=\"summary_large_image\" \/>\n<meta name=\"twitter:label1\" content=\"Gesch\u00e4tzte Lesezeit\" \/>\n\t<meta name=\"twitter:data1\" content=\"2\u00a0Minuten\" \/>\n<script type=\"application\/ld+json\" class=\"yoast-schema-graph\">{\"@context\":\"https:\/\/schema.org\",\"@graph\":[{\"@type\":\"WebPage\",\"@id\":\"https:\/\/rotex-metallbauteile.ch\/de\/schallgedaemmte-wetterschutzwand-eth-schwerzenbach\/\",\"url\":\"https:\/\/rotex-metallbauteile.ch\/de\/schallgedaemmte-wetterschutzwand-eth-schwerzenbach\/\",\"name\":\"Schallged\u00e4mmte Wetterschutzwand ETH Schwerzenbach - Rotex Metallbauteile GmbH\",\"isPartOf\":{\"@id\":\"https:\/\/rotex-metallbauteile.ch\/de\/#website\"},\"primaryImageOfPage\":{\"@id\":\"https:\/\/rotex-metallbauteile.ch\/de\/schallgedaemmte-wetterschutzwand-eth-schwerzenbach\/#primaryimage\"},\"image\":{\"@id\":\"https:\/\/rotex-metallbauteile.ch\/de\/schallgedaemmte-wetterschutzwand-eth-schwerzenbach\/#primaryimage\"},\"thumbnailUrl\":\"https:\/\/rotex-metallbauteile.ch\/wp-content\/uploads\/referenz-eth-1.jpg\",\"datePublished\":\"2022-06-08T08:08:53+00:00\",\"dateModified\":\"2026-04-28T12:10:49+00:00\",\"description\":\"ETH Schwerzenbach: schallged\u00e4mmte Wetterschutzwand mit DucoWall Acoustic 75Z \u2013 effektive L\u00e4rmminderung, langlebige Aluminiumkonstruktion und pr\u00e4zise umgesetzt f\u00fcr Dachverkleidungen.\",\"breadcrumb\":{\"@id\":\"https:\/\/rotex-metallbauteile.ch\/de\/schallgedaemmte-wetterschutzwand-eth-schwerzenbach\/#breadcrumb\"},\"inLanguage\":\"de\",\"potentialAction\":[{\"@type\":\"ReadAction\",\"target\":[\"https:\/\/rotex-metallbauteile.ch\/de\/schallgedaemmte-wetterschutzwand-eth-schwerzenbach\/\"]}]},{\"@type\":\"ImageObject\",\"inLanguage\":\"de\",\"@id\":\"https:\/\/rotex-metallbauteile.ch\/de\/schallgedaemmte-wetterschutzwand-eth-schwerzenbach\/#primaryimage\",\"url\":\"https:\/\/rotex-metallbauteile.ch\/wp-content\/uploads\/referenz-eth-1.jpg\",\"contentUrl\":\"https:\/\/rotex-metallbauteile.ch\/wp-content\/uploads\/referenz-eth-1.jpg\"},{\"@type\":\"BreadcrumbList\",\"@id\":\"https:\/\/rotex-metallbauteile.ch\/de\/schallgedaemmte-wetterschutzwand-eth-schwerzenbach\/#breadcrumb\",\"itemListElement\":[{\"@type\":\"ListItem\",\"position\":1,\"name\":\"Startseite\",\"item\":\"https:\/\/rotex-metallbauteile.ch\/de\/\"},{\"@type\":\"ListItem\",\"position\":2,\"name\":\"Schallged\u00e4mmte Wetterschutzwand ETH Schwerzenbach\"}]},{\"@type\":\"WebSite\",\"@id\":\"https:\/\/rotex-metallbauteile.ch\/de\/#website\",\"url\":\"https:\/\/rotex-metallbauteile.ch\/de\/\",\"name\":\"Rotex Metallbauteile GmbH\",\"description\":\"\",\"publisher\":{\"@id\":\"https:\/\/rotex-metallbauteile.ch\/de\/#organization\"},\"potentialAction\":[{\"@type\":\"SearchAction\",\"target\":{\"@type\":\"EntryPoint\",\"urlTemplate\":\"https:\/\/rotex-metallbauteile.ch\/de\/?s={search_term_string}\"},\"query-input\":{\"@type\":\"PropertyValueSpecification\",\"valueRequired\":true,\"valueName\":\"search_term_string\"}}],\"inLanguage\":\"de\"},{\"@type\":\"Organization\",\"@id\":\"https:\/\/rotex-metallbauteile.ch\/de\/#organization\",\"name\":\"Rotex Metallbauteile GmbH\",\"url\":\"https:\/\/rotex-metallbauteile.ch\/de\/\",\"logo\":{\"@type\":\"ImageObject\",\"inLanguage\":\"de\",\"@id\":\"https:\/\/rotex-metallbauteile.ch\/de\/#\/schema\/logo\/image\/\",\"url\":\"https:\/\/rotex-metallbauteile.ch\/wp-content\/uploads\/logo_ohne_redbar.png\",\"contentUrl\":\"https:\/\/rotex-metallbauteile.ch\/wp-content\/uploads\/logo_ohne_redbar.png\",\"width\":409,\"height\":126,\"caption\":\"Rotex Metallbauteile GmbH\"},\"image\":{\"@id\":\"https:\/\/rotex-metallbauteile.ch\/de\/#\/schema\/logo\/image\/\"},\"sameAs\":[\"https:\/\/www.linkedin.com\/company\/rotex-metallbauteile\/\"]}]}<\/script>\n<!-- \/ Yoast SEO plugin. -->","yoast_head_json":{"title":"Schallged\u00e4mmte Wetterschutzwand ETH Schwerzenbach - Rotex Metallbauteile GmbH","description":"ETH Schwerzenbach: schallged\u00e4mmte Wetterschutzwand mit DucoWall Acoustic 75Z \u2013 effektive L\u00e4rmminderung, langlebige Aluminiumkonstruktion und pr\u00e4zise umgesetzt f\u00fcr Dachverkleidungen.","robots":{"index":"index","follow":"follow","max-snippet":"max-snippet:-1","max-image-preview":"max-image-preview:large","max-video-preview":"max-video-preview:-1"},"canonical":"https:\/\/rotex-metallbauteile.ch\/de\/schallgedaemmte-wetterschutzwand-eth-schwerzenbach\/","og_locale":"de_DE","og_type":"article","og_title":"Schallged\u00e4mmte Wetterschutzwand ETH Schwerzenbach - Rotex Metallbauteile GmbH","og_description":"ETH Schwerzenbach: schallged\u00e4mmte Wetterschutzwand mit DucoWall Acoustic 75Z \u2013 effektive L\u00e4rmminderung, langlebige Aluminiumkonstruktion und pr\u00e4zise umgesetzt f\u00fcr Dachverkleidungen.","og_url":"https:\/\/rotex-metallbauteile.ch\/de\/schallgedaemmte-wetterschutzwand-eth-schwerzenbach\/","og_site_name":"Rotex Metallbauteile GmbH","article_modified_time":"2026-04-28T12:10:49+00:00","og_image":[{"url":"https:\/\/rotex-metallbauteile.ch\/wp-content\/uploads\/referenz-eth-1.jpg","type":"","width":"","height":""}],"twitter_card":"summary_large_image","twitter_misc":{"Gesch\u00e4tzte Lesezeit":"2\u00a0Minuten"},"schema":{"@context":"https:\/\/schema.org","@graph":[{"@type":"WebPage","@id":"https:\/\/rotex-metallbauteile.ch\/de\/schallgedaemmte-wetterschutzwand-eth-schwerzenbach\/","url":"https:\/\/rotex-metallbauteile.ch\/de\/schallgedaemmte-wetterschutzwand-eth-schwerzenbach\/","name":"Schallged\u00e4mmte Wetterschutzwand ETH Schwerzenbach - Rotex Metallbauteile GmbH","isPartOf":{"@id":"https:\/\/rotex-metallbauteile.ch\/de\/#website"},"primaryImageOfPage":{"@id":"https:\/\/rotex-metallbauteile.ch\/de\/schallgedaemmte-wetterschutzwand-eth-schwerzenbach\/#primaryimage"},"image":{"@id":"https:\/\/rotex-metallbauteile.ch\/de\/schallgedaemmte-wetterschutzwand-eth-schwerzenbach\/#primaryimage"},"thumbnailUrl":"https:\/\/rotex-metallbauteile.ch\/wp-content\/uploads\/referenz-eth-1.jpg","datePublished":"2022-06-08T08:08:53+00:00","dateModified":"2026-04-28T12:10:49+00:00","description":"ETH Schwerzenbach: schallged\u00e4mmte Wetterschutzwand mit DucoWall Acoustic 75Z \u2013 effektive L\u00e4rmminderung, langlebige Aluminiumkonstruktion und pr\u00e4zise umgesetzt f\u00fcr Dachverkleidungen.","breadcrumb":{"@id":"https:\/\/rotex-metallbauteile.ch\/de\/schallgedaemmte-wetterschutzwand-eth-schwerzenbach\/#breadcrumb"},"inLanguage":"de","potentialAction":[{"@type":"ReadAction","target":["https:\/\/rotex-metallbauteile.ch\/de\/schallgedaemmte-wetterschutzwand-eth-schwerzenbach\/"]}]},{"@type":"ImageObject","inLanguage":"de","@id":"https:\/\/rotex-metallbauteile.ch\/de\/schallgedaemmte-wetterschutzwand-eth-schwerzenbach\/#primaryimage","url":"https:\/\/rotex-metallbauteile.ch\/wp-content\/uploads\/referenz-eth-1.jpg","contentUrl":"https:\/\/rotex-metallbauteile.ch\/wp-content\/uploads\/referenz-eth-1.jpg"},{"@type":"BreadcrumbList","@id":"https:\/\/rotex-metallbauteile.ch\/de\/schallgedaemmte-wetterschutzwand-eth-schwerzenbach\/#breadcrumb","itemListElement":[{"@type":"ListItem","position":1,"name":"Startseite","item":"https:\/\/rotex-metallbauteile.ch\/de\/"},{"@type":"ListItem","position":2,"name":"Schallged\u00e4mmte Wetterschutzwand ETH Schwerzenbach"}]},{"@type":"WebSite","@id":"https:\/\/rotex-metallbauteile.ch\/de\/#website","url":"https:\/\/rotex-metallbauteile.ch\/de\/","name":"Rotex Metallbauteile GmbH","description":"","publisher":{"@id":"https:\/\/rotex-metallbauteile.ch\/de\/#organization"},"potentialAction":[{"@type":"SearchAction","target":{"@type":"EntryPoint","urlTemplate":"https:\/\/rotex-metallbauteile.ch\/de\/?s={search_term_string}"},"query-input":{"@type":"PropertyValueSpecification","valueRequired":true,"valueName":"search_term_string"}}],"inLanguage":"de"},{"@type":"Organization","@id":"https:\/\/rotex-metallbauteile.ch\/de\/#organization","name":"Rotex Metallbauteile GmbH","url":"https:\/\/rotex-metallbauteile.ch\/de\/","logo":{"@type":"ImageObject","inLanguage":"de","@id":"https:\/\/rotex-metallbauteile.ch\/de\/#\/schema\/logo\/image\/","url":"https:\/\/rotex-metallbauteile.ch\/wp-content\/uploads\/logo_ohne_redbar.png","contentUrl":"https:\/\/rotex-metallbauteile.ch\/wp-content\/uploads\/logo_ohne_redbar.png","width":409,"height":126,"caption":"Rotex Metallbauteile GmbH"},"image":{"@id":"https:\/\/rotex-metallbauteile.ch\/de\/#\/schema\/logo\/image\/"},"sameAs":["https:\/\/www.linkedin.com\/company\/rotex-metallbauteile\/"]}]}},"_links":{"self":[{"href":"https:\/\/rotex-metallbauteile.ch\/de\/wp-json\/wp\/v2\/pages\/5078","targetHints":{"allow":["GET"]}}],"collection":[{"href":"https:\/\/rotex-metallbauteile.ch\/de\/wp-json\/wp\/v2\/pages"}],"about":[{"href":"https:\/\/rotex-metallbauteile.ch\/de\/wp-json\/wp\/v2\/types\/page"}],"author":[{"embeddable":true,"href":"https:\/\/rotex-metallbauteile.ch\/de\/wp-json\/wp\/v2\/users\/3"}],"replies":[{"embeddable":true,"href":"https:\/\/rotex-metallbauteile.ch\/de\/wp-json\/wp\/v2\/comments?post=5078"}],"version-history":[{"count":0,"href":"https:\/\/rotex-metallbauteile.ch\/de\/wp-json\/wp\/v2\/pages\/5078\/revisions"}],"wp:attachment":[{"href":"https:\/\/rotex-metallbauteile.ch\/de\/wp-json\/wp\/v2\/media?parent=5078"}],"curies":[{"name":"wp","href":"https:\/\/api.w.org\/{rel}","templated":true}]}}