{"id":5057,"date":"2022-06-08T09:58:19","date_gmt":"2022-06-08T07:58:19","guid":{"rendered":"https:\/\/rotex-metallbauteile.ch\/?page_id=5057"},"modified":"2026-04-21T14:29:00","modified_gmt":"2026-04-21T12:29:00","slug":"geschaeftshaus-schweizer-fernsehen-bern","status":"publish","type":"page","link":"https:\/\/rotex-metallbauteile.ch\/de\/geschaeftshaus-schweizer-fernsehen-bern\/","title":{"rendered":"Gesch\u00e4ftshaus Schweizer Fernsehen, Bern"},"content":{"rendered":"\t\t<div data-elementor-type=\"wp-page\" data-elementor-id=\"5057\" class=\"elementor elementor-5057\" data-elementor-post-type=\"page\">\n\t\t\t\t\t\t<section class=\"has_ae_slider elementor-section elementor-top-section elementor-element elementor-element-5528ad5 elementor-section-full_width elementor-reverse-mobile elementor-section-height-default elementor-section-height-default ae-bg-gallery-type-default\" data-id=\"5528ad5\" data-element_type=\"section\" data-e-type=\"section\">\n\t\t\t\t\t\t<div class=\"elementor-container elementor-column-gap-default\">\n\t\t\t\t\t<div class=\"has_ae_slider elementor-column elementor-col-66 elementor-top-column elementor-element elementor-element-4c3078e ae-bg-gallery-type-default\" data-id=\"4c3078e\" data-element_type=\"column\" data-e-type=\"column\">\n\t\t\t<div class=\"elementor-widget-wrap elementor-element-populated\">\n\t\t\t\t\t\t<div class=\"elementor-element elementor-element-5c6972c elementor-widget elementor-widget-heading\" data-id=\"5c6972c\" data-element_type=\"widget\" data-e-type=\"widget\" data-widget_type=\"heading.default\">\n\t\t\t\t<div class=\"elementor-widget-container\">\n\t\t\t\t\t<h1 class=\"elementor-heading-title elementor-size-large\">Gesch\u00e4ftshaus Schweizer Fernsehen, Bern<\/h1>\t\t\t\t<\/div>\n\t\t\t\t<\/div>\n\t\t\t\t\t<\/div>\n\t\t<\/div>\n\t\t\t\t<div class=\"has_ae_slider elementor-column elementor-col-33 elementor-top-column elementor-element elementor-element-bbd6159 ae-bg-gallery-type-default\" data-id=\"bbd6159\" data-element_type=\"column\" data-e-type=\"column\">\n\t\t\t<div class=\"elementor-widget-wrap elementor-element-populated\">\n\t\t\t\t<div class=\"has_ae_slider elementor-element elementor-element-76e08db e-grid e-con-boxed ae-bg-gallery-type-default e-con e-parent\" data-id=\"76e08db\" data-element_type=\"container\" data-e-type=\"container\">\n\t\t\t\t\t<div class=\"e-con-inner\">\n\t\t\t\t<div class=\"elementor-element elementor-element-21a8dd0 elementor-align-justify elementor-widget elementor-widget-button\" data-id=\"21a8dd0\" data-element_type=\"widget\" data-e-type=\"widget\" data-widget_type=\"button.default\">\n\t\t\t\t<div class=\"elementor-widget-container\">\n\t\t\t\t\t\t\t\t\t<div class=\"elementor-button-wrapper\">\n\t\t\t\t\t<a class=\"elementor-button elementor-button-link elementor-size-sm\" href=\"https:\/\/rotex-metallbauteile.ch\/referenzen\/\">\n\t\t\t\t\t\t<span class=\"elementor-button-content-wrapper\">\n\t\t\t\t\t\t\t\t\t<span class=\"elementor-button-text\">\u00dcbersicht<\/span>\n\t\t\t\t\t<\/span>\n\t\t\t\t\t<\/a>\n\t\t\t\t<\/div>\n\t\t\t\t\t\t\t\t<\/div>\n\t\t\t\t<\/div>\n\t\t\t\t<div class=\"elementor-element elementor-element-3689b81 elementor-align-justify elementor-widget elementor-widget-button\" data-id=\"3689b81\" data-element_type=\"widget\" data-e-type=\"widget\" data-widget_type=\"button.default\">\n\t\t\t\t<div class=\"elementor-widget-container\">\n\t\t\t\t\t\t\t\t\t<div class=\"elementor-button-wrapper\">\n\t\t\t\t\t<a class=\"elementor-button elementor-button-link elementor-size-sm\" href=\"\/schallgedaemmte-wetterschutzwand-eth-schwerzenbach\/\">\n\t\t\t\t\t\t<span class=\"elementor-button-content-wrapper\">\n\t\t\t\t\t\t<span class=\"elementor-button-icon\">\n\t\t\t\t<i aria-hidden=\"true\" class=\"fas fa-arrow-right\"><\/i>\t\t\t<\/span>\n\t\t\t\t\t\t\t\t\t<span class=\"elementor-button-text\">N\u00e4chste<\/span>\n\t\t\t\t\t<\/span>\n\t\t\t\t\t<\/a>\n\t\t\t\t<\/div>\n\t\t\t\t\t\t\t\t<\/div>\n\t\t\t\t<\/div>\n\t\t\t\t\t<\/div>\n\t\t\t\t<\/div>\n\t\t\t\t\t<\/div>\n\t\t<\/div>\n\t\t\t\t\t<\/div>\n\t\t<\/section>\n\t\t\t\t<section class=\"has_ae_slider elementor-section elementor-top-section elementor-element elementor-element-a7c9e0e elementor-section-full_width elementor-section-height-default elementor-section-height-default ae-bg-gallery-type-default\" data-id=\"a7c9e0e\" data-element_type=\"section\" data-e-type=\"section\">\n\t\t\t\t\t\t<div class=\"elementor-container elementor-column-gap-default\">\n\t\t\t\t\t<div class=\"has_ae_slider elementor-column elementor-col-66 elementor-top-column elementor-element elementor-element-f917e21 ae-bg-gallery-type-default\" data-id=\"f917e21\" data-element_type=\"column\" data-e-type=\"column\">\n\t\t\t<div class=\"elementor-widget-wrap elementor-element-populated\">\n\t\t\t\t\t\t<div class=\"elementor-element elementor-element-a0c4ebf elementor-widget elementor-widget-text-editor\" data-id=\"a0c4ebf\" data-element_type=\"widget\" data-e-type=\"widget\" data-widget_type=\"text-editor.default\">\n\t\t\t\t<div class=\"elementor-widget-container\">\n\t\t\t\t\t\t\t\t\t<p><strong>Projekt:<br \/><\/strong>Tiefgarage \/ Autobahn SRG SSR Bern<\/p><p><strong>Produkt:<br \/><\/strong><a href=\"\/lamellenwand-ducowall-classic\/#classicw50z\">Ducowall 50<\/a> S (Total \u00fcber 9000 Meter Lamellen)<br \/>\u2013 zugeschnitten auf Mass<br \/>\u2013 Halteprofil 21\/50<br \/>\u2013 Lamellenhalter: Polyamid PA 6.6<\/p><p><strong>Stimme zum Projekt:<br \/><\/strong>\u00abDie Ducolamellen geben dem Geb\u00e4ude einen \u00e4stethischen Mehrwert. F\u00fcr den begeisterten und zufriedenen Kunden durften wir bereits Folgeauftr\u00e4ge ausf\u00fchren. Die beschichteten Lamellen sind bei der Autobahnausfahrt \u00ab12 Bern-Ostring\u00bb zu sehen.\u00bb\u00a0<em>Marco Gehr, Rotex<\/em><\/p>\t\t\t\t\t\t\t\t<\/div>\n\t\t\t\t<\/div>\n\t\t\t\t\t<\/div>\n\t\t<\/div>\n\t\t\t\t<div class=\"has_ae_slider elementor-column elementor-col-33 elementor-top-column elementor-element elementor-element-47dcb83 ae-bg-gallery-type-default\" data-id=\"47dcb83\" data-element_type=\"column\" data-e-type=\"column\">\n\t\t\t<div class=\"elementor-widget-wrap elementor-element-populated\">\n\t\t\t\t\t\t<div class=\"elementor-element elementor-element-5176bb6 elementor-widget elementor-widget-image\" data-id=\"5176bb6\" data-element_type=\"widget\" data-e-type=\"widget\" data-widget_type=\"image.default\">\n\t\t\t\t<div class=\"elementor-widget-container\">\n\t\t\t\t\t\t\t\t\t\t\t\t\t\t\t<img fetchpriority=\"high\" decoding=\"async\" width=\"600\" height=\"450\" src=\"https:\/\/rotex-metallbauteile.ch\/wp-content\/uploads\/referenz-sf-1.jpg\" class=\"attachment-full size-full wp-image-5061\" alt=\"Gesch\u00e4ftshaus Schweizer Fernsehen, Bern Wetterschutzwand\" srcset=\"https:\/\/rotex-metallbauteile.ch\/wp-content\/uploads\/referenz-sf-1.jpg 600w, https:\/\/rotex-metallbauteile.ch\/wp-content\/uploads\/referenz-sf-1-300x225.jpg 300w\" sizes=\"(max-width: 600px) 100vw, 600px\" \/>\t\t\t\t\t\t\t\t\t\t\t\t\t\t\t<\/div>\n\t\t\t\t<\/div>\n\t\t\t\t\t<\/div>\n\t\t<\/div>\n\t\t\t\t\t<\/div>\n\t\t<\/section>\n\t\t\t\t<section class=\"has_ae_slider elementor-section elementor-top-section elementor-element elementor-element-1433c35 elementor-section-full_width elementor-section-height-default elementor-section-height-default ae-bg-gallery-type-default\" data-id=\"1433c35\" data-element_type=\"section\" data-e-type=\"section\">\n\t\t\t\t\t\t<div class=\"elementor-container elementor-column-gap-default\">\n\t\t\t\t\t<div class=\"has_ae_slider elementor-column elementor-col-100 elementor-top-column elementor-element elementor-element-cc0e64f ae-bg-gallery-type-default\" data-id=\"cc0e64f\" data-element_type=\"column\" data-e-type=\"column\">\n\t\t\t<div class=\"elementor-widget-wrap elementor-element-populated\">\n\t\t\t\t\t\t<div class=\"elementor-element elementor-element-c781e83 bdt-navigation-type-arrows elementor-widget elementor-widget-bdt-advanced-image-gallery\" data-id=\"c781e83\" data-element_type=\"widget\" data-e-type=\"widget\" data-widget_type=\"bdt-advanced-image-gallery.bdt-carousel\">\n\t\t\t\t<div class=\"elementor-widget-container\">\n\t\t\t\t\t\t\t<div class=\" bdt-arrows-align-center \" data-bdt-slider=\"{&quot;autoplay&quot;:true,&quot;autoplay-interval&quot;:7000,&quot;finite&quot;:false,&quot;pause-on-hover&quot;:true,&quot;center&quot;:false,&quot;sets&quot;:false}\">\r\n\t\t\t<div id=\"bdt-avdg-c781e83\" class=\"bdt-ep-advanced-image-gallery bdt-ep-advanced-image-gallery-skin-carousel bdt-grid bdt-grid-small bdt-slider-items bdt-child-width-1-1 bdt-child-width-1-3@s bdt-child-width-1-3@m\" data-bdt-grid=\"\" data-bdt-lightbox=\"animation: slide\" data-settings=\"{&quot;id&quot;:&quot;#bdt-avdg-c781e83&quot;,&quot;tiltShow&quot;:false}\">\r\n\t\t\t\t\t\t\r\n\t\t\t<div class=\"bdt-ep-advanced-image-gallery-item bdt-transition-toggle\">\r\n\t\t\t\t<div class=\"bdt-ep-advanced-image-gallery-inner bdt-image-mask\">\r\n\t\t\t\t\t<div class=\"bdt-ep-advanced-image-gallery-thumbnail bdt-transition-toggle\">\n\t\t\t<img decoding=\"async\"  src=\"https:\/\/rotex-metallbauteile.ch\/wp-content\/uploads\/referenz-sf-2.jpg\" alt=\"SRG SSR Infos\u00e4ule\" class=\"jgalleryImage\">\n\t\t<\/div>\t\t<div class=\"bdt-position-cover bdt-overlay bdt-overlay-default bdt-transition-fade\">\n\t\t\t<div class=\"bdt-ep-advanced-image-gallery-content\">\n\t\t\t\t<div class=\"bdt-ep-advanced-image-gallery-content-inner\">\n\n\t\t\t\t\t\t\t\t\t\t\t\t\t\t\t\t<div class=\"bdt-flex-inline bdt-ep-advanced-image-gallery-item-link-wrapper\">\n\t\t\t\t\t\t\t<a class=\"bdt-ep-advanced-image-gallery-item-link elementor-clickable icon-type-icon\" data-elementor-open-lightbox=\"no\" data-caption=\"\" href=\"https:\/\/rotex-metallbauteile.ch\/wp-content\/uploads\/referenz-sf-2.jpg\">\n\t\t\t\t\t\t\t\t\n\t\t\t\t\t\t\t\t\t\t\t\t\t\t\t\t\t\t\t<span>\n\t\t\t\t\t\t\t\t\t\t\t<i class=\"ep-icon-plus-2\"><\/i>\n\t\t\t\t\t\t\t\t\t\t<\/span>\n\t\t\t\t\t\t\t\t\t\n\t\t\t\t\t\t\t\t\t\t\t\t\t\t\t<\/a>\n\t\t\t\t\t\t<\/div>\n\t\t\t\t\t\n\t\t\t\t\t\t\t\t\t<\/div>\n\t\t\t<\/div>\n\t\t<\/div>\n\t\t\t\t\t\t<\/div>\r\n\r\n\t\t\t\t\t\t\t<\/div>\r\n\r\n\t\t\t\t\t\t\r\n\t\t\t<div class=\"bdt-ep-advanced-image-gallery-item bdt-transition-toggle\">\r\n\t\t\t\t<div class=\"bdt-ep-advanced-image-gallery-inner bdt-image-mask\">\r\n\t\t\t\t\t<div class=\"bdt-ep-advanced-image-gallery-thumbnail bdt-transition-toggle\">\n\t\t\t<img decoding=\"async\"  src=\"https:\/\/rotex-metallbauteile.ch\/wp-content\/uploads\/referenz-sf-3.jpg\" alt=\"Gesch\u00e4ftshaus Schweizer Fernsehen, Bern Wetterschutzwand Strasse\" class=\"jgalleryImage\">\n\t\t<\/div>\t\t<div class=\"bdt-position-cover bdt-overlay bdt-overlay-default bdt-transition-fade\">\n\t\t\t<div class=\"bdt-ep-advanced-image-gallery-content\">\n\t\t\t\t<div class=\"bdt-ep-advanced-image-gallery-content-inner\">\n\n\t\t\t\t\t\t\t\t\t\t\t\t\t\t\t\t<div class=\"bdt-flex-inline bdt-ep-advanced-image-gallery-item-link-wrapper\">\n\t\t\t\t\t\t\t<a class=\"bdt-ep-advanced-image-gallery-item-link elementor-clickable icon-type-icon\" data-elementor-open-lightbox=\"no\" data-caption=\"\" href=\"https:\/\/rotex-metallbauteile.ch\/wp-content\/uploads\/referenz-sf-3.jpg\">\n\t\t\t\t\t\t\t\t\n\t\t\t\t\t\t\t\t\t\t\t\t\t\t\t\t\t\t\t<span>\n\t\t\t\t\t\t\t\t\t\t\t<i class=\"ep-icon-plus-2\"><\/i>\n\t\t\t\t\t\t\t\t\t\t<\/span>\n\t\t\t\t\t\t\t\t\t\n\t\t\t\t\t\t\t\t\t\t\t\t\t\t\t<\/a>\n\t\t\t\t\t\t<\/div>\n\t\t\t\t\t\n\t\t\t\t\t\t\t\t\t<\/div>\n\t\t\t<\/div>\n\t\t<\/div>\n\t\t\t\t\t\t<\/div>\r\n\r\n\t\t\t\t\t\t\t<\/div>\r\n\r\n\t\t\t\t\t\t\r\n\t\t\t<div class=\"bdt-ep-advanced-image-gallery-item bdt-transition-toggle\">\r\n\t\t\t\t<div class=\"bdt-ep-advanced-image-gallery-inner bdt-image-mask\">\r\n\t\t\t\t\t<div class=\"bdt-ep-advanced-image-gallery-thumbnail bdt-transition-toggle\">\n\t\t\t<img decoding=\"async\"  src=\"https:\/\/rotex-metallbauteile.ch\/wp-content\/uploads\/referenz-sf-4.jpg\" alt=\"Wetterschutzfassade SRF\" class=\"jgalleryImage\">\n\t\t<\/div>\t\t<div class=\"bdt-position-cover bdt-overlay bdt-overlay-default bdt-transition-fade\">\n\t\t\t<div class=\"bdt-ep-advanced-image-gallery-content\">\n\t\t\t\t<div class=\"bdt-ep-advanced-image-gallery-content-inner\">\n\n\t\t\t\t\t\t\t\t\t\t\t\t\t\t\t\t<div class=\"bdt-flex-inline bdt-ep-advanced-image-gallery-item-link-wrapper\">\n\t\t\t\t\t\t\t<a class=\"bdt-ep-advanced-image-gallery-item-link elementor-clickable icon-type-icon\" data-elementor-open-lightbox=\"no\" data-caption=\"\" href=\"https:\/\/rotex-metallbauteile.ch\/wp-content\/uploads\/referenz-sf-4.jpg\">\n\t\t\t\t\t\t\t\t\n\t\t\t\t\t\t\t\t\t\t\t\t\t\t\t\t\t\t\t<span>\n\t\t\t\t\t\t\t\t\t\t\t<i class=\"ep-icon-plus-2\"><\/i>\n\t\t\t\t\t\t\t\t\t\t<\/span>\n\t\t\t\t\t\t\t\t\t\n\t\t\t\t\t\t\t\t\t\t\t\t\t\t\t<\/a>\n\t\t\t\t\t\t<\/div>\n\t\t\t\t\t\n\t\t\t\t\t\t\t\t\t<\/div>\n\t\t\t<\/div>\n\t\t<\/div>\n\t\t\t\t\t\t<\/div>\r\n\r\n\t\t\t\t\t\t\t<\/div>\r\n\r\n\t\t\t\t\t\t\r\n\t\t\t<div class=\"bdt-ep-advanced-image-gallery-item bdt-transition-toggle\">\r\n\t\t\t\t<div class=\"bdt-ep-advanced-image-gallery-inner bdt-image-mask\">\r\n\t\t\t\t\t<div class=\"bdt-ep-advanced-image-gallery-thumbnail bdt-transition-toggle\">\n\t\t\t<img decoding=\"async\"  src=\"https:\/\/rotex-metallbauteile.ch\/wp-content\/uploads\/referenz-sf-5.jpg\" alt=\"Wetterschutzlamellen SRF Geb\u00e4ude Bern\" class=\"jgalleryImage\">\n\t\t<\/div>\t\t<div class=\"bdt-position-cover bdt-overlay bdt-overlay-default bdt-transition-fade\">\n\t\t\t<div class=\"bdt-ep-advanced-image-gallery-content\">\n\t\t\t\t<div class=\"bdt-ep-advanced-image-gallery-content-inner\">\n\n\t\t\t\t\t\t\t\t\t\t\t\t\t\t\t\t<div class=\"bdt-flex-inline bdt-ep-advanced-image-gallery-item-link-wrapper\">\n\t\t\t\t\t\t\t<a class=\"bdt-ep-advanced-image-gallery-item-link elementor-clickable icon-type-icon\" data-elementor-open-lightbox=\"no\" data-caption=\"\" href=\"https:\/\/rotex-metallbauteile.ch\/wp-content\/uploads\/referenz-sf-5.jpg\">\n\t\t\t\t\t\t\t\t\n\t\t\t\t\t\t\t\t\t\t\t\t\t\t\t\t\t\t\t<span>\n\t\t\t\t\t\t\t\t\t\t\t<i class=\"ep-icon-plus-2\"><\/i>\n\t\t\t\t\t\t\t\t\t\t<\/span>\n\t\t\t\t\t\t\t\t\t\n\t\t\t\t\t\t\t\t\t\t\t\t\t\t\t<\/a>\n\t\t\t\t\t\t<\/div>\n\t\t\t\t\t\n\t\t\t\t\t\t\t\t\t<\/div>\n\t\t\t<\/div>\n\t\t<\/div>\n\t\t\t\t\t\t<\/div>\r\n\r\n\t\t\t\t\t\t\t<\/div>\r\n\r\n\t\t\t\t<\/div>\r\n\t\t\t\t\t\t\t<div class=\"bdt-position-z-index bdt-position-center bdt-visible@m\">\r\n\t\t\t<div class=\"bdt-arrows-container bdt-slidenav-container\">\r\n\t\t\t\t<a href=\"\" class=\"bdt-navigation-prev bdt-slidenav-previous bdt-slidenav\" data-bdt-slider-item=\"previous\">\r\n\t\t\t\t\t<i class=\"ep-icon-arrow-left-5\" aria-hidden=\"true\"><\/i>\r\n\t\t\t\t<\/a>\r\n\t\t\t\t<a href=\"\" class=\"bdt-navigation-next bdt-slidenav-next bdt-slidenav\" data-bdt-slider-item=\"next\">\r\n\t\t\t\t\t<i class=\"ep-icon-arrow-right-5\" aria-hidden=\"true\"><\/i>\r\n\t\t\t\t<\/a>\r\n\t\t\t<\/div>\r\n\t\t<\/div>\r\n\t\t\t\t\t<\/div>\r\n\t\t\t\t\t<\/div>\n\t\t\t\t<\/div>\n\t\t\t\t\t<\/div>\n\t\t<\/div>\n\t\t\t\t\t<\/div>\n\t\t<\/section>\n\t\t\t\t<\/div>\n\t\t","protected":false},"excerpt":{"rendered":"<p>Gesch\u00e4ftshaus Schweizer Fernsehen, Bern \u00dcbersicht N\u00e4chste Projekt: Tiefgarage \/ Autobahn SRG SSR Bern Produkt: Ducowall 50 S (Total \u00fcber 9000 Meter Lamellen) \u2013 zugeschnitten auf Mass \u2013 Halteprofil 21\/50 \u2013 Lamellenhalter: Polyamid PA 6.6 Stimme zum Projekt: \u00abDie Ducolamellen geben dem Geb\u00e4ude einen \u00e4stethischen Mehrwert. F\u00fcr den begeisterten und zufriedenen Kunden durften wir bereits Folgeauftr\u00e4ge &#8230; <a title=\"Gesch\u00e4ftshaus Schweizer Fernsehen, Bern\" class=\"read-more\" href=\"https:\/\/rotex-metallbauteile.ch\/de\/geschaeftshaus-schweizer-fernsehen-bern\/\" aria-label=\"Mehr Informationen \u00fcber Gesch\u00e4ftshaus Schweizer Fernsehen, Bern\">Weiterlesen<\/a><\/p>\n","protected":false},"author":3,"featured_media":0,"parent":0,"menu_order":0,"comment_status":"closed","ping_status":"closed","template":"","meta":{"_acf_changed":false,"inline_featured_image":false,"footnotes":""},"class_list":["post-5057","page","type-page","status-publish"],"acf":[],"yoast_head":"<!-- This site is optimized with the Yoast SEO plugin v27.5 - https:\/\/yoast.com\/product\/yoast-seo-wordpress\/ -->\n<title>Gesch\u00e4ftshaus Schweizer Fernsehen, Bern - Rotex Metallbauteile GmbH<\/title>\n<meta name=\"description\" content=\"Gesch\u00e4ftshaus SRG SSR Bern: \u00dcber 9.000 m Ducowall 50 S Lamellen f\u00fcr Tiefgarage &amp; Autobahn \u2013 massgefertigt, langlebig und architektonisch hochwertig.\" \/>\n<meta name=\"robots\" content=\"index, follow, max-snippet:-1, max-image-preview:large, max-video-preview:-1\" \/>\n<link rel=\"canonical\" href=\"https:\/\/rotex-metallbauteile.ch\/de\/geschaeftshaus-schweizer-fernsehen-bern\/\" \/>\n<meta property=\"og:locale\" content=\"de_DE\" \/>\n<meta property=\"og:type\" content=\"article\" \/>\n<meta property=\"og:title\" content=\"Gesch\u00e4ftshaus Schweizer Fernsehen, Bern - Rotex Metallbauteile GmbH\" \/>\n<meta property=\"og:description\" content=\"Gesch\u00e4ftshaus SRG SSR Bern: \u00dcber 9.000 m Ducowall 50 S Lamellen f\u00fcr Tiefgarage &amp; Autobahn \u2013 massgefertigt, langlebig und architektonisch hochwertig.\" \/>\n<meta property=\"og:url\" content=\"https:\/\/rotex-metallbauteile.ch\/de\/geschaeftshaus-schweizer-fernsehen-bern\/\" \/>\n<meta property=\"og:site_name\" content=\"Rotex Metallbauteile GmbH\" \/>\n<meta property=\"article:modified_time\" content=\"2026-04-21T12:29:00+00:00\" \/>\n<meta property=\"og:image\" content=\"https:\/\/rotex-metallbauteile.ch\/wp-content\/uploads\/referenz-sf-1.jpg\" \/>\n<meta name=\"twitter:card\" content=\"summary_large_image\" \/>\n<meta name=\"twitter:label1\" content=\"Gesch\u00e4tzte Lesezeit\" \/>\n\t<meta name=\"twitter:data1\" content=\"2\u00a0Minuten\" \/>\n<script type=\"application\/ld+json\" class=\"yoast-schema-graph\">{\"@context\":\"https:\\\/\\\/schema.org\",\"@graph\":[{\"@type\":\"WebPage\",\"@id\":\"https:\\\/\\\/rotex-metallbauteile.ch\\\/de\\\/geschaeftshaus-schweizer-fernsehen-bern\\\/\",\"url\":\"https:\\\/\\\/rotex-metallbauteile.ch\\\/de\\\/geschaeftshaus-schweizer-fernsehen-bern\\\/\",\"name\":\"Gesch\u00e4ftshaus Schweizer Fernsehen, Bern - Rotex Metallbauteile GmbH\",\"isPartOf\":{\"@id\":\"https:\\\/\\\/rotex-metallbauteile.ch\\\/de\\\/#website\"},\"primaryImageOfPage\":{\"@id\":\"https:\\\/\\\/rotex-metallbauteile.ch\\\/de\\\/geschaeftshaus-schweizer-fernsehen-bern\\\/#primaryimage\"},\"image\":{\"@id\":\"https:\\\/\\\/rotex-metallbauteile.ch\\\/de\\\/geschaeftshaus-schweizer-fernsehen-bern\\\/#primaryimage\"},\"thumbnailUrl\":\"https:\\\/\\\/rotex-metallbauteile.ch\\\/wp-content\\\/uploads\\\/referenz-sf-1.jpg\",\"datePublished\":\"2022-06-08T07:58:19+00:00\",\"dateModified\":\"2026-04-21T12:29:00+00:00\",\"description\":\"Gesch\u00e4ftshaus SRG SSR Bern: \u00dcber 9.000 m Ducowall 50 S Lamellen f\u00fcr Tiefgarage & Autobahn \u2013 massgefertigt, langlebig und architektonisch hochwertig.\",\"breadcrumb\":{\"@id\":\"https:\\\/\\\/rotex-metallbauteile.ch\\\/de\\\/geschaeftshaus-schweizer-fernsehen-bern\\\/#breadcrumb\"},\"inLanguage\":\"de\",\"potentialAction\":[{\"@type\":\"ReadAction\",\"target\":[\"https:\\\/\\\/rotex-metallbauteile.ch\\\/de\\\/geschaeftshaus-schweizer-fernsehen-bern\\\/\"]}]},{\"@type\":\"ImageObject\",\"inLanguage\":\"de\",\"@id\":\"https:\\\/\\\/rotex-metallbauteile.ch\\\/de\\\/geschaeftshaus-schweizer-fernsehen-bern\\\/#primaryimage\",\"url\":\"https:\\\/\\\/rotex-metallbauteile.ch\\\/wp-content\\\/uploads\\\/referenz-sf-1.jpg\",\"contentUrl\":\"https:\\\/\\\/rotex-metallbauteile.ch\\\/wp-content\\\/uploads\\\/referenz-sf-1.jpg\"},{\"@type\":\"BreadcrumbList\",\"@id\":\"https:\\\/\\\/rotex-metallbauteile.ch\\\/de\\\/geschaeftshaus-schweizer-fernsehen-bern\\\/#breadcrumb\",\"itemListElement\":[{\"@type\":\"ListItem\",\"position\":1,\"name\":\"Startseite\",\"item\":\"https:\\\/\\\/rotex-metallbauteile.ch\\\/de\\\/\"},{\"@type\":\"ListItem\",\"position\":2,\"name\":\"Gesch\u00e4ftshaus Schweizer Fernsehen, Bern\"}]},{\"@type\":\"WebSite\",\"@id\":\"https:\\\/\\\/rotex-metallbauteile.ch\\\/de\\\/#website\",\"url\":\"https:\\\/\\\/rotex-metallbauteile.ch\\\/de\\\/\",\"name\":\"Rotex Metallbauteile GmbH\",\"description\":\"\",\"publisher\":{\"@id\":\"https:\\\/\\\/rotex-metallbauteile.ch\\\/de\\\/#organization\"},\"potentialAction\":[{\"@type\":\"SearchAction\",\"target\":{\"@type\":\"EntryPoint\",\"urlTemplate\":\"https:\\\/\\\/rotex-metallbauteile.ch\\\/de\\\/?s={search_term_string}\"},\"query-input\":{\"@type\":\"PropertyValueSpecification\",\"valueRequired\":true,\"valueName\":\"search_term_string\"}}],\"inLanguage\":\"de\"},{\"@type\":\"Organization\",\"@id\":\"https:\\\/\\\/rotex-metallbauteile.ch\\\/de\\\/#organization\",\"name\":\"Rotex Metallbauteile GmbH\",\"url\":\"https:\\\/\\\/rotex-metallbauteile.ch\\\/de\\\/\",\"logo\":{\"@type\":\"ImageObject\",\"inLanguage\":\"de\",\"@id\":\"https:\\\/\\\/rotex-metallbauteile.ch\\\/de\\\/#\\\/schema\\\/logo\\\/image\\\/\",\"url\":\"https:\\\/\\\/rotex-metallbauteile.ch\\\/wp-content\\\/uploads\\\/logo_ohne_redbar.png\",\"contentUrl\":\"https:\\\/\\\/rotex-metallbauteile.ch\\\/wp-content\\\/uploads\\\/logo_ohne_redbar.png\",\"width\":409,\"height\":126,\"caption\":\"Rotex Metallbauteile GmbH\"},\"image\":{\"@id\":\"https:\\\/\\\/rotex-metallbauteile.ch\\\/de\\\/#\\\/schema\\\/logo\\\/image\\\/\"},\"sameAs\":[\"https:\\\/\\\/www.linkedin.com\\\/company\\\/rotex-metallbauteile\\\/\"]}]}<\/script>\n<!-- \/ Yoast SEO plugin. -->","yoast_head_json":{"title":"Gesch\u00e4ftshaus Schweizer Fernsehen, Bern - Rotex Metallbauteile GmbH","description":"Gesch\u00e4ftshaus SRG SSR Bern: \u00dcber 9.000 m Ducowall 50 S Lamellen f\u00fcr Tiefgarage & Autobahn \u2013 massgefertigt, langlebig und architektonisch hochwertig.","robots":{"index":"index","follow":"follow","max-snippet":"max-snippet:-1","max-image-preview":"max-image-preview:large","max-video-preview":"max-video-preview:-1"},"canonical":"https:\/\/rotex-metallbauteile.ch\/de\/geschaeftshaus-schweizer-fernsehen-bern\/","og_locale":"de_DE","og_type":"article","og_title":"Gesch\u00e4ftshaus Schweizer Fernsehen, Bern - Rotex Metallbauteile GmbH","og_description":"Gesch\u00e4ftshaus SRG SSR Bern: \u00dcber 9.000 m Ducowall 50 S Lamellen f\u00fcr Tiefgarage & Autobahn \u2013 massgefertigt, langlebig und architektonisch hochwertig.","og_url":"https:\/\/rotex-metallbauteile.ch\/de\/geschaeftshaus-schweizer-fernsehen-bern\/","og_site_name":"Rotex Metallbauteile GmbH","article_modified_time":"2026-04-21T12:29:00+00:00","og_image":[{"url":"https:\/\/rotex-metallbauteile.ch\/wp-content\/uploads\/referenz-sf-1.jpg","type":"","width":"","height":""}],"twitter_card":"summary_large_image","twitter_misc":{"Gesch\u00e4tzte Lesezeit":"2\u00a0Minuten"},"schema":{"@context":"https:\/\/schema.org","@graph":[{"@type":"WebPage","@id":"https:\/\/rotex-metallbauteile.ch\/de\/geschaeftshaus-schweizer-fernsehen-bern\/","url":"https:\/\/rotex-metallbauteile.ch\/de\/geschaeftshaus-schweizer-fernsehen-bern\/","name":"Gesch\u00e4ftshaus Schweizer Fernsehen, Bern - Rotex Metallbauteile GmbH","isPartOf":{"@id":"https:\/\/rotex-metallbauteile.ch\/de\/#website"},"primaryImageOfPage":{"@id":"https:\/\/rotex-metallbauteile.ch\/de\/geschaeftshaus-schweizer-fernsehen-bern\/#primaryimage"},"image":{"@id":"https:\/\/rotex-metallbauteile.ch\/de\/geschaeftshaus-schweizer-fernsehen-bern\/#primaryimage"},"thumbnailUrl":"https:\/\/rotex-metallbauteile.ch\/wp-content\/uploads\/referenz-sf-1.jpg","datePublished":"2022-06-08T07:58:19+00:00","dateModified":"2026-04-21T12:29:00+00:00","description":"Gesch\u00e4ftshaus SRG SSR Bern: \u00dcber 9.000 m Ducowall 50 S Lamellen f\u00fcr Tiefgarage & Autobahn \u2013 massgefertigt, langlebig und architektonisch hochwertig.","breadcrumb":{"@id":"https:\/\/rotex-metallbauteile.ch\/de\/geschaeftshaus-schweizer-fernsehen-bern\/#breadcrumb"},"inLanguage":"de","potentialAction":[{"@type":"ReadAction","target":["https:\/\/rotex-metallbauteile.ch\/de\/geschaeftshaus-schweizer-fernsehen-bern\/"]}]},{"@type":"ImageObject","inLanguage":"de","@id":"https:\/\/rotex-metallbauteile.ch\/de\/geschaeftshaus-schweizer-fernsehen-bern\/#primaryimage","url":"https:\/\/rotex-metallbauteile.ch\/wp-content\/uploads\/referenz-sf-1.jpg","contentUrl":"https:\/\/rotex-metallbauteile.ch\/wp-content\/uploads\/referenz-sf-1.jpg"},{"@type":"BreadcrumbList","@id":"https:\/\/rotex-metallbauteile.ch\/de\/geschaeftshaus-schweizer-fernsehen-bern\/#breadcrumb","itemListElement":[{"@type":"ListItem","position":1,"name":"Startseite","item":"https:\/\/rotex-metallbauteile.ch\/de\/"},{"@type":"ListItem","position":2,"name":"Gesch\u00e4ftshaus Schweizer Fernsehen, Bern"}]},{"@type":"WebSite","@id":"https:\/\/rotex-metallbauteile.ch\/de\/#website","url":"https:\/\/rotex-metallbauteile.ch\/de\/","name":"Rotex Metallbauteile GmbH","description":"","publisher":{"@id":"https:\/\/rotex-metallbauteile.ch\/de\/#organization"},"potentialAction":[{"@type":"SearchAction","target":{"@type":"EntryPoint","urlTemplate":"https:\/\/rotex-metallbauteile.ch\/de\/?s={search_term_string}"},"query-input":{"@type":"PropertyValueSpecification","valueRequired":true,"valueName":"search_term_string"}}],"inLanguage":"de"},{"@type":"Organization","@id":"https:\/\/rotex-metallbauteile.ch\/de\/#organization","name":"Rotex Metallbauteile GmbH","url":"https:\/\/rotex-metallbauteile.ch\/de\/","logo":{"@type":"ImageObject","inLanguage":"de","@id":"https:\/\/rotex-metallbauteile.ch\/de\/#\/schema\/logo\/image\/","url":"https:\/\/rotex-metallbauteile.ch\/wp-content\/uploads\/logo_ohne_redbar.png","contentUrl":"https:\/\/rotex-metallbauteile.ch\/wp-content\/uploads\/logo_ohne_redbar.png","width":409,"height":126,"caption":"Rotex Metallbauteile GmbH"},"image":{"@id":"https:\/\/rotex-metallbauteile.ch\/de\/#\/schema\/logo\/image\/"},"sameAs":["https:\/\/www.linkedin.com\/company\/rotex-metallbauteile\/"]}]}},"_links":{"self":[{"href":"https:\/\/rotex-metallbauteile.ch\/de\/wp-json\/wp\/v2\/pages\/5057","targetHints":{"allow":["GET"]}}],"collection":[{"href":"https:\/\/rotex-metallbauteile.ch\/de\/wp-json\/wp\/v2\/pages"}],"about":[{"href":"https:\/\/rotex-metallbauteile.ch\/de\/wp-json\/wp\/v2\/types\/page"}],"author":[{"embeddable":true,"href":"https:\/\/rotex-metallbauteile.ch\/de\/wp-json\/wp\/v2\/users\/3"}],"replies":[{"embeddable":true,"href":"https:\/\/rotex-metallbauteile.ch\/de\/wp-json\/wp\/v2\/comments?post=5057"}],"version-history":[{"count":0,"href":"https:\/\/rotex-metallbauteile.ch\/de\/wp-json\/wp\/v2\/pages\/5057\/revisions"}],"wp:attachment":[{"href":"https:\/\/rotex-metallbauteile.ch\/de\/wp-json\/wp\/v2\/media?parent=5057"}],"curies":[{"name":"wp","href":"https:\/\/api.w.org\/{rel}","templated":true}]}}