{"id":174,"date":"2019-10-30T10:12:03","date_gmt":"2019-10-30T09:12:03","guid":{"rendered":"http:\/\/rotex-metallbauteile.ch\/?page_id=174"},"modified":"2022-06-01T12:49:05","modified_gmt":"2022-06-01T10:49:05","slug":"sprossenprofile","status":"publish","type":"page","link":"https:\/\/rotex-metallbauteile.ch\/de\/sprossenprofile\/","title":{"rendered":"Sprossenprofile"},"content":{"rendered":"\t\t<div data-elementor-type=\"wp-page\" data-elementor-id=\"174\" class=\"elementor elementor-174\" data-elementor-post-type=\"page\">\n\t\t\t\t\t\t<section class=\"has_ae_slider elementor-section elementor-top-section elementor-element elementor-element-ef4e8d9 elementor-section-full_width elementor-section-height-default elementor-section-height-default ae-bg-gallery-type-default\" data-id=\"ef4e8d9\" data-element_type=\"section\" data-e-type=\"section\">\n\t\t\t\t\t\t<div class=\"elementor-container elementor-column-gap-default\">\n\t\t\t\t\t<div class=\"has_ae_slider elementor-column elementor-col-100 elementor-top-column elementor-element elementor-element-71edf4d ae-bg-gallery-type-default\" data-id=\"71edf4d\" data-element_type=\"column\" data-e-type=\"column\">\n\t\t\t<div class=\"elementor-widget-wrap elementor-element-populated\">\n\t\t\t\t\t\t<div class=\"elementor-element elementor-element-7566ef48 elementor-widget elementor-widget-heading\" data-id=\"7566ef48\" data-element_type=\"widget\" data-e-type=\"widget\" data-widget_type=\"heading.default\">\n\t\t\t\t<div class=\"elementor-widget-container\">\n\t\t\t\t\t<h2 class=\"elementor-heading-title elementor-size-default\">Sprossenprofile<\/h2>\t\t\t\t<\/div>\n\t\t\t\t<\/div>\n\t\t\t\t\t<\/div>\n\t\t<\/div>\n\t\t\t\t\t<\/div>\n\t\t<\/section>\n\t\t\t\t<section class=\"has_ae_slider elementor-section elementor-top-section elementor-element elementor-element-2de18e0b elementor-section-full_width elementor-section-height-default elementor-section-height-default ae-bg-gallery-type-default\" data-id=\"2de18e0b\" data-element_type=\"section\" data-e-type=\"section\">\n\t\t\t\t\t\t<div class=\"elementor-container elementor-column-gap-default\">\n\t\t\t\t\t<div class=\"has_ae_slider elementor-column elementor-col-66 elementor-top-column elementor-element elementor-element-20ec26f9 ae-bg-gallery-type-default\" data-id=\"20ec26f9\" data-element_type=\"column\" data-e-type=\"column\">\n\t\t\t<div class=\"elementor-widget-wrap elementor-element-populated\">\n\t\t\t\t\t\t<div class=\"elementor-element elementor-element-511463ff elementor-widget elementor-widget-text-editor\" data-id=\"511463ff\" data-element_type=\"widget\" data-e-type=\"widget\" data-widget_type=\"text-editor.default\">\n\t\t\t\t<div class=\"elementor-widget-container\">\n\t\t\t\t\t\t\t\t\t<p><strong>U Sprossenprofil (Breite: 30mm)<\/strong><\/p><p>U-Profil mit optimiertem Lochbild. Die doppelreihige Lochung ist bis zu den Kanten vorgezogen und bietet h\u00f6chste Trittsicherheit. In St\u00e4ben von ca. 2 Meter erh\u00e4ltlich. \u26a0\ufe0e Preis ab 10 Laufmeter \u26a0\ufe0e<\/p>\t\t\t\t\t\t\t\t<\/div>\n\t\t\t\t<\/div>\n\t\t\t\t<div class=\"elementor-element elementor-element-876f66f elementor-widget elementor-widget-text-editor\" data-id=\"876f66f\" data-element_type=\"widget\" data-e-type=\"widget\" data-widget_type=\"text-editor.default\">\n\t\t\t\t<div class=\"elementor-widget-container\">\n\t\t\t\t\t\t\t\t\t<table><tbody><tr><th>Masse in mm<\/th><th>Werkstoff<\/th><th>Bestell-Nr.<\/th><th>CHF pro LM<\/th><\/tr><tr><td rowspan=\"3\">30x32x2<\/td><td>Stahl, roh<\/td><td>USTR30<\/td><td><strong>19.50<\/strong><\/td><\/tr><tr><td>Edelstahl V2a<\/td><td>UV2A30<\/td><td><strong>auf Anfrage<\/strong><\/td><\/tr><tr><td>Edelstahl V4a<\/td><td>UV4A30<\/td><td><strong>auf Anfrage<\/strong><\/td><\/tr><\/tbody><\/table>\t\t\t\t\t\t\t\t<\/div>\n\t\t\t\t<\/div>\n\t\t\t\t\t<\/div>\n\t\t<\/div>\n\t\t\t\t<div class=\"has_ae_slider elementor-column elementor-col-33 elementor-top-column elementor-element elementor-element-f70415f ae-bg-gallery-type-default\" data-id=\"f70415f\" data-element_type=\"column\" data-e-type=\"column\">\n\t\t\t<div class=\"elementor-widget-wrap elementor-element-populated\">\n\t\t\t\t\t\t<div class=\"elementor-element elementor-element-287280a elementor-widget elementor-widget-image\" data-id=\"287280a\" data-element_type=\"widget\" data-e-type=\"widget\" data-widget_type=\"image.default\">\n\t\t\t\t<div class=\"elementor-widget-container\">\n\t\t\t\t\t\t\t\t\t\t\t\t\t\t\t<img fetchpriority=\"high\" decoding=\"async\" width=\"250\" height=\"250\" src=\"https:\/\/rotex-metallbauteile.ch\/wp-content\/uploads\/profil-loch-seite.jpg\" class=\"attachment-full size-full wp-image-1860\" alt=\"Sprossenprofil Lochseite\" srcset=\"https:\/\/rotex-metallbauteile.ch\/wp-content\/uploads\/profil-loch-seite.jpg 250w, https:\/\/rotex-metallbauteile.ch\/wp-content\/uploads\/profil-loch-seite-150x150.jpg 150w\" sizes=\"(max-width: 250px) 100vw, 250px\" \/>\t\t\t\t\t\t\t\t\t\t\t\t\t\t\t<\/div>\n\t\t\t\t<\/div>\n\t\t\t\t\t<\/div>\n\t\t<\/div>\n\t\t\t\t\t<\/div>\n\t\t<\/section>\n\t\t\t\t<section class=\"has_ae_slider elementor-section elementor-top-section elementor-element elementor-element-7a7aed4 elementor-section-full_width elementor-section-height-default elementor-section-height-default ae-bg-gallery-type-default\" data-id=\"7a7aed4\" data-element_type=\"section\" data-e-type=\"section\">\n\t\t\t\t\t\t<div class=\"elementor-container elementor-column-gap-default\">\n\t\t\t\t\t<div class=\"has_ae_slider elementor-column elementor-col-100 elementor-top-column elementor-element elementor-element-8ba8b4c ae-bg-gallery-type-default\" data-id=\"8ba8b4c\" data-element_type=\"column\" data-e-type=\"column\">\n\t\t\t<div class=\"elementor-widget-wrap elementor-element-populated\">\n\t\t\t\t\t\t<div class=\"elementor-element elementor-element-71684f0 elementor-widget-divider--view-line elementor-widget elementor-widget-divider\" data-id=\"71684f0\" data-element_type=\"widget\" data-e-type=\"widget\" data-widget_type=\"divider.default\">\n\t\t\t\t<div class=\"elementor-widget-container\">\n\t\t\t\t\t\t\t<div class=\"elementor-divider\">\n\t\t\t<span class=\"elementor-divider-separator\">\n\t\t\t\t\t\t<\/span>\n\t\t<\/div>\n\t\t\t\t\t\t<\/div>\n\t\t\t\t<\/div>\n\t\t\t\t\t<\/div>\n\t\t<\/div>\n\t\t\t\t\t<\/div>\n\t\t<\/section>\n\t\t\t\t<section class=\"has_ae_slider elementor-section elementor-top-section elementor-element elementor-element-5bdf7b6 elementor-section-full_width elementor-section-height-default elementor-section-height-default ae-bg-gallery-type-default\" data-id=\"5bdf7b6\" data-element_type=\"section\" data-e-type=\"section\">\n\t\t\t\t\t\t<div class=\"elementor-container elementor-column-gap-default\">\n\t\t\t\t\t<div class=\"has_ae_slider elementor-column elementor-col-66 elementor-top-column elementor-element elementor-element-1e978c3 ae-bg-gallery-type-default\" data-id=\"1e978c3\" data-element_type=\"column\" data-e-type=\"column\">\n\t\t\t<div class=\"elementor-widget-wrap elementor-element-populated\">\n\t\t\t\t\t\t<div class=\"elementor-element elementor-element-71a5866 elementor-widget elementor-widget-text-editor\" data-id=\"71a5866\" data-element_type=\"widget\" data-e-type=\"widget\" data-widget_type=\"text-editor.default\">\n\t\t\t\t<div class=\"elementor-widget-container\">\n\t\t\t\t\t\t\t\t\t<p><strong>U Sprossenprofil (Breite: 50mm)<\/strong><\/p><p>U-Profil mit optimiertem Lochbild. Die Lochung ist bis zu den Kanten vorgezogen und bietet h\u00f6chste Trittsicherheit. Edelstahl: In St\u00e4ben von ca. 3 Meter erh\u00e4ltlich. \u26a0\ufe0e Preis ab 10 Laufmeter \u26a0\ufe0e<\/p>\t\t\t\t\t\t\t\t<\/div>\n\t\t\t\t<\/div>\n\t\t\t\t<div class=\"elementor-element elementor-element-af8e898 elementor-widget elementor-widget-text-editor\" data-id=\"af8e898\" data-element_type=\"widget\" data-e-type=\"widget\" data-widget_type=\"text-editor.default\">\n\t\t\t\t<div class=\"elementor-widget-container\">\n\t\t\t\t\t\t\t\t\t<table><tbody><tr><th>Masse in mm<\/th><th>Werkstoff<\/th><th>Bestell-Nr.<\/th><th>CHF pro LM<\/th><\/tr><tr><td rowspan=\"3\">50x32x2<\/td><td>Stahl, roh<\/td><td>USTR50<\/td><td><strong>20.80<\/strong><\/td><\/tr><tr><td>Edelstahl V2a<\/td><td>UV2A50<\/td><td><strong>auf Anfrage<\/strong><\/td><\/tr><tr><td>Edelstahl V4a<\/td><td>UV4A50<\/td><td><strong>auf Anfrage<\/strong><\/td><\/tr><\/tbody><\/table>\t\t\t\t\t\t\t\t<\/div>\n\t\t\t\t<\/div>\n\t\t\t\t\t<\/div>\n\t\t<\/div>\n\t\t\t\t<div class=\"has_ae_slider elementor-column elementor-col-33 elementor-top-column elementor-element elementor-element-17c2e39 ae-bg-gallery-type-default\" data-id=\"17c2e39\" data-element_type=\"column\" data-e-type=\"column\">\n\t\t\t<div class=\"elementor-widget-wrap elementor-element-populated\">\n\t\t\t\t\t\t<div class=\"elementor-element elementor-element-3be3510 elementor-widget elementor-widget-image\" data-id=\"3be3510\" data-element_type=\"widget\" data-e-type=\"widget\" data-widget_type=\"image.default\">\n\t\t\t\t<div class=\"elementor-widget-container\">\n\t\t\t\t\t\t\t\t\t\t\t\t\t\t\t<img decoding=\"async\" width=\"250\" height=\"250\" src=\"https:\/\/rotex-metallbauteile.ch\/wp-content\/uploads\/profil-loch-2-seite.jpg\" class=\"attachment-full size-full wp-image-1861\" alt=\"Sprossenprofil Lochseite\" srcset=\"https:\/\/rotex-metallbauteile.ch\/wp-content\/uploads\/profil-loch-2-seite.jpg 250w, https:\/\/rotex-metallbauteile.ch\/wp-content\/uploads\/profil-loch-2-seite-150x150.jpg 150w\" sizes=\"(max-width: 250px) 100vw, 250px\" \/>\t\t\t\t\t\t\t\t\t\t\t\t\t\t\t<\/div>\n\t\t\t\t<\/div>\n\t\t\t\t\t<\/div>\n\t\t<\/div>\n\t\t\t\t\t<\/div>\n\t\t<\/section>\n\t\t\t\t<section class=\"has_ae_slider elementor-section elementor-top-section elementor-element elementor-element-388ace3 elementor-section-full_width elementor-section-height-default elementor-section-height-default ae-bg-gallery-type-default\" data-id=\"388ace3\" data-element_type=\"section\" data-e-type=\"section\">\n\t\t\t\t\t\t<div class=\"elementor-container elementor-column-gap-default\">\n\t\t\t\t\t<div class=\"has_ae_slider elementor-column elementor-col-100 elementor-top-column elementor-element elementor-element-6ccd0eb ae-bg-gallery-type-default\" data-id=\"6ccd0eb\" data-element_type=\"column\" data-e-type=\"column\">\n\t\t\t<div class=\"elementor-widget-wrap elementor-element-populated\">\n\t\t\t\t\t\t<div class=\"elementor-element elementor-element-b25ad1c elementor-widget-divider--view-line elementor-widget elementor-widget-divider\" data-id=\"b25ad1c\" data-element_type=\"widget\" data-e-type=\"widget\" data-widget_type=\"divider.default\">\n\t\t\t\t<div class=\"elementor-widget-container\">\n\t\t\t\t\t\t\t<div class=\"elementor-divider\">\n\t\t\t<span class=\"elementor-divider-separator\">\n\t\t\t\t\t\t<\/span>\n\t\t<\/div>\n\t\t\t\t\t\t<\/div>\n\t\t\t\t<\/div>\n\t\t\t\t\t<\/div>\n\t\t<\/div>\n\t\t\t\t\t<\/div>\n\t\t<\/section>\n\t\t\t\t<section class=\"has_ae_slider elementor-section elementor-top-section elementor-element elementor-element-896ab13 elementor-section-full_width elementor-section-height-default elementor-section-height-default ae-bg-gallery-type-default\" data-id=\"896ab13\" data-element_type=\"section\" data-e-type=\"section\">\n\t\t\t\t\t\t<div class=\"elementor-container elementor-column-gap-default\">\n\t\t\t\t\t<div class=\"has_ae_slider elementor-column elementor-col-66 elementor-top-column elementor-element elementor-element-dfff171 ae-bg-gallery-type-default\" data-id=\"dfff171\" data-element_type=\"column\" data-e-type=\"column\">\n\t\t\t<div class=\"elementor-widget-wrap elementor-element-populated\">\n\t\t\t\t\t\t<div class=\"elementor-element elementor-element-8c131fb elementor-widget elementor-widget-text-editor\" data-id=\"8c131fb\" data-element_type=\"widget\" data-e-type=\"widget\" data-widget_type=\"text-editor.default\">\n\t\t\t\t<div class=\"elementor-widget-container\">\n\t\t\t\t\t\t\t\t\t<p><strong>Quadratisches Sprossenprofil<\/strong><\/p><p>Rohrprofil mit rutschhemmenden L\u00e4ngsriefen auf zwei gegen\u00fcberliegenden Seiten. Grifffreundlich durch abgerundete Kanten. In St\u00e4ben von ca. 3\u00a0 Meter erh\u00e4ltlich. \u26a0\ufe0e Preis ab 10 Laufmeter \u26a0\ufe0e<\/p>\t\t\t\t\t\t\t\t<\/div>\n\t\t\t\t<\/div>\n\t\t\t\t<div class=\"elementor-element elementor-element-55019c0 elementor-widget elementor-widget-text-editor\" data-id=\"55019c0\" data-element_type=\"widget\" data-e-type=\"widget\" data-widget_type=\"text-editor.default\">\n\t\t\t\t<div class=\"elementor-widget-container\">\n\t\t\t\t\t\t\t\t\t<table><tbody><tr><th>Masse in mm<\/th><th>Werkstoff<\/th><th>Bestell-Nr.<\/th><th>CHF pro LM<\/th><\/tr><tr><td rowspan=\"3\">25x25x1.5<\/td><td>Stahl, roh<\/td><td>4KTSTR25<\/td><td><strong>29.50<\/strong><\/td><\/tr><tr><td>Edelstahl V4a<\/td><td>4KTV4A25<\/td><td><strong>108.-<\/strong><\/td><\/tr><\/tbody><\/table>\t\t\t\t\t\t\t\t<\/div>\n\t\t\t\t<\/div>\n\t\t\t\t\t<\/div>\n\t\t<\/div>\n\t\t\t\t<div class=\"has_ae_slider elementor-column elementor-col-33 elementor-top-column elementor-element elementor-element-dbf97a0 ae-bg-gallery-type-default\" data-id=\"dbf97a0\" data-element_type=\"column\" data-e-type=\"column\">\n\t\t\t<div class=\"elementor-widget-wrap elementor-element-populated\">\n\t\t\t\t\t\t<div class=\"elementor-element elementor-element-f1aef6f elementor-widget elementor-widget-image\" data-id=\"f1aef6f\" data-element_type=\"widget\" data-e-type=\"widget\" data-widget_type=\"image.default\">\n\t\t\t\t<div class=\"elementor-widget-container\">\n\t\t\t\t\t\t\t\t\t\t\t\t\t\t\t<img decoding=\"async\" width=\"250\" height=\"250\" src=\"https:\/\/rotex-metallbauteile.ch\/wp-content\/uploads\/profil-laengsriefen-seite.jpg\" class=\"attachment-full size-full wp-image-1865\" alt=\"Sprossenprofil L\u00e4ngsriefen\" srcset=\"https:\/\/rotex-metallbauteile.ch\/wp-content\/uploads\/profil-laengsriefen-seite.jpg 250w, https:\/\/rotex-metallbauteile.ch\/wp-content\/uploads\/profil-laengsriefen-seite-150x150.jpg 150w\" sizes=\"(max-width: 250px) 100vw, 250px\" \/>\t\t\t\t\t\t\t\t\t\t\t\t\t\t\t<\/div>\n\t\t\t\t<\/div>\n\t\t\t\t\t<\/div>\n\t\t<\/div>\n\t\t\t\t\t<\/div>\n\t\t<\/section>\n\t\t\t\t<\/div>\n\t\t","protected":false},"excerpt":{"rendered":"<p>Sprossenprofile U Sprossenprofil (Breite: 30mm) U-Profil mit optimiertem Lochbild. Die doppelreihige Lochung ist bis zu den Kanten vorgezogen und bietet h\u00f6chste Trittsicherheit. In St\u00e4ben von ca. 2 Meter erh\u00e4ltlich. \u26a0\ufe0e Preis ab 10 Laufmeter \u26a0\ufe0e Masse in mm Werkstoff Bestell-Nr. CHF pro LM 30x32x2 Stahl, roh USTR30 19.50 Edelstahl V2a UV2A30 auf Anfrage Edelstahl V4a &#8230; <a title=\"Sprossenprofile\" class=\"read-more\" href=\"https:\/\/rotex-metallbauteile.ch\/de\/sprossenprofile\/\" aria-label=\"Mehr Informationen \u00fcber Sprossenprofile\">Weiterlesen<\/a><\/p>\n","protected":false},"author":1,"featured_media":0,"parent":0,"menu_order":0,"comment_status":"closed","ping_status":"closed","template":"","meta":{"_acf_changed":false,"inline_featured_image":false,"footnotes":""},"class_list":["post-174","page","type-page","status-publish"],"acf":[],"yoast_head":"<!-- This site is optimized with the Yoast SEO plugin v27.2 - https:\/\/yoast.com\/product\/yoast-seo-wordpress\/ -->\n<title>Sprossenprofile - Rotex Metallbauteile GmbH<\/title>\n<meta name=\"robots\" content=\"index, follow, max-snippet:-1, max-image-preview:large, max-video-preview:-1\" \/>\n<link rel=\"canonical\" href=\"https:\/\/rotex-metallbauteile.ch\/de\/sprossenprofile\/\" \/>\n<meta property=\"og:locale\" content=\"de_DE\" \/>\n<meta property=\"og:type\" content=\"article\" \/>\n<meta property=\"og:title\" content=\"Sprossenprofile - Rotex Metallbauteile GmbH\" \/>\n<meta property=\"og:description\" content=\"Sprossenprofile U Sprossenprofil (Breite: 30mm) U-Profil mit optimiertem Lochbild. Die doppelreihige Lochung ist bis zu den Kanten vorgezogen und bietet h\u00f6chste Trittsicherheit. In St\u00e4ben von ca. 2 Meter erh\u00e4ltlich. \u26a0\ufe0e Preis ab 10 Laufmeter \u26a0\ufe0e Masse in mm Werkstoff Bestell-Nr. CHF pro LM 30x32x2 Stahl, roh USTR30 19.50 Edelstahl V2a UV2A30 auf Anfrage Edelstahl V4a ... Weiterlesen\" \/>\n<meta property=\"og:url\" content=\"https:\/\/rotex-metallbauteile.ch\/de\/sprossenprofile\/\" \/>\n<meta property=\"og:site_name\" content=\"Rotex Metallbauteile GmbH\" \/>\n<meta property=\"article:modified_time\" content=\"2022-06-01T10:49:05+00:00\" \/>\n<meta property=\"og:image\" content=\"https:\/\/rotex-metallbauteile.ch\/wp-content\/uploads\/profil-loch-seite.jpg\" \/>\n<meta name=\"twitter:card\" content=\"summary_large_image\" \/>\n<meta name=\"twitter:label1\" content=\"Gesch\u00e4tzte Lesezeit\" \/>\n\t<meta name=\"twitter:data1\" content=\"2\u00a0Minuten\" \/>\n<script type=\"application\/ld+json\" class=\"yoast-schema-graph\">{\"@context\":\"https:\/\/schema.org\",\"@graph\":[{\"@type\":\"WebPage\",\"@id\":\"https:\/\/rotex-metallbauteile.ch\/de\/sprossenprofile\/\",\"url\":\"https:\/\/rotex-metallbauteile.ch\/de\/sprossenprofile\/\",\"name\":\"Sprossenprofile - Rotex Metallbauteile GmbH\",\"isPartOf\":{\"@id\":\"https:\/\/rotex-metallbauteile.ch\/de\/#website\"},\"primaryImageOfPage\":{\"@id\":\"https:\/\/rotex-metallbauteile.ch\/de\/sprossenprofile\/#primaryimage\"},\"image\":{\"@id\":\"https:\/\/rotex-metallbauteile.ch\/de\/sprossenprofile\/#primaryimage\"},\"thumbnailUrl\":\"https:\/\/rotex-metallbauteile.ch\/wp-content\/uploads\/profil-loch-seite.jpg\",\"datePublished\":\"2019-10-30T09:12:03+00:00\",\"dateModified\":\"2022-06-01T10:49:05+00:00\",\"breadcrumb\":{\"@id\":\"https:\/\/rotex-metallbauteile.ch\/de\/sprossenprofile\/#breadcrumb\"},\"inLanguage\":\"de\",\"potentialAction\":[{\"@type\":\"ReadAction\",\"target\":[\"https:\/\/rotex-metallbauteile.ch\/de\/sprossenprofile\/\"]}]},{\"@type\":\"ImageObject\",\"inLanguage\":\"de\",\"@id\":\"https:\/\/rotex-metallbauteile.ch\/de\/sprossenprofile\/#primaryimage\",\"url\":\"https:\/\/rotex-metallbauteile.ch\/wp-content\/uploads\/profil-loch-seite.jpg\",\"contentUrl\":\"https:\/\/rotex-metallbauteile.ch\/wp-content\/uploads\/profil-loch-seite.jpg\"},{\"@type\":\"BreadcrumbList\",\"@id\":\"https:\/\/rotex-metallbauteile.ch\/de\/sprossenprofile\/#breadcrumb\",\"itemListElement\":[{\"@type\":\"ListItem\",\"position\":1,\"name\":\"Startseite\",\"item\":\"https:\/\/rotex-metallbauteile.ch\/de\/\"},{\"@type\":\"ListItem\",\"position\":2,\"name\":\"Sprossenprofile\"}]},{\"@type\":\"WebSite\",\"@id\":\"https:\/\/rotex-metallbauteile.ch\/de\/#website\",\"url\":\"https:\/\/rotex-metallbauteile.ch\/de\/\",\"name\":\"Rotex Metallbauteile GmbH\",\"description\":\"\",\"publisher\":{\"@id\":\"https:\/\/rotex-metallbauteile.ch\/de\/#organization\"},\"potentialAction\":[{\"@type\":\"SearchAction\",\"target\":{\"@type\":\"EntryPoint\",\"urlTemplate\":\"https:\/\/rotex-metallbauteile.ch\/de\/?s={search_term_string}\"},\"query-input\":{\"@type\":\"PropertyValueSpecification\",\"valueRequired\":true,\"valueName\":\"search_term_string\"}}],\"inLanguage\":\"de\"},{\"@type\":\"Organization\",\"@id\":\"https:\/\/rotex-metallbauteile.ch\/de\/#organization\",\"name\":\"Rotex Metallbauteile GmbH\",\"url\":\"https:\/\/rotex-metallbauteile.ch\/de\/\",\"logo\":{\"@type\":\"ImageObject\",\"inLanguage\":\"de\",\"@id\":\"https:\/\/rotex-metallbauteile.ch\/de\/#\/schema\/logo\/image\/\",\"url\":\"https:\/\/rotex-metallbauteile.ch\/wp-content\/uploads\/logo_ohne_redbar.png\",\"contentUrl\":\"https:\/\/rotex-metallbauteile.ch\/wp-content\/uploads\/logo_ohne_redbar.png\",\"width\":409,\"height\":126,\"caption\":\"Rotex Metallbauteile GmbH\"},\"image\":{\"@id\":\"https:\/\/rotex-metallbauteile.ch\/de\/#\/schema\/logo\/image\/\"},\"sameAs\":[\"https:\/\/www.linkedin.com\/company\/rotex-metallbauteile\/\"]}]}<\/script>\n<!-- \/ Yoast SEO plugin. -->","yoast_head_json":{"title":"Sprossenprofile - Rotex Metallbauteile GmbH","robots":{"index":"index","follow":"follow","max-snippet":"max-snippet:-1","max-image-preview":"max-image-preview:large","max-video-preview":"max-video-preview:-1"},"canonical":"https:\/\/rotex-metallbauteile.ch\/de\/sprossenprofile\/","og_locale":"de_DE","og_type":"article","og_title":"Sprossenprofile - Rotex Metallbauteile GmbH","og_description":"Sprossenprofile U Sprossenprofil (Breite: 30mm) U-Profil mit optimiertem Lochbild. Die doppelreihige Lochung ist bis zu den Kanten vorgezogen und bietet h\u00f6chste Trittsicherheit. In St\u00e4ben von ca. 2 Meter erh\u00e4ltlich. \u26a0\ufe0e Preis ab 10 Laufmeter \u26a0\ufe0e Masse in mm Werkstoff Bestell-Nr. CHF pro LM 30x32x2 Stahl, roh USTR30 19.50 Edelstahl V2a UV2A30 auf Anfrage Edelstahl V4a ... Weiterlesen","og_url":"https:\/\/rotex-metallbauteile.ch\/de\/sprossenprofile\/","og_site_name":"Rotex Metallbauteile GmbH","article_modified_time":"2022-06-01T10:49:05+00:00","og_image":[{"url":"https:\/\/rotex-metallbauteile.ch\/wp-content\/uploads\/profil-loch-seite.jpg","type":"","width":"","height":""}],"twitter_card":"summary_large_image","twitter_misc":{"Gesch\u00e4tzte Lesezeit":"2\u00a0Minuten"},"schema":{"@context":"https:\/\/schema.org","@graph":[{"@type":"WebPage","@id":"https:\/\/rotex-metallbauteile.ch\/de\/sprossenprofile\/","url":"https:\/\/rotex-metallbauteile.ch\/de\/sprossenprofile\/","name":"Sprossenprofile - Rotex Metallbauteile GmbH","isPartOf":{"@id":"https:\/\/rotex-metallbauteile.ch\/de\/#website"},"primaryImageOfPage":{"@id":"https:\/\/rotex-metallbauteile.ch\/de\/sprossenprofile\/#primaryimage"},"image":{"@id":"https:\/\/rotex-metallbauteile.ch\/de\/sprossenprofile\/#primaryimage"},"thumbnailUrl":"https:\/\/rotex-metallbauteile.ch\/wp-content\/uploads\/profil-loch-seite.jpg","datePublished":"2019-10-30T09:12:03+00:00","dateModified":"2022-06-01T10:49:05+00:00","breadcrumb":{"@id":"https:\/\/rotex-metallbauteile.ch\/de\/sprossenprofile\/#breadcrumb"},"inLanguage":"de","potentialAction":[{"@type":"ReadAction","target":["https:\/\/rotex-metallbauteile.ch\/de\/sprossenprofile\/"]}]},{"@type":"ImageObject","inLanguage":"de","@id":"https:\/\/rotex-metallbauteile.ch\/de\/sprossenprofile\/#primaryimage","url":"https:\/\/rotex-metallbauteile.ch\/wp-content\/uploads\/profil-loch-seite.jpg","contentUrl":"https:\/\/rotex-metallbauteile.ch\/wp-content\/uploads\/profil-loch-seite.jpg"},{"@type":"BreadcrumbList","@id":"https:\/\/rotex-metallbauteile.ch\/de\/sprossenprofile\/#breadcrumb","itemListElement":[{"@type":"ListItem","position":1,"name":"Startseite","item":"https:\/\/rotex-metallbauteile.ch\/de\/"},{"@type":"ListItem","position":2,"name":"Sprossenprofile"}]},{"@type":"WebSite","@id":"https:\/\/rotex-metallbauteile.ch\/de\/#website","url":"https:\/\/rotex-metallbauteile.ch\/de\/","name":"Rotex Metallbauteile GmbH","description":"","publisher":{"@id":"https:\/\/rotex-metallbauteile.ch\/de\/#organization"},"potentialAction":[{"@type":"SearchAction","target":{"@type":"EntryPoint","urlTemplate":"https:\/\/rotex-metallbauteile.ch\/de\/?s={search_term_string}"},"query-input":{"@type":"PropertyValueSpecification","valueRequired":true,"valueName":"search_term_string"}}],"inLanguage":"de"},{"@type":"Organization","@id":"https:\/\/rotex-metallbauteile.ch\/de\/#organization","name":"Rotex Metallbauteile GmbH","url":"https:\/\/rotex-metallbauteile.ch\/de\/","logo":{"@type":"ImageObject","inLanguage":"de","@id":"https:\/\/rotex-metallbauteile.ch\/de\/#\/schema\/logo\/image\/","url":"https:\/\/rotex-metallbauteile.ch\/wp-content\/uploads\/logo_ohne_redbar.png","contentUrl":"https:\/\/rotex-metallbauteile.ch\/wp-content\/uploads\/logo_ohne_redbar.png","width":409,"height":126,"caption":"Rotex Metallbauteile GmbH"},"image":{"@id":"https:\/\/rotex-metallbauteile.ch\/de\/#\/schema\/logo\/image\/"},"sameAs":["https:\/\/www.linkedin.com\/company\/rotex-metallbauteile\/"]}]}},"_links":{"self":[{"href":"https:\/\/rotex-metallbauteile.ch\/de\/wp-json\/wp\/v2\/pages\/174","targetHints":{"allow":["GET"]}}],"collection":[{"href":"https:\/\/rotex-metallbauteile.ch\/de\/wp-json\/wp\/v2\/pages"}],"about":[{"href":"https:\/\/rotex-metallbauteile.ch\/de\/wp-json\/wp\/v2\/types\/page"}],"author":[{"embeddable":true,"href":"https:\/\/rotex-metallbauteile.ch\/de\/wp-json\/wp\/v2\/users\/1"}],"replies":[{"embeddable":true,"href":"https:\/\/rotex-metallbauteile.ch\/de\/wp-json\/wp\/v2\/comments?post=174"}],"version-history":[{"count":0,"href":"https:\/\/rotex-metallbauteile.ch\/de\/wp-json\/wp\/v2\/pages\/174\/revisions"}],"wp:attachment":[{"href":"https:\/\/rotex-metallbauteile.ch\/de\/wp-json\/wp\/v2\/media?parent=174"}],"curies":[{"name":"wp","href":"https:\/\/api.w.org\/{rel}","templated":true}]}}