{"id":153,"date":"2019-10-30T10:05:41","date_gmt":"2019-10-30T09:05:41","guid":{"rendered":"http:\/\/rotex-metallbauteile.ch\/?page_id=153"},"modified":"2026-04-28T14:01:34","modified_gmt":"2026-04-28T12:01:34","slug":"montagesystem","status":"publish","type":"page","link":"https:\/\/rotex-metallbauteile.ch\/de\/montagesystem\/","title":{"rendered":"Montagesystem"},"content":{"rendered":"\t\t<div data-elementor-type=\"wp-page\" data-elementor-id=\"153\" class=\"elementor elementor-153\" data-elementor-post-type=\"page\">\n\t\t\t\t\t\t<section class=\"has_ae_slider elementor-section elementor-top-section elementor-element elementor-element-42a7f33b elementor-section-full_width elementor-section-height-default elementor-section-height-default ae-bg-gallery-type-default\" data-id=\"42a7f33b\" data-element_type=\"section\" data-e-type=\"section\">\n\t\t\t\t\t\t<div class=\"elementor-container elementor-column-gap-default\">\n\t\t\t\t\t<div class=\"has_ae_slider elementor-column elementor-col-100 elementor-top-column elementor-element elementor-element-615c3f3a ae-bg-gallery-type-default\" data-id=\"615c3f3a\" data-element_type=\"column\" data-e-type=\"column\">\n\t\t\t<div class=\"elementor-widget-wrap elementor-element-populated\">\n\t\t\t\t\t\t<div class=\"elementor-element elementor-element-587b7f80 elementor-widget elementor-widget-heading\" data-id=\"587b7f80\" data-element_type=\"widget\" data-e-type=\"widget\" data-widget_type=\"heading.default\">\n\t\t\t\t<div class=\"elementor-widget-container\">\n\t\t\t\t\t<h1 class=\"elementor-heading-title elementor-size-default\">Montagesystem<\/h1>\t\t\t\t<\/div>\n\t\t\t\t<\/div>\n\t\t\t\t\t<\/div>\n\t\t<\/div>\n\t\t\t\t\t<\/div>\n\t\t<\/section>\n\t\t\t\t<section class=\"has_ae_slider elementor-section elementor-top-section elementor-element elementor-element-2c52f08b elementor-section-full_width elementor-section-height-default elementor-section-height-default ae-bg-gallery-type-default\" data-id=\"2c52f08b\" data-element_type=\"section\" data-e-type=\"section\">\n\t\t\t\t\t\t<div class=\"elementor-container elementor-column-gap-default\">\n\t\t\t\t\t<div class=\"has_ae_slider elementor-column elementor-col-66 elementor-top-column elementor-element elementor-element-34019318 ae-bg-gallery-type-default\" data-id=\"34019318\" data-element_type=\"column\" data-e-type=\"column\">\n\t\t\t<div class=\"elementor-widget-wrap elementor-element-populated\">\n\t\t\t\t\t\t<div class=\"elementor-element elementor-element-251ec7ad elementor-widget elementor-widget-text-editor\" data-id=\"251ec7ad\" data-element_type=\"widget\" data-e-type=\"widget\" data-widget_type=\"text-editor.default\">\n\t\t\t\t<div class=\"elementor-widget-container\">\n\t\t\t\t\t\t\t\t\t<p>Kunden die das erste Mal unsere Lamellen montierten, best\u00e4tigten uns das einfache Montageprinzip sowie die kurze Montagezeit f\u00fcr kleine und grosse Fl\u00e4chen. Die Lamellenw\u00e4nde k\u00f6nnen mit hinterliegender Konstruktion oder auch freistehend montiert werden. Aus mehreren Halteprofilen kann je nach Statikanforderungen gew\u00e4hlt werden, um dann mittels eines einfachen Klicksystems die Lamellen einzuh\u00e4ngen. Die Kunststoffhalter vermeiden Ger\u00e4uschentwicklung und sind K\u00e4lte\/Hitzeresistent.<\/p>\t\t\t\t\t\t\t\t<\/div>\n\t\t\t\t<\/div>\n\t\t\t\t<div class=\"elementor-element elementor-element-926c1d7 elementor-widget elementor-widget-image\" data-id=\"926c1d7\" data-element_type=\"widget\" data-e-type=\"widget\" data-widget_type=\"image.default\">\n\t\t\t\t<div class=\"elementor-widget-container\">\n\t\t\t\t\t\t\t\t\t\t\t\t\t\t\t<img fetchpriority=\"high\" decoding=\"async\" width=\"227\" height=\"255\" src=\"https:\/\/rotex-metallbauteile.ch\/wp-content\/uploads\/duco-montage.gif\" class=\"attachment-large size-large wp-image-1698\" alt=\"Duco L\u00fcftungsgitter Montage Anleitung\" \/>\t\t\t\t\t\t\t\t\t\t\t\t\t\t\t<\/div>\n\t\t\t\t<\/div>\n\t\t\t\t\t<\/div>\n\t\t<\/div>\n\t\t\t\t<div class=\"has_ae_slider elementor-column elementor-col-33 elementor-top-column elementor-element elementor-element-6d2474ca ae-bg-gallery-type-default\" data-id=\"6d2474ca\" data-element_type=\"column\" data-e-type=\"column\">\n\t\t\t<div class=\"elementor-widget-wrap elementor-element-populated\">\n\t\t\t\t\t\t<div class=\"elementor-element elementor-element-7c3ba484 elementor-widget elementor-widget-image\" data-id=\"7c3ba484\" data-element_type=\"widget\" data-e-type=\"widget\" data-widget_type=\"image.default\">\n\t\t\t\t<div class=\"elementor-widget-container\">\n\t\t\t\t\t\t\t\t\t\t\t\t\t\t\t<img decoding=\"async\" width=\"260\" height=\"280\" src=\"https:\/\/rotex-metallbauteile.ch\/wp-content\/uploads\/wetterschutz-eth-schwerzenbach.jpg\" class=\"attachment-full size-full wp-image-1697\" alt=\"Wetterschutz ETH Schwerzenbach\" \/>\t\t\t\t\t\t\t\t\t\t\t\t\t\t\t<\/div>\n\t\t\t\t<\/div>\n\t\t\t\t<section class=\"has_ae_slider elementor-section elementor-inner-section elementor-element elementor-element-59fe09a elementor-section-full_width elementor-section-height-default elementor-section-height-default ae-bg-gallery-type-default\" data-id=\"59fe09a\" data-element_type=\"section\" data-e-type=\"section\">\n\t\t\t\t\t\t<div class=\"elementor-container elementor-column-gap-default\">\n\t\t\t\t\t<div class=\"has_ae_slider elementor-column elementor-col-50 elementor-inner-column elementor-element elementor-element-6d37ba2 ae-bg-gallery-type-default\" data-id=\"6d37ba2\" data-element_type=\"column\" data-e-type=\"column\">\n\t\t\t<div class=\"elementor-widget-wrap\">\n\t\t\t\t\t\t\t<\/div>\n\t\t<\/div>\n\t\t\t\t<div class=\"has_ae_slider elementor-column elementor-col-50 elementor-inner-column elementor-element elementor-element-308184a ae-bg-gallery-type-default\" data-id=\"308184a\" data-element_type=\"column\" data-e-type=\"column\">\n\t\t\t<div class=\"elementor-widget-wrap elementor-element-populated\">\n\t\t\t\t\t\t<div class=\"elementor-element elementor-element-cbc4a72 elementor-widget elementor-widget-image\" data-id=\"cbc4a72\" data-element_type=\"widget\" data-e-type=\"widget\" data-widget_type=\"image.default\">\n\t\t\t\t<div class=\"elementor-widget-container\">\n\t\t\t\t\t\t\t\t\t\t\t\t\t\t\t<img decoding=\"async\" width=\"1024\" height=\"271\" src=\"https:\/\/rotex-metallbauteile.ch\/wp-content\/uploads\/duco-logo-no-baseline-GREEN-1024x271.jpg\" class=\"attachment-large size-large wp-image-9698\" alt=\"\" srcset=\"https:\/\/rotex-metallbauteile.ch\/wp-content\/uploads\/duco-logo-no-baseline-GREEN-1024x271.jpg 1024w, https:\/\/rotex-metallbauteile.ch\/wp-content\/uploads\/duco-logo-no-baseline-GREEN-300x80.jpg 300w, https:\/\/rotex-metallbauteile.ch\/wp-content\/uploads\/duco-logo-no-baseline-GREEN-768x204.jpg 768w, https:\/\/rotex-metallbauteile.ch\/wp-content\/uploads\/duco-logo-no-baseline-GREEN-1536x407.jpg 1536w, https:\/\/rotex-metallbauteile.ch\/wp-content\/uploads\/duco-logo-no-baseline-GREEN.jpg 1754w\" sizes=\"(max-width: 1024px) 100vw, 1024px\" \/>\t\t\t\t\t\t\t\t\t\t\t\t\t\t\t<\/div>\n\t\t\t\t<\/div>\n\t\t\t\t\t<\/div>\n\t\t<\/div>\n\t\t\t\t\t<\/div>\n\t\t<\/section>\n\t\t\t\t\t<\/div>\n\t\t<\/div>\n\t\t\t\t\t<\/div>\n\t\t<\/section>\n\t\t\t\t<section class=\"has_ae_slider elementor-section elementor-top-section elementor-element elementor-element-94c9f0e elementor-section-full_width elementor-section-height-default elementor-section-height-default ae-bg-gallery-type-default\" data-id=\"94c9f0e\" data-element_type=\"section\" data-e-type=\"section\">\n\t\t\t\t\t\t<div class=\"elementor-container elementor-column-gap-default\">\n\t\t\t\t\t<div class=\"has_ae_slider elementor-column elementor-col-100 elementor-top-column elementor-element elementor-element-692041c ae-bg-gallery-type-default\" data-id=\"692041c\" data-element_type=\"column\" data-e-type=\"column\">\n\t\t\t<div class=\"elementor-widget-wrap elementor-element-populated\">\n\t\t\t\t\t\t<div class=\"elementor-element elementor-element-0096a9f elementor-widget elementor-widget-heading\" data-id=\"0096a9f\" data-element_type=\"widget\" data-e-type=\"widget\" data-widget_type=\"heading.default\">\n\t\t\t\t<div class=\"elementor-widget-container\">\n\t\t\t\t\t<h2 class=\"elementor-heading-title elementor-size-large\">Systeme Screening und Solid<\/h2>\t\t\t\t<\/div>\n\t\t\t\t<\/div>\n\t\t\t\t\t<\/div>\n\t\t<\/div>\n\t\t\t\t\t<\/div>\n\t\t<\/section>\n\t\t\t\t<section class=\"has_ae_slider elementor-section elementor-top-section elementor-element elementor-element-779c149 elementor-section-full_width elementor-section-height-default elementor-section-height-default ae-bg-gallery-type-default\" data-id=\"779c149\" data-element_type=\"section\" data-e-type=\"section\">\n\t\t\t\t\t\t<div class=\"elementor-container elementor-column-gap-default\">\n\t\t\t\t\t<div class=\"has_ae_slider elementor-column elementor-col-66 elementor-top-column elementor-element elementor-element-e5edf86 ae-bg-gallery-type-default\" data-id=\"e5edf86\" data-element_type=\"column\" data-e-type=\"column\">\n\t\t\t<div class=\"elementor-widget-wrap elementor-element-populated\">\n\t\t\t\t\t\t<div class=\"elementor-element elementor-element-8dcdc03 elementor-widget elementor-widget-text-editor\" data-id=\"8dcdc03\" data-element_type=\"widget\" data-e-type=\"widget\" data-widget_type=\"text-editor.default\">\n\t\t\t\t<div class=\"elementor-widget-container\">\n\t\t\t\t\t\t\t\t\t<p>Bei den Systemen Screening und Solid ist die Montage sogar noch einfacher. Mit dem patentierten Direct Clip System von DUCO k\u00f6nnen die Lamellen direkt auf die Halteprofile montiert werden. Dies spart Materialkosten und Montageaufwand.<\/p>\t\t\t\t\t\t\t\t<\/div>\n\t\t\t\t<\/div>\n\t\t\t\t\t<\/div>\n\t\t<\/div>\n\t\t\t\t<div class=\"has_ae_slider elementor-column elementor-col-33 elementor-top-column elementor-element elementor-element-f73a68a ae-bg-gallery-type-default\" data-id=\"f73a68a\" data-element_type=\"column\" data-e-type=\"column\">\n\t\t\t<div class=\"elementor-widget-wrap elementor-element-populated\">\n\t\t\t\t\t\t<div class=\"elementor-element elementor-element-41f7093 elementor-widget elementor-widget-image\" data-id=\"41f7093\" data-element_type=\"widget\" data-e-type=\"widget\" data-widget_type=\"image.default\">\n\t\t\t\t<div class=\"elementor-widget-container\">\n\t\t\t\t\t\t\t\t\t\t\t\t\t\t\t<img loading=\"lazy\" decoding=\"async\" width=\"725\" height=\"443\" src=\"https:\/\/rotex-metallbauteile.ch\/wp-content\/uploads\/image002.png\" class=\"attachment-full size-full wp-image-7997\" alt=\"\" srcset=\"https:\/\/rotex-metallbauteile.ch\/wp-content\/uploads\/image002.png 725w, https:\/\/rotex-metallbauteile.ch\/wp-content\/uploads\/image002-300x183.png 300w\" sizes=\"(max-width: 725px) 100vw, 725px\" \/>\t\t\t\t\t\t\t\t\t\t\t\t\t\t\t<\/div>\n\t\t\t\t<\/div>\n\t\t\t\t<section class=\"has_ae_slider elementor-section elementor-inner-section elementor-element elementor-element-a2c1942 elementor-section-full_width elementor-section-height-default elementor-section-height-default ae-bg-gallery-type-default\" data-id=\"a2c1942\" data-element_type=\"section\" data-e-type=\"section\">\n\t\t\t\t\t\t<div class=\"elementor-container elementor-column-gap-default\">\n\t\t\t\t\t<div class=\"has_ae_slider elementor-column elementor-col-50 elementor-inner-column elementor-element elementor-element-0501ebc ae-bg-gallery-type-default\" data-id=\"0501ebc\" data-element_type=\"column\" data-e-type=\"column\">\n\t\t\t<div class=\"elementor-widget-wrap\">\n\t\t\t\t\t\t\t<\/div>\n\t\t<\/div>\n\t\t\t\t<div class=\"has_ae_slider elementor-column elementor-col-50 elementor-inner-column elementor-element elementor-element-6ea7f99 ae-bg-gallery-type-default\" data-id=\"6ea7f99\" data-element_type=\"column\" data-e-type=\"column\">\n\t\t\t<div class=\"elementor-widget-wrap elementor-element-populated\">\n\t\t\t\t\t\t<div class=\"elementor-element elementor-element-8150afd elementor-widget elementor-widget-image\" data-id=\"8150afd\" data-element_type=\"widget\" data-e-type=\"widget\" data-widget_type=\"image.default\">\n\t\t\t\t<div class=\"elementor-widget-container\">\n\t\t\t\t\t\t\t\t\t\t\t\t\t\t\t<img decoding=\"async\" width=\"1024\" height=\"271\" src=\"https:\/\/rotex-metallbauteile.ch\/wp-content\/uploads\/duco-logo-no-baseline-GREEN-1024x271.jpg\" class=\"attachment-large size-large wp-image-9698\" alt=\"\" srcset=\"https:\/\/rotex-metallbauteile.ch\/wp-content\/uploads\/duco-logo-no-baseline-GREEN-1024x271.jpg 1024w, https:\/\/rotex-metallbauteile.ch\/wp-content\/uploads\/duco-logo-no-baseline-GREEN-300x80.jpg 300w, https:\/\/rotex-metallbauteile.ch\/wp-content\/uploads\/duco-logo-no-baseline-GREEN-768x204.jpg 768w, https:\/\/rotex-metallbauteile.ch\/wp-content\/uploads\/duco-logo-no-baseline-GREEN-1536x407.jpg 1536w, https:\/\/rotex-metallbauteile.ch\/wp-content\/uploads\/duco-logo-no-baseline-GREEN.jpg 1754w\" sizes=\"(max-width: 1024px) 100vw, 1024px\" \/>\t\t\t\t\t\t\t\t\t\t\t\t\t\t\t<\/div>\n\t\t\t\t<\/div>\n\t\t\t\t\t<\/div>\n\t\t<\/div>\n\t\t\t\t\t<\/div>\n\t\t<\/section>\n\t\t\t\t\t<\/div>\n\t\t<\/div>\n\t\t\t\t\t<\/div>\n\t\t<\/section>\n\t\t\t\t<section class=\"has_ae_slider elementor-section elementor-top-section elementor-element elementor-element-5a07968 elementor-section-boxed elementor-section-height-default elementor-section-height-default ae-bg-gallery-type-default\" data-id=\"5a07968\" data-element_type=\"section\" data-e-type=\"section\">\n\t\t\t\t\t\t<div class=\"elementor-container elementor-column-gap-no\">\n\t\t\t\t\t<div class=\"has_ae_slider elementor-column elementor-col-100 elementor-top-column elementor-element elementor-element-12c7a65 ae-bg-gallery-type-default\" data-id=\"12c7a65\" data-element_type=\"column\" data-e-type=\"column\">\n\t\t\t<div class=\"elementor-widget-wrap elementor-element-populated\">\n\t\t\t\t\t\t<div class=\"elementor-element elementor-element-a1d0ee4 elementor-widget elementor-widget-image\" data-id=\"a1d0ee4\" data-element_type=\"widget\" data-e-type=\"widget\" data-widget_type=\"image.default\">\n\t\t\t\t<div class=\"elementor-widget-container\">\n\t\t\t\t\t\t\t\t\t\t\t\t\t\t\t<img loading=\"lazy\" decoding=\"async\" width=\"1024\" height=\"707\" src=\"https:\/\/rotex-metallbauteile.ch\/wp-content\/uploads\/Lammelenwand_Montage_2-1024x707.jpg\" class=\"attachment-large size-large wp-image-8000\" alt=\"Lamellenwand Montage eifnach\" srcset=\"https:\/\/rotex-metallbauteile.ch\/wp-content\/uploads\/Lammelenwand_Montage_2-1024x707.jpg 1024w, https:\/\/rotex-metallbauteile.ch\/wp-content\/uploads\/Lammelenwand_Montage_2-300x207.jpg 300w, https:\/\/rotex-metallbauteile.ch\/wp-content\/uploads\/Lammelenwand_Montage_2-768x530.jpg 768w, https:\/\/rotex-metallbauteile.ch\/wp-content\/uploads\/Lammelenwand_Montage_2.jpg 1033w\" sizes=\"(max-width: 1024px) 100vw, 1024px\" \/>\t\t\t\t\t\t\t\t\t\t\t\t\t\t\t<\/div>\n\t\t\t\t<\/div>\n\t\t\t\t\t<\/div>\n\t\t<\/div>\n\t\t\t\t\t<\/div>\n\t\t<\/section>\n\t\t\t\t<section class=\"has_ae_slider elementor-section elementor-top-section elementor-element elementor-element-60ee011 elementor-section-boxed elementor-section-height-default elementor-section-height-default ae-bg-gallery-type-default\" data-id=\"60ee011\" data-element_type=\"section\" data-e-type=\"section\">\n\t\t\t\t\t\t<div class=\"elementor-container elementor-column-gap-no\">\n\t\t\t\t\t<div class=\"has_ae_slider elementor-column elementor-col-100 elementor-top-column elementor-element elementor-element-1fa3c26 ae-bg-gallery-type-default\" data-id=\"1fa3c26\" data-element_type=\"column\" data-e-type=\"column\">\n\t\t\t<div class=\"elementor-widget-wrap elementor-element-populated\">\n\t\t\t\t\t\t<div class=\"elementor-element elementor-element-743a0e1 elementor-widget elementor-widget-image\" data-id=\"743a0e1\" data-element_type=\"widget\" data-e-type=\"widget\" data-widget_type=\"image.default\">\n\t\t\t\t<div class=\"elementor-widget-container\">\n\t\t\t\t\t\t\t\t\t\t\t\t\t\t\t<img loading=\"lazy\" decoding=\"async\" width=\"1024\" height=\"707\" src=\"https:\/\/rotex-metallbauteile.ch\/wp-content\/uploads\/Lammelenwand_Montage_6-1024x707.jpg\" class=\"attachment-large size-large wp-image-8002\" alt=\"Lamellenwand Montage einfach\" srcset=\"https:\/\/rotex-metallbauteile.ch\/wp-content\/uploads\/Lammelenwand_Montage_6-1024x707.jpg 1024w, https:\/\/rotex-metallbauteile.ch\/wp-content\/uploads\/Lammelenwand_Montage_6-300x207.jpg 300w, https:\/\/rotex-metallbauteile.ch\/wp-content\/uploads\/Lammelenwand_Montage_6-768x530.jpg 768w, https:\/\/rotex-metallbauteile.ch\/wp-content\/uploads\/Lammelenwand_Montage_6.jpg 1033w\" sizes=\"(max-width: 1024px) 100vw, 1024px\" \/>\t\t\t\t\t\t\t\t\t\t\t\t\t\t\t<\/div>\n\t\t\t\t<\/div>\n\t\t\t\t\t<\/div>\n\t\t<\/div>\n\t\t\t\t\t<\/div>\n\t\t<\/section>\n\t\t\t\t<\/div>\n\t\t","protected":false},"excerpt":{"rendered":"<p>Montagesystem Kunden die das erste Mal unsere Lamellen montierten, best\u00e4tigten uns das einfache Montageprinzip sowie die kurze Montagezeit f\u00fcr kleine und grosse Fl\u00e4chen. Die Lamellenw\u00e4nde k\u00f6nnen mit hinterliegender Konstruktion oder auch freistehend montiert werden. Aus mehreren Halteprofilen kann je nach Statikanforderungen gew\u00e4hlt werden, um dann mittels eines einfachen Klicksystems die Lamellen einzuh\u00e4ngen. Die Kunststoffhalter vermeiden &#8230; <a title=\"Montagesystem\" class=\"read-more\" href=\"https:\/\/rotex-metallbauteile.ch\/de\/montagesystem\/\" aria-label=\"Mehr Informationen \u00fcber Montagesystem\">Weiterlesen<\/a><\/p>\n","protected":false},"author":1,"featured_media":0,"parent":0,"menu_order":0,"comment_status":"closed","ping_status":"closed","template":"","meta":{"_acf_changed":false,"inline_featured_image":false,"footnotes":""},"class_list":["post-153","page","type-page","status-publish"],"acf":[],"yoast_head":"<!-- This site is optimized with the Yoast SEO plugin v27.2 - https:\/\/yoast.com\/product\/yoast-seo-wordpress\/ -->\n<title>Montagesystem - Rotex Metallbauteile GmbH<\/title>\n<meta name=\"description\" content=\"Montagesystem f\u00fcr Lamellenfassaden: einfache und schnelle Montage dank Klick- und Direct Clip System, flexibel einsetzbar f\u00fcr grosse Fl\u00e4chen und unterschiedliche Statikanforderungen.\" \/>\n<meta name=\"robots\" content=\"index, follow, max-snippet:-1, max-image-preview:large, max-video-preview:-1\" \/>\n<link rel=\"canonical\" href=\"https:\/\/rotex-metallbauteile.ch\/de\/montagesystem\/\" \/>\n<meta property=\"og:locale\" content=\"de_DE\" \/>\n<meta property=\"og:type\" content=\"article\" \/>\n<meta property=\"og:title\" content=\"Montagesystem - Rotex Metallbauteile GmbH\" \/>\n<meta property=\"og:description\" content=\"Montagesystem f\u00fcr Lamellenfassaden: einfache und schnelle Montage dank Klick- und Direct Clip System, flexibel einsetzbar f\u00fcr grosse Fl\u00e4chen und unterschiedliche Statikanforderungen.\" \/>\n<meta property=\"og:url\" content=\"https:\/\/rotex-metallbauteile.ch\/de\/montagesystem\/\" \/>\n<meta property=\"og:site_name\" content=\"Rotex Metallbauteile GmbH\" \/>\n<meta property=\"article:modified_time\" content=\"2026-04-28T12:01:34+00:00\" \/>\n<meta property=\"og:image\" content=\"https:\/\/rotex-metallbauteile.ch\/wp-content\/uploads\/duco-montage.gif\" \/>\n<meta name=\"twitter:card\" content=\"summary_large_image\" \/>\n<meta name=\"twitter:label1\" content=\"Gesch\u00e4tzte Lesezeit\" \/>\n\t<meta name=\"twitter:data1\" content=\"2\u00a0Minuten\" \/>\n<script type=\"application\/ld+json\" class=\"yoast-schema-graph\">{\"@context\":\"https:\/\/schema.org\",\"@graph\":[{\"@type\":\"WebPage\",\"@id\":\"https:\/\/rotex-metallbauteile.ch\/de\/montagesystem\/\",\"url\":\"https:\/\/rotex-metallbauteile.ch\/de\/montagesystem\/\",\"name\":\"Montagesystem - Rotex Metallbauteile GmbH\",\"isPartOf\":{\"@id\":\"https:\/\/rotex-metallbauteile.ch\/de\/#website\"},\"primaryImageOfPage\":{\"@id\":\"https:\/\/rotex-metallbauteile.ch\/de\/montagesystem\/#primaryimage\"},\"image\":{\"@id\":\"https:\/\/rotex-metallbauteile.ch\/de\/montagesystem\/#primaryimage\"},\"thumbnailUrl\":\"https:\/\/rotex-metallbauteile.ch\/wp-content\/uploads\/duco-montage.gif\",\"datePublished\":\"2019-10-30T09:05:41+00:00\",\"dateModified\":\"2026-04-28T12:01:34+00:00\",\"description\":\"Montagesystem f\u00fcr Lamellenfassaden: einfache und schnelle Montage dank Klick- und Direct Clip System, flexibel einsetzbar f\u00fcr grosse Fl\u00e4chen und unterschiedliche Statikanforderungen.\",\"breadcrumb\":{\"@id\":\"https:\/\/rotex-metallbauteile.ch\/de\/montagesystem\/#breadcrumb\"},\"inLanguage\":\"de\",\"potentialAction\":[{\"@type\":\"ReadAction\",\"target\":[\"https:\/\/rotex-metallbauteile.ch\/de\/montagesystem\/\"]}]},{\"@type\":\"ImageObject\",\"inLanguage\":\"de\",\"@id\":\"https:\/\/rotex-metallbauteile.ch\/de\/montagesystem\/#primaryimage\",\"url\":\"https:\/\/rotex-metallbauteile.ch\/wp-content\/uploads\/duco-montage.gif\",\"contentUrl\":\"https:\/\/rotex-metallbauteile.ch\/wp-content\/uploads\/duco-montage.gif\"},{\"@type\":\"BreadcrumbList\",\"@id\":\"https:\/\/rotex-metallbauteile.ch\/de\/montagesystem\/#breadcrumb\",\"itemListElement\":[{\"@type\":\"ListItem\",\"position\":1,\"name\":\"Startseite\",\"item\":\"https:\/\/rotex-metallbauteile.ch\/de\/\"},{\"@type\":\"ListItem\",\"position\":2,\"name\":\"Montagesystem\"}]},{\"@type\":\"WebSite\",\"@id\":\"https:\/\/rotex-metallbauteile.ch\/de\/#website\",\"url\":\"https:\/\/rotex-metallbauteile.ch\/de\/\",\"name\":\"Rotex Metallbauteile GmbH\",\"description\":\"\",\"publisher\":{\"@id\":\"https:\/\/rotex-metallbauteile.ch\/de\/#organization\"},\"potentialAction\":[{\"@type\":\"SearchAction\",\"target\":{\"@type\":\"EntryPoint\",\"urlTemplate\":\"https:\/\/rotex-metallbauteile.ch\/de\/?s={search_term_string}\"},\"query-input\":{\"@type\":\"PropertyValueSpecification\",\"valueRequired\":true,\"valueName\":\"search_term_string\"}}],\"inLanguage\":\"de\"},{\"@type\":\"Organization\",\"@id\":\"https:\/\/rotex-metallbauteile.ch\/de\/#organization\",\"name\":\"Rotex Metallbauteile GmbH\",\"url\":\"https:\/\/rotex-metallbauteile.ch\/de\/\",\"logo\":{\"@type\":\"ImageObject\",\"inLanguage\":\"de\",\"@id\":\"https:\/\/rotex-metallbauteile.ch\/de\/#\/schema\/logo\/image\/\",\"url\":\"https:\/\/rotex-metallbauteile.ch\/wp-content\/uploads\/logo_ohne_redbar.png\",\"contentUrl\":\"https:\/\/rotex-metallbauteile.ch\/wp-content\/uploads\/logo_ohne_redbar.png\",\"width\":409,\"height\":126,\"caption\":\"Rotex Metallbauteile GmbH\"},\"image\":{\"@id\":\"https:\/\/rotex-metallbauteile.ch\/de\/#\/schema\/logo\/image\/\"},\"sameAs\":[\"https:\/\/www.linkedin.com\/company\/rotex-metallbauteile\/\"]}]}<\/script>\n<!-- \/ Yoast SEO plugin. -->","yoast_head_json":{"title":"Montagesystem - Rotex Metallbauteile GmbH","description":"Montagesystem f\u00fcr Lamellenfassaden: einfache und schnelle Montage dank Klick- und Direct Clip System, flexibel einsetzbar f\u00fcr grosse Fl\u00e4chen und unterschiedliche Statikanforderungen.","robots":{"index":"index","follow":"follow","max-snippet":"max-snippet:-1","max-image-preview":"max-image-preview:large","max-video-preview":"max-video-preview:-1"},"canonical":"https:\/\/rotex-metallbauteile.ch\/de\/montagesystem\/","og_locale":"de_DE","og_type":"article","og_title":"Montagesystem - Rotex Metallbauteile GmbH","og_description":"Montagesystem f\u00fcr Lamellenfassaden: einfache und schnelle Montage dank Klick- und Direct Clip System, flexibel einsetzbar f\u00fcr grosse Fl\u00e4chen und unterschiedliche Statikanforderungen.","og_url":"https:\/\/rotex-metallbauteile.ch\/de\/montagesystem\/","og_site_name":"Rotex Metallbauteile GmbH","article_modified_time":"2026-04-28T12:01:34+00:00","og_image":[{"url":"https:\/\/rotex-metallbauteile.ch\/wp-content\/uploads\/duco-montage.gif","type":"","width":"","height":""}],"twitter_card":"summary_large_image","twitter_misc":{"Gesch\u00e4tzte Lesezeit":"2\u00a0Minuten"},"schema":{"@context":"https:\/\/schema.org","@graph":[{"@type":"WebPage","@id":"https:\/\/rotex-metallbauteile.ch\/de\/montagesystem\/","url":"https:\/\/rotex-metallbauteile.ch\/de\/montagesystem\/","name":"Montagesystem - Rotex Metallbauteile GmbH","isPartOf":{"@id":"https:\/\/rotex-metallbauteile.ch\/de\/#website"},"primaryImageOfPage":{"@id":"https:\/\/rotex-metallbauteile.ch\/de\/montagesystem\/#primaryimage"},"image":{"@id":"https:\/\/rotex-metallbauteile.ch\/de\/montagesystem\/#primaryimage"},"thumbnailUrl":"https:\/\/rotex-metallbauteile.ch\/wp-content\/uploads\/duco-montage.gif","datePublished":"2019-10-30T09:05:41+00:00","dateModified":"2026-04-28T12:01:34+00:00","description":"Montagesystem f\u00fcr Lamellenfassaden: einfache und schnelle Montage dank Klick- und Direct Clip System, flexibel einsetzbar f\u00fcr grosse Fl\u00e4chen und unterschiedliche Statikanforderungen.","breadcrumb":{"@id":"https:\/\/rotex-metallbauteile.ch\/de\/montagesystem\/#breadcrumb"},"inLanguage":"de","potentialAction":[{"@type":"ReadAction","target":["https:\/\/rotex-metallbauteile.ch\/de\/montagesystem\/"]}]},{"@type":"ImageObject","inLanguage":"de","@id":"https:\/\/rotex-metallbauteile.ch\/de\/montagesystem\/#primaryimage","url":"https:\/\/rotex-metallbauteile.ch\/wp-content\/uploads\/duco-montage.gif","contentUrl":"https:\/\/rotex-metallbauteile.ch\/wp-content\/uploads\/duco-montage.gif"},{"@type":"BreadcrumbList","@id":"https:\/\/rotex-metallbauteile.ch\/de\/montagesystem\/#breadcrumb","itemListElement":[{"@type":"ListItem","position":1,"name":"Startseite","item":"https:\/\/rotex-metallbauteile.ch\/de\/"},{"@type":"ListItem","position":2,"name":"Montagesystem"}]},{"@type":"WebSite","@id":"https:\/\/rotex-metallbauteile.ch\/de\/#website","url":"https:\/\/rotex-metallbauteile.ch\/de\/","name":"Rotex Metallbauteile GmbH","description":"","publisher":{"@id":"https:\/\/rotex-metallbauteile.ch\/de\/#organization"},"potentialAction":[{"@type":"SearchAction","target":{"@type":"EntryPoint","urlTemplate":"https:\/\/rotex-metallbauteile.ch\/de\/?s={search_term_string}"},"query-input":{"@type":"PropertyValueSpecification","valueRequired":true,"valueName":"search_term_string"}}],"inLanguage":"de"},{"@type":"Organization","@id":"https:\/\/rotex-metallbauteile.ch\/de\/#organization","name":"Rotex Metallbauteile GmbH","url":"https:\/\/rotex-metallbauteile.ch\/de\/","logo":{"@type":"ImageObject","inLanguage":"de","@id":"https:\/\/rotex-metallbauteile.ch\/de\/#\/schema\/logo\/image\/","url":"https:\/\/rotex-metallbauteile.ch\/wp-content\/uploads\/logo_ohne_redbar.png","contentUrl":"https:\/\/rotex-metallbauteile.ch\/wp-content\/uploads\/logo_ohne_redbar.png","width":409,"height":126,"caption":"Rotex Metallbauteile GmbH"},"image":{"@id":"https:\/\/rotex-metallbauteile.ch\/de\/#\/schema\/logo\/image\/"},"sameAs":["https:\/\/www.linkedin.com\/company\/rotex-metallbauteile\/"]}]}},"_links":{"self":[{"href":"https:\/\/rotex-metallbauteile.ch\/de\/wp-json\/wp\/v2\/pages\/153","targetHints":{"allow":["GET"]}}],"collection":[{"href":"https:\/\/rotex-metallbauteile.ch\/de\/wp-json\/wp\/v2\/pages"}],"about":[{"href":"https:\/\/rotex-metallbauteile.ch\/de\/wp-json\/wp\/v2\/types\/page"}],"author":[{"embeddable":true,"href":"https:\/\/rotex-metallbauteile.ch\/de\/wp-json\/wp\/v2\/users\/1"}],"replies":[{"embeddable":true,"href":"https:\/\/rotex-metallbauteile.ch\/de\/wp-json\/wp\/v2\/comments?post=153"}],"version-history":[{"count":0,"href":"https:\/\/rotex-metallbauteile.ch\/de\/wp-json\/wp\/v2\/pages\/153\/revisions"}],"wp:attachment":[{"href":"https:\/\/rotex-metallbauteile.ch\/de\/wp-json\/wp\/v2\/media?parent=153"}],"curies":[{"name":"wp","href":"https:\/\/api.w.org\/{rel}","templated":true}]}}