{"id":112,"date":"2019-10-29T21:28:33","date_gmt":"2019-10-29T20:28:33","guid":{"rendered":"http:\/\/rotex-metallbauteile.ch\/?page_id=112"},"modified":"2026-04-28T14:35:25","modified_gmt":"2026-04-28T12:35:25","slug":"vollkernplatten","status":"publish","type":"page","link":"https:\/\/rotex-metallbauteile.ch\/de\/vollkernplatten\/","title":{"rendered":"Vollkernplatten"},"content":{"rendered":"\t\t<div data-elementor-type=\"wp-page\" data-elementor-id=\"112\" class=\"elementor elementor-112\" data-elementor-post-type=\"page\">\n\t\t\t\t\t\t<section class=\"has_ae_slider elementor-section elementor-top-section elementor-element elementor-element-2ce05946 elementor-section-full_width elementor-section-height-default elementor-section-height-default ae-bg-gallery-type-default\" data-id=\"2ce05946\" data-element_type=\"section\" data-e-type=\"section\">\n\t\t\t\t\t\t<div class=\"elementor-container elementor-column-gap-default\">\n\t\t\t\t\t<div class=\"has_ae_slider elementor-column elementor-col-33 elementor-top-column elementor-element elementor-element-299559dd ae-bg-gallery-type-default\" data-id=\"299559dd\" data-element_type=\"column\" data-e-type=\"column\">\n\t\t\t<div class=\"elementor-widget-wrap elementor-element-populated\">\n\t\t\t\t\t\t<div class=\"elementor-element elementor-element-785691eb elementor-cta--skin-cover elementor-cta--valign-top pmargindeleter elementor-bg-transform elementor-bg-transform-zoom-in elementor-widget elementor-widget-call-to-action\" data-id=\"785691eb\" data-element_type=\"widget\" data-e-type=\"widget\" data-widget_type=\"call-to-action.default\">\n\t\t\t\t<div class=\"elementor-widget-container\">\n\t\t\t\t\t\t\t<a class=\"elementor-cta\" href=\"\/fassadenplatten\/\">\n\t\t\t\t\t<div class=\"elementor-cta__bg-wrapper\">\n\t\t\t\t<div class=\"elementor-cta__bg elementor-bg\" style=\"background-image: url(https:\/\/rotex-metallbauteile.ch\/wp-content\/uploads\/schulungszentrum-4.jpg);\" role=\"img\" aria-label=\"Schulungszentrum Fassadenplatten Geb\u00e4udeeck\"><\/div>\n\t\t\t\t<div class=\"elementor-cta__bg-overlay\"><\/div>\n\t\t\t<\/div>\n\t\t\t\t\t\t\t<div class=\"elementor-cta__content\">\n\t\t\t\t\n\t\t\t\t\t\t\t\t\t<h2 class=\"elementor-cta__title elementor-cta__content-item elementor-content-item\">\n\t\t\t\t\t\tFassadenplatten\t\t\t\t\t<\/h2>\n\t\t\t\t\n\t\t\t\t\n\t\t\t\t\t\t\t<\/div>\n\t\t\t\t\t\t<\/a>\n\t\t\t\t\t\t<\/div>\n\t\t\t\t<\/div>\n\t\t\t\t\t<\/div>\n\t\t<\/div>\n\t\t\t\t<div class=\"has_ae_slider elementor-column elementor-col-33 elementor-top-column elementor-element elementor-element-77330a73 ae-bg-gallery-type-default\" data-id=\"77330a73\" data-element_type=\"column\" data-e-type=\"column\">\n\t\t\t<div class=\"elementor-widget-wrap elementor-element-populated\">\n\t\t\t\t\t\t<div class=\"elementor-element elementor-element-47fee903 elementor-cta--skin-cover elementor-cta--valign-top pmargindeleter elementor-bg-transform elementor-bg-transform-zoom-in elementor-widget elementor-widget-call-to-action\" data-id=\"47fee903\" data-element_type=\"widget\" data-e-type=\"widget\" data-widget_type=\"call-to-action.default\">\n\t\t\t\t<div class=\"elementor-widget-container\">\n\t\t\t\t\t\t\t<a class=\"elementor-cta\" href=\"\/balkonbodenplatten\/\">\n\t\t\t\t\t<div class=\"elementor-cta__bg-wrapper\">\n\t\t\t\t<div class=\"elementor-cta__bg elementor-bg\" style=\"background-image: url(https:\/\/rotex-metallbauteile.ch\/wp-content\/uploads\/lamicolor-1.jpg);\" role=\"img\" aria-label=\"Balkonbodenplatten Lamicolor\"><\/div>\n\t\t\t\t<div class=\"elementor-cta__bg-overlay\"><\/div>\n\t\t\t<\/div>\n\t\t\t\t\t\t\t<div class=\"elementor-cta__content\">\n\t\t\t\t\n\t\t\t\t\t\t\t\t\t<h2 class=\"elementor-cta__title elementor-cta__content-item elementor-content-item\">\n\t\t\t\t\t\tBalkonbodenplatten\t\t\t\t\t<\/h2>\n\t\t\t\t\n\t\t\t\t\n\t\t\t\t\t\t\t<\/div>\n\t\t\t\t\t\t<\/a>\n\t\t\t\t\t\t<\/div>\n\t\t\t\t<\/div>\n\t\t\t\t\t<\/div>\n\t\t<\/div>\n\t\t\t\t<div class=\"has_ae_slider elementor-column elementor-col-33 elementor-top-column elementor-element elementor-element-64b33659 ae-bg-gallery-type-default\" data-id=\"64b33659\" data-element_type=\"column\" data-e-type=\"column\">\n\t\t\t<div class=\"elementor-widget-wrap\">\n\t\t\t\t\t\t\t<\/div>\n\t\t<\/div>\n\t\t\t\t\t<\/div>\n\t\t<\/section>\n\t\t\t\t<\/div>\n\t\t","protected":false},"excerpt":{"rendered":"<p>&nbsp; Fassadenplatten &nbsp; Balkonbodenplatten &nbsp;<\/p>\n","protected":false},"author":1,"featured_media":0,"parent":0,"menu_order":0,"comment_status":"closed","ping_status":"closed","template":"","meta":{"_acf_changed":false,"inline_featured_image":false,"footnotes":""},"class_list":["post-112","page","type-page","status-publish"],"acf":[],"yoast_head":"<!-- This site is optimized with the Yoast SEO plugin v27.5 - https:\/\/yoast.com\/product\/yoast-seo-wordpress\/ -->\n<title>Vollkernplatten - Rotex Metallbauteile GmbH<\/title>\n<meta name=\"description\" content=\"Vollkernplatten f\u00fcr Fassaden, Balkon- und Innenanwendungen \u2013 robuste, witterungsbest\u00e4ndige HPL-Platten mit hoher Schlagfestigkeit, vielseitiger Gestaltung und langlebiger Qualit\u00e4t f\u00fcr moderne Bauprojekte.\" \/>\n<meta name=\"robots\" content=\"index, follow, max-snippet:-1, max-image-preview:large, max-video-preview:-1\" \/>\n<link rel=\"canonical\" href=\"https:\/\/rotex-metallbauteile.ch\/de\/vollkernplatten\/\" \/>\n<meta property=\"og:locale\" content=\"de_DE\" \/>\n<meta property=\"og:type\" content=\"article\" \/>\n<meta property=\"og:title\" content=\"Vollkernplatten - Rotex Metallbauteile GmbH\" \/>\n<meta property=\"og:description\" content=\"Vollkernplatten f\u00fcr Fassaden, Balkon- und Innenanwendungen \u2013 robuste, witterungsbest\u00e4ndige HPL-Platten mit hoher Schlagfestigkeit, vielseitiger Gestaltung und langlebiger Qualit\u00e4t f\u00fcr moderne Bauprojekte.\" \/>\n<meta property=\"og:url\" content=\"https:\/\/rotex-metallbauteile.ch\/de\/vollkernplatten\/\" \/>\n<meta property=\"og:site_name\" content=\"Rotex Metallbauteile GmbH\" \/>\n<meta property=\"article:modified_time\" content=\"2026-04-28T12:35:25+00:00\" \/>\n<meta name=\"twitter:card\" content=\"summary_large_image\" \/>\n<meta name=\"twitter:label1\" content=\"Gesch\u00e4tzte Lesezeit\" \/>\n\t<meta name=\"twitter:data1\" content=\"1\u00a0Minute\" \/>\n<script type=\"application\/ld+json\" class=\"yoast-schema-graph\">{\"@context\":\"https:\\\/\\\/schema.org\",\"@graph\":[{\"@type\":\"WebPage\",\"@id\":\"https:\\\/\\\/rotex-metallbauteile.ch\\\/de\\\/vollkernplatten\\\/\",\"url\":\"https:\\\/\\\/rotex-metallbauteile.ch\\\/de\\\/vollkernplatten\\\/\",\"name\":\"Vollkernplatten - Rotex Metallbauteile GmbH\",\"isPartOf\":{\"@id\":\"https:\\\/\\\/rotex-metallbauteile.ch\\\/de\\\/#website\"},\"datePublished\":\"2019-10-29T20:28:33+00:00\",\"dateModified\":\"2026-04-28T12:35:25+00:00\",\"description\":\"Vollkernplatten f\u00fcr Fassaden, Balkon- und Innenanwendungen \u2013 robuste, witterungsbest\u00e4ndige HPL-Platten mit hoher Schlagfestigkeit, vielseitiger Gestaltung und langlebiger Qualit\u00e4t f\u00fcr moderne Bauprojekte.\",\"breadcrumb\":{\"@id\":\"https:\\\/\\\/rotex-metallbauteile.ch\\\/de\\\/vollkernplatten\\\/#breadcrumb\"},\"inLanguage\":\"de\",\"potentialAction\":[{\"@type\":\"ReadAction\",\"target\":[\"https:\\\/\\\/rotex-metallbauteile.ch\\\/de\\\/vollkernplatten\\\/\"]}]},{\"@type\":\"BreadcrumbList\",\"@id\":\"https:\\\/\\\/rotex-metallbauteile.ch\\\/de\\\/vollkernplatten\\\/#breadcrumb\",\"itemListElement\":[{\"@type\":\"ListItem\",\"position\":1,\"name\":\"Startseite\",\"item\":\"https:\\\/\\\/rotex-metallbauteile.ch\\\/de\\\/\"},{\"@type\":\"ListItem\",\"position\":2,\"name\":\"Vollkernplatten\"}]},{\"@type\":\"WebSite\",\"@id\":\"https:\\\/\\\/rotex-metallbauteile.ch\\\/de\\\/#website\",\"url\":\"https:\\\/\\\/rotex-metallbauteile.ch\\\/de\\\/\",\"name\":\"Rotex Metallbauteile GmbH\",\"description\":\"\",\"publisher\":{\"@id\":\"https:\\\/\\\/rotex-metallbauteile.ch\\\/de\\\/#organization\"},\"potentialAction\":[{\"@type\":\"SearchAction\",\"target\":{\"@type\":\"EntryPoint\",\"urlTemplate\":\"https:\\\/\\\/rotex-metallbauteile.ch\\\/de\\\/?s={search_term_string}\"},\"query-input\":{\"@type\":\"PropertyValueSpecification\",\"valueRequired\":true,\"valueName\":\"search_term_string\"}}],\"inLanguage\":\"de\"},{\"@type\":\"Organization\",\"@id\":\"https:\\\/\\\/rotex-metallbauteile.ch\\\/de\\\/#organization\",\"name\":\"Rotex Metallbauteile GmbH\",\"url\":\"https:\\\/\\\/rotex-metallbauteile.ch\\\/de\\\/\",\"logo\":{\"@type\":\"ImageObject\",\"inLanguage\":\"de\",\"@id\":\"https:\\\/\\\/rotex-metallbauteile.ch\\\/de\\\/#\\\/schema\\\/logo\\\/image\\\/\",\"url\":\"https:\\\/\\\/rotex-metallbauteile.ch\\\/wp-content\\\/uploads\\\/logo_ohne_redbar.png\",\"contentUrl\":\"https:\\\/\\\/rotex-metallbauteile.ch\\\/wp-content\\\/uploads\\\/logo_ohne_redbar.png\",\"width\":409,\"height\":126,\"caption\":\"Rotex Metallbauteile GmbH\"},\"image\":{\"@id\":\"https:\\\/\\\/rotex-metallbauteile.ch\\\/de\\\/#\\\/schema\\\/logo\\\/image\\\/\"},\"sameAs\":[\"https:\\\/\\\/www.linkedin.com\\\/company\\\/rotex-metallbauteile\\\/\"]}]}<\/script>\n<!-- \/ Yoast SEO plugin. -->","yoast_head_json":{"title":"Vollkernplatten - Rotex Metallbauteile GmbH","description":"Vollkernplatten f\u00fcr Fassaden, Balkon- und Innenanwendungen \u2013 robuste, witterungsbest\u00e4ndige HPL-Platten mit hoher Schlagfestigkeit, vielseitiger Gestaltung und langlebiger Qualit\u00e4t f\u00fcr moderne Bauprojekte.","robots":{"index":"index","follow":"follow","max-snippet":"max-snippet:-1","max-image-preview":"max-image-preview:large","max-video-preview":"max-video-preview:-1"},"canonical":"https:\/\/rotex-metallbauteile.ch\/de\/vollkernplatten\/","og_locale":"de_DE","og_type":"article","og_title":"Vollkernplatten - Rotex Metallbauteile GmbH","og_description":"Vollkernplatten f\u00fcr Fassaden, Balkon- und Innenanwendungen \u2013 robuste, witterungsbest\u00e4ndige HPL-Platten mit hoher Schlagfestigkeit, vielseitiger Gestaltung und langlebiger Qualit\u00e4t f\u00fcr moderne Bauprojekte.","og_url":"https:\/\/rotex-metallbauteile.ch\/de\/vollkernplatten\/","og_site_name":"Rotex Metallbauteile GmbH","article_modified_time":"2026-04-28T12:35:25+00:00","twitter_card":"summary_large_image","twitter_misc":{"Gesch\u00e4tzte Lesezeit":"1\u00a0Minute"},"schema":{"@context":"https:\/\/schema.org","@graph":[{"@type":"WebPage","@id":"https:\/\/rotex-metallbauteile.ch\/de\/vollkernplatten\/","url":"https:\/\/rotex-metallbauteile.ch\/de\/vollkernplatten\/","name":"Vollkernplatten - Rotex Metallbauteile GmbH","isPartOf":{"@id":"https:\/\/rotex-metallbauteile.ch\/de\/#website"},"datePublished":"2019-10-29T20:28:33+00:00","dateModified":"2026-04-28T12:35:25+00:00","description":"Vollkernplatten f\u00fcr Fassaden, Balkon- und Innenanwendungen \u2013 robuste, witterungsbest\u00e4ndige HPL-Platten mit hoher Schlagfestigkeit, vielseitiger Gestaltung und langlebiger Qualit\u00e4t f\u00fcr moderne Bauprojekte.","breadcrumb":{"@id":"https:\/\/rotex-metallbauteile.ch\/de\/vollkernplatten\/#breadcrumb"},"inLanguage":"de","potentialAction":[{"@type":"ReadAction","target":["https:\/\/rotex-metallbauteile.ch\/de\/vollkernplatten\/"]}]},{"@type":"BreadcrumbList","@id":"https:\/\/rotex-metallbauteile.ch\/de\/vollkernplatten\/#breadcrumb","itemListElement":[{"@type":"ListItem","position":1,"name":"Startseite","item":"https:\/\/rotex-metallbauteile.ch\/de\/"},{"@type":"ListItem","position":2,"name":"Vollkernplatten"}]},{"@type":"WebSite","@id":"https:\/\/rotex-metallbauteile.ch\/de\/#website","url":"https:\/\/rotex-metallbauteile.ch\/de\/","name":"Rotex Metallbauteile GmbH","description":"","publisher":{"@id":"https:\/\/rotex-metallbauteile.ch\/de\/#organization"},"potentialAction":[{"@type":"SearchAction","target":{"@type":"EntryPoint","urlTemplate":"https:\/\/rotex-metallbauteile.ch\/de\/?s={search_term_string}"},"query-input":{"@type":"PropertyValueSpecification","valueRequired":true,"valueName":"search_term_string"}}],"inLanguage":"de"},{"@type":"Organization","@id":"https:\/\/rotex-metallbauteile.ch\/de\/#organization","name":"Rotex Metallbauteile GmbH","url":"https:\/\/rotex-metallbauteile.ch\/de\/","logo":{"@type":"ImageObject","inLanguage":"de","@id":"https:\/\/rotex-metallbauteile.ch\/de\/#\/schema\/logo\/image\/","url":"https:\/\/rotex-metallbauteile.ch\/wp-content\/uploads\/logo_ohne_redbar.png","contentUrl":"https:\/\/rotex-metallbauteile.ch\/wp-content\/uploads\/logo_ohne_redbar.png","width":409,"height":126,"caption":"Rotex Metallbauteile GmbH"},"image":{"@id":"https:\/\/rotex-metallbauteile.ch\/de\/#\/schema\/logo\/image\/"},"sameAs":["https:\/\/www.linkedin.com\/company\/rotex-metallbauteile\/"]}]}},"_links":{"self":[{"href":"https:\/\/rotex-metallbauteile.ch\/de\/wp-json\/wp\/v2\/pages\/112","targetHints":{"allow":["GET"]}}],"collection":[{"href":"https:\/\/rotex-metallbauteile.ch\/de\/wp-json\/wp\/v2\/pages"}],"about":[{"href":"https:\/\/rotex-metallbauteile.ch\/de\/wp-json\/wp\/v2\/types\/page"}],"author":[{"embeddable":true,"href":"https:\/\/rotex-metallbauteile.ch\/de\/wp-json\/wp\/v2\/users\/1"}],"replies":[{"embeddable":true,"href":"https:\/\/rotex-metallbauteile.ch\/de\/wp-json\/wp\/v2\/comments?post=112"}],"version-history":[{"count":0,"href":"https:\/\/rotex-metallbauteile.ch\/de\/wp-json\/wp\/v2\/pages\/112\/revisions"}],"wp:attachment":[{"href":"https:\/\/rotex-metallbauteile.ch\/de\/wp-json\/wp\/v2\/media?parent=112"}],"curies":[{"name":"wp","href":"https:\/\/api.w.org\/{rel}","templated":true}]}}